{"id":1025,"date":"2022-04-10T21:12:56","date_gmt":"2022-04-10T21:12:56","guid":{"rendered":"https:\/\/forbetterbeing.com\/?page_id=1025"},"modified":"2025-12-07T20:35:18","modified_gmt":"2025-12-07T20:35:18","slug":"calendrier","status":"publish","type":"page","link":"https:\/\/forbetterbeing.com\/index.php\/fr\/calendrier\/","title":{"rendered":"Calendrier\ufffc"},"content":{"rendered":"\n<h2 class=\"wp-block-heading\" id=\"Calendrier_Fr\">Calendrier<\/h2>\n\n\n\n<h2 class=\"wp-block-heading\"><strong>Yoga&nbsp;: Zoom et pr\u00e9sentiel<\/strong><\/h2>\n\n\n\n<ul class=\"wp-block-list\">\n<li><strong><u>Yoga\u00a0pour les athl\u00e8tes<\/u><\/strong>, lundi 10-11h,\u00a0Elite Physical Therapy, USA<\/li>\n\n\n\n<li><strong><u>Mouvements th\u00e9rapeutiques,\u00a0<\/u><\/strong>mardi\u00a013h-14,\u00a0Elite Physical Therapy, USA<\/li>\n\n\n\n<li><strong><u>Zoom Yoga II\/III pour les athl\u00e8tes<\/u><\/strong>, mercredi 19h-2015h (heure FR)<\/li>\n\n\n\n<li><strong><u>Zoom\u00a0<\/u><\/strong><strong><u>Hatha Yoga I\/II,\u00a0<\/u><\/strong>jeudi 18h30-19h45\u00a0(heure FR)<\/li>\n\n\n\n<li><strong><u>M\u00e9ditation et mouvements en plein conscience,\u00a0<\/u><\/strong>\u00a0Conf\u00e9rences Zoom ponctuelles, Outils de gestion du stress pour les humanitaires de l\u2019ONU<\/li>\n<\/ul>\n\n\n\n<h2 class=\"wp-block-heading\" id=\"Tarifs_Fr\"><strong>Tarifs<\/strong><\/h2>\n\n\n\n<h3 class=\"wp-block-heading\"><strong>Massage&nbsp;<\/strong>:<\/h3>\n\n\n\n<div class=\"wp-block-columns is-layout-flex wp-container-core-columns-is-layout-9d6595d7 wp-block-columns-is-layout-flex\">\n<div class=\"wp-block-column is-layout-flow wp-block-column-is-layout-flow\" style=\"flex-basis:66.66%\">\n<ul class=\"wp-block-list\">\n<li>Bilan\/\u00e9valuation initiale et massage, environ 1h30, 75 euros<\/li>\n\n\n\n<li>Massage, 60 minutes, 65 euros<\/li>\n\n\n\n<li>Massage, 90 minutes, 85 euros<\/li>\n\n\n\n<li>Massage \u00e0 domicile, 90 minutes, nous contacter<\/li>\n\n\n\n<li>Massage de suivi en cas de blessure 20 \u00e0 30 minutes 35 euros (Ce service est r\u00e9serv\u00e9 aux clients ayant d\u00e9j\u00e0 eu bilan et massage)<\/li>\n<\/ul>\n<\/div>\n\n\n\n<div class=\"wp-block-column is-layout-flow wp-block-column-is-layout-flow\" style=\"flex-basis:33.33%\">\n<figure class=\"wp-block-image size-full is-resized\"><a href=\"https:\/\/forbetterbeing.com\/wp-content\/uploads\/2022\/04\/colo.jpg\"><img loading=\"lazy\" decoding=\"async\" width=\"100\" height=\"125\" src=\"https:\/\/forbetterbeing.com\/wp-content\/uploads\/2022\/04\/colo.jpg\" alt=\"\" class=\"wp-image-1012\"\/><\/a><\/figure>\n<\/div>\n<\/div>\n\n\n\n<p><strong>Annulations\u00a0:\u00a0<\/strong>Tout rendez-vous annul\u00e9 au dernier moment ou oubli\u00e9 fera l\u2019objet d\u2019un cadeau \u00e0 votre guise (plante, fleurs, bougies\u2026) pour votre praticienne.\u00a0Ceci afin de lui remonter le moral et lui permettre d\u2019oublier qu\u2019elle aurait pu soigner un autre patient \u00e0 votre place\u00a0\ud83d\ude42<\/p>\n\n\n\n<h3 class=\"wp-block-heading\"><strong>Yoga&nbsp;:<\/strong><\/h3>\n\n\n\n<p><strong>Les prix sont les m\u00eames pour les cours en pr\u00e9sentiel ou en Zoom<\/strong><\/p>\n\n\n\n<ul class=\"wp-block-list\">\n<li>1 cours collectif (pas plus de 12 \u00e9l\u00e8ves), 15 euros<\/li>\n\n\n\n<li>1 mois, 1 cours collectif par semaine avec possibilit\u00e9 de rattrapage dans le m\u00eame mois ou d\u2019enregistrement Zoom, 40 euros<\/li>\n\n\n\n<li>1 cours priv\u00e9, 60 euros<\/li>\n<\/ul>\n\n\n\n<p><\/p>\n","protected":false},"excerpt":{"rendered":"<p>Calendrier Yoga&nbsp;: Zoom et pr\u00e9sentiel Tarifs Massage&nbsp;: Annulations\u00a0:\u00a0Tout rendez-vous annul\u00e9 au dernier moment ou oubli\u00e9 fera l\u2019objet d\u2019un cadeau \u00e0 votre guise (plante, fleurs, bougies\u2026) pour votre praticienne.\u00a0Ceci afin de lui remonter le moral et lui permettre d\u2019oublier qu\u2019elle aurait pu soigner un autre patient \u00e0 votre place\u00a0\ud83d\ude42 Yoga&nbsp;: Les prix sont les m\u00eames pour &hellip; <a href=\"https:\/\/forbetterbeing.com\/index.php\/fr\/calendrier\/\" class=\"more-link\">Continue reading <span class=\"screen-reader-text\">Calendrier\ufffc<\/span> <span class=\"meta-nav\">&rarr;<\/span><\/a><\/p>\n","protected":false},"author":1,"featured_media":0,"parent":0,"menu_order":0,"comment_status":"closed","ping_status":"closed","template":"","meta":{"footnotes":""},"class_list":["post-1025","page","type-page","status-publish","hentry"],"yoast_head":"<!-- This site is optimized with the Yoast SEO plugin v27.3 - https:\/\/yoast.com\/product\/yoast-seo-wordpress\/ -->\n<title>Calendrier\ufffc - Mieux \u00eatre<\/title>\n<meta name=\"robots\" content=\"index, follow, max-snippet:-1, max-image-preview:large, max-video-preview:-1\" \/>\n<link rel=\"canonical\" href=\"https:\/\/forbetterbeing.com\/index.php\/fr\/calendrier\/\" \/>\n<meta property=\"og:locale\" content=\"en_US\" \/>\n<meta property=\"og:type\" content=\"article\" \/>\n<meta property=\"og:title\" content=\"Calendrier\ufffc - Mieux \u00eatre\" \/>\n<meta property=\"og:url\" content=\"https:\/\/forbetterbeing.com\/index.php\/fr\/calendrier\/\" \/>\n<meta property=\"og:site_name\" content=\"Mieux \u00eatre\" \/>\n<meta property=\"article:modified_time\" content=\"2025-12-07T20:35:18+00:00\" \/>\n<meta property=\"og:image\" content=\"https:\/\/forbetterbeing.com\/wp-content\/uploads\/2022\/04\/colo.jpg\" \/>\n\t<meta property=\"og:image:width\" content=\"100\" \/>\n\t<meta property=\"og:image:height\" content=\"125\" \/>\n\t<meta property=\"og:image:type\" content=\"image\/jpeg\" \/>\n<meta name=\"twitter:card\" content=\"summary_large_image\" \/>\n<meta name=\"twitter:label1\" content=\"Est. reading time\" \/>\n\t<meta name=\"twitter:data1\" content=\"2 minutes\" \/>\n<script type=\"application\/ld+json\" class=\"yoast-schema-graph\">{\"@context\":\"https:\\\/\\\/schema.org\",\"@graph\":[{\"@type\":\"WebPage\",\"@id\":\"https:\\\/\\\/forbetterbeing.com\\\/index.php\\\/fr\\\/calendrier\\\/\",\"url\":\"https:\\\/\\\/forbetterbeing.com\\\/index.php\\\/fr\\\/calendrier\\\/\",\"name\":\"Calendrier\ufffc - Mieux \u00eatre\",\"isPartOf\":{\"@id\":\"https:\\\/\\\/forbetterbeing.com\\\/#website\"},\"primaryImageOfPage\":{\"@id\":\"https:\\\/\\\/forbetterbeing.com\\\/index.php\\\/fr\\\/calendrier\\\/#primaryimage\"},\"image\":{\"@id\":\"https:\\\/\\\/forbetterbeing.com\\\/index.php\\\/fr\\\/calendrier\\\/#primaryimage\"},\"thumbnailUrl\":\"https:\\\/\\\/forbetterbeing.com\\\/wp-content\\\/uploads\\\/2022\\\/04\\\/colo.jpg\",\"datePublished\":\"2022-04-10T21:12:56+00:00\",\"dateModified\":\"2025-12-07T20:35:18+00:00\",\"breadcrumb\":{\"@id\":\"https:\\\/\\\/forbetterbeing.com\\\/index.php\\\/fr\\\/calendrier\\\/#breadcrumb\"},\"inLanguage\":\"en-US\",\"potentialAction\":[{\"@type\":\"ReadAction\",\"target\":[\"https:\\\/\\\/forbetterbeing.com\\\/index.php\\\/fr\\\/calendrier\\\/\"]}]},{\"@type\":\"ImageObject\",\"inLanguage\":\"en-US\",\"@id\":\"https:\\\/\\\/forbetterbeing.com\\\/index.php\\\/fr\\\/calendrier\\\/#primaryimage\",\"url\":\"https:\\\/\\\/forbetterbeing.com\\\/wp-content\\\/uploads\\\/2022\\\/04\\\/colo.jpg\",\"contentUrl\":\"https:\\\/\\\/forbetterbeing.com\\\/wp-content\\\/uploads\\\/2022\\\/04\\\/colo.jpg\",\"width\":100,\"height\":125},{\"@type\":\"BreadcrumbList\",\"@id\":\"https:\\\/\\\/forbetterbeing.com\\\/index.php\\\/fr\\\/calendrier\\\/#breadcrumb\",\"itemListElement\":[{\"@type\":\"ListItem\",\"position\":1,\"name\":\"Home\",\"item\":\"https:\\\/\\\/forbetterbeing.com\\\/index.php\\\/en\\\/home\\\/\"},{\"@type\":\"ListItem\",\"position\":2,\"name\":\"Calendrier\ufffc\"}]},{\"@type\":\"WebSite\",\"@id\":\"https:\\\/\\\/forbetterbeing.com\\\/#website\",\"url\":\"https:\\\/\\\/forbetterbeing.com\\\/\",\"name\":\"Mieux \u00eatre\",\"description\":\"Massage, Yoga, Mindfulness\",\"publisher\":{\"@id\":\"https:\\\/\\\/forbetterbeing.com\\\/#\\\/schema\\\/person\\\/a726b0b7f0859b6cbd3e347c25a08642\"},\"potentialAction\":[{\"@type\":\"SearchAction\",\"target\":{\"@type\":\"EntryPoint\",\"urlTemplate\":\"https:\\\/\\\/forbetterbeing.com\\\/?s={search_term_string}\"},\"query-input\":{\"@type\":\"PropertyValueSpecification\",\"valueRequired\":true,\"valueName\":\"search_term_string\"}}],\"inLanguage\":\"en-US\"},{\"@type\":[\"Person\",\"Organization\"],\"@id\":\"https:\\\/\\\/forbetterbeing.com\\\/#\\\/schema\\\/person\\\/a726b0b7f0859b6cbd3e347c25a08642\",\"name\":\"wingedprincess\",\"image\":{\"@type\":\"ImageObject\",\"inLanguage\":\"en-US\",\"@id\":\"https:\\\/\\\/secure.gravatar.com\\\/avatar\\\/4f237bb229c5fccbb1ce1a6c89dd0f1852cc8b6a835b0aa52fbd0ba65345127d?s=96&d=mm&r=g\",\"url\":\"https:\\\/\\\/secure.gravatar.com\\\/avatar\\\/4f237bb229c5fccbb1ce1a6c89dd0f1852cc8b6a835b0aa52fbd0ba65345127d?s=96&d=mm&r=g\",\"contentUrl\":\"https:\\\/\\\/secure.gravatar.com\\\/avatar\\\/4f237bb229c5fccbb1ce1a6c89dd0f1852cc8b6a835b0aa52fbd0ba65345127d?s=96&d=mm&r=g\",\"caption\":\"wingedprincess\"},\"logo\":{\"@id\":\"https:\\\/\\\/secure.gravatar.com\\\/avatar\\\/4f237bb229c5fccbb1ce1a6c89dd0f1852cc8b6a835b0aa52fbd0ba65345127d?s=96&d=mm&r=g\"}}]}<\/script>\n<!-- \/ Yoast SEO plugin. -->","yoast_head_json":{"title":"Calendrier\ufffc - Mieux \u00eatre","robots":{"index":"index","follow":"follow","max-snippet":"max-snippet:-1","max-image-preview":"max-image-preview:large","max-video-preview":"max-video-preview:-1"},"canonical":"https:\/\/forbetterbeing.com\/index.php\/fr\/calendrier\/","og_locale":"en_US","og_type":"article","og_title":"Calendrier\ufffc - Mieux \u00eatre","og_url":"https:\/\/forbetterbeing.com\/index.php\/fr\/calendrier\/","og_site_name":"Mieux \u00eatre","article_modified_time":"2025-12-07T20:35:18+00:00","og_image":[{"width":100,"height":125,"url":"https:\/\/forbetterbeing.com\/wp-content\/uploads\/2022\/04\/colo.jpg","type":"image\/jpeg"}],"twitter_card":"summary_large_image","twitter_misc":{"Est. reading time":"2 minutes"},"schema":{"@context":"https:\/\/schema.org","@graph":[{"@type":"WebPage","@id":"https:\/\/forbetterbeing.com\/index.php\/fr\/calendrier\/","url":"https:\/\/forbetterbeing.com\/index.php\/fr\/calendrier\/","name":"Calendrier\ufffc - Mieux \u00eatre","isPartOf":{"@id":"https:\/\/forbetterbeing.com\/#website"},"primaryImageOfPage":{"@id":"https:\/\/forbetterbeing.com\/index.php\/fr\/calendrier\/#primaryimage"},"image":{"@id":"https:\/\/forbetterbeing.com\/index.php\/fr\/calendrier\/#primaryimage"},"thumbnailUrl":"https:\/\/forbetterbeing.com\/wp-content\/uploads\/2022\/04\/colo.jpg","datePublished":"2022-04-10T21:12:56+00:00","dateModified":"2025-12-07T20:35:18+00:00","breadcrumb":{"@id":"https:\/\/forbetterbeing.com\/index.php\/fr\/calendrier\/#breadcrumb"},"inLanguage":"en-US","potentialAction":[{"@type":"ReadAction","target":["https:\/\/forbetterbeing.com\/index.php\/fr\/calendrier\/"]}]},{"@type":"ImageObject","inLanguage":"en-US","@id":"https:\/\/forbetterbeing.com\/index.php\/fr\/calendrier\/#primaryimage","url":"https:\/\/forbetterbeing.com\/wp-content\/uploads\/2022\/04\/colo.jpg","contentUrl":"https:\/\/forbetterbeing.com\/wp-content\/uploads\/2022\/04\/colo.jpg","width":100,"height":125},{"@type":"BreadcrumbList","@id":"https:\/\/forbetterbeing.com\/index.php\/fr\/calendrier\/#breadcrumb","itemListElement":[{"@type":"ListItem","position":1,"name":"Home","item":"https:\/\/forbetterbeing.com\/index.php\/en\/home\/"},{"@type":"ListItem","position":2,"name":"Calendrier\ufffc"}]},{"@type":"WebSite","@id":"https:\/\/forbetterbeing.com\/#website","url":"https:\/\/forbetterbeing.com\/","name":"Mieux \u00eatre","description":"Massage, Yoga, Mindfulness","publisher":{"@id":"https:\/\/forbetterbeing.com\/#\/schema\/person\/a726b0b7f0859b6cbd3e347c25a08642"},"potentialAction":[{"@type":"SearchAction","target":{"@type":"EntryPoint","urlTemplate":"https:\/\/forbetterbeing.com\/?s={search_term_string}"},"query-input":{"@type":"PropertyValueSpecification","valueRequired":true,"valueName":"search_term_string"}}],"inLanguage":"en-US"},{"@type":["Person","Organization"],"@id":"https:\/\/forbetterbeing.com\/#\/schema\/person\/a726b0b7f0859b6cbd3e347c25a08642","name":"wingedprincess","image":{"@type":"ImageObject","inLanguage":"en-US","@id":"https:\/\/secure.gravatar.com\/avatar\/4f237bb229c5fccbb1ce1a6c89dd0f1852cc8b6a835b0aa52fbd0ba65345127d?s=96&d=mm&r=g","url":"https:\/\/secure.gravatar.com\/avatar\/4f237bb229c5fccbb1ce1a6c89dd0f1852cc8b6a835b0aa52fbd0ba65345127d?s=96&d=mm&r=g","contentUrl":"https:\/\/secure.gravatar.com\/avatar\/4f237bb229c5fccbb1ce1a6c89dd0f1852cc8b6a835b0aa52fbd0ba65345127d?s=96&d=mm&r=g","caption":"wingedprincess"},"logo":{"@id":"https:\/\/secure.gravatar.com\/avatar\/4f237bb229c5fccbb1ce1a6c89dd0f1852cc8b6a835b0aa52fbd0ba65345127d?s=96&d=mm&r=g"}}]}},"_links":{"self":[{"href":"https:\/\/forbetterbeing.com\/index.php\/wp-json\/wp\/v2\/pages\/1025","targetHints":{"allow":["GET"]}}],"collection":[{"href":"https:\/\/forbetterbeing.com\/index.php\/wp-json\/wp\/v2\/pages"}],"about":[{"href":"https:\/\/forbetterbeing.com\/index.php\/wp-json\/wp\/v2\/types\/page"}],"author":[{"embeddable":true,"href":"https:\/\/forbetterbeing.com\/index.php\/wp-json\/wp\/v2\/users\/1"}],"replies":[{"embeddable":true,"href":"https:\/\/forbetterbeing.com\/index.php\/wp-json\/wp\/v2\/comments?post=1025"}],"version-history":[{"count":15,"href":"https:\/\/forbetterbeing.com\/index.php\/wp-json\/wp\/v2\/pages\/1025\/revisions"}],"predecessor-version":[{"id":1153,"href":"https:\/\/forbetterbeing.com\/index.php\/wp-json\/wp\/v2\/pages\/1025\/revisions\/1153"}],"wp:attachment":[{"href":"https:\/\/forbetterbeing.com\/index.php\/wp-json\/wp\/v2\/media?parent=1025"}],"curies":[{"name":"wp","href":"https:\/\/api.w.org\/{rel}","templated":true}]}}