{"id":1074,"date":"2022-04-17T15:50:15","date_gmt":"2022-04-17T15:50:15","guid":{"rendered":"https:\/\/forbetterbeing.com\/?page_id=1074"},"modified":"2022-04-17T16:00:43","modified_gmt":"2022-04-17T16:00:43","slug":"education-et-formation-continue","status":"publish","type":"page","link":"https:\/\/forbetterbeing.com\/index.php\/fr\/education-et-formation-continue\/","title":{"rendered":"\u00c9DUCATION et FORMATION CONTINUE\ufffc"},"content":{"rendered":"\n<p><strong>1) Physioth\u00e9rapie et massage&nbsp;&nbsp;<\/strong><\/p>\n\n\n\n<ul class=\"wp-block-list\"><li><strong>Maitrise de<\/strong>&nbsp;<strong>Physiologie de l\u2019Exercice et de Physioth\u00e9rapie<\/strong>, Irvine, Californie, USA, 1994<\/li><li>Dipl\u00f4me de&nbsp;<strong>Massoth\u00e9rapeute Sportif \/Physioth\u00e9rapeute Sportif<\/strong>&nbsp;(Sports Massage therapist, Sports Physiotherapist), 1000 heures + 500 heures cliniques, Dr. Hungerford, The Sports Massage Training Institute, Californie, USA, 2000. &nbsp;Premi\u00e8re de promotion&nbsp;<\/li><li>Dipl\u00f4me de&nbsp;<strong>Massoth\u00e9rapeute Certifi\u00e9<\/strong>&nbsp;(Certified Massage Therapist), 1000 heures, American Institute of Massage Therapy, Californie, USA, 2000. Premi\u00e8re de promotion&nbsp;<\/li><li>Techniques d\u2019<strong>\u00e9tirements actifs pour des sports sp\u00e9cifiques<\/strong>, Californie, USA, 2001<\/li><li>Dipl\u00f4me de&nbsp;<strong>Massage Neuromusculaire pour les athl\u00e8tes<\/strong>, Californie, USA, 2002<\/li><li>Dipl\u00f4me de&nbsp;<strong>Massage Lomi Lomi<\/strong>, Hawaii, USA, 2002<\/li><li>Dipl\u00f4me de&nbsp;<strong>Myoskeletal Therapy,<\/strong>&nbsp;Erik Dalton, Californie, USA, 2003<\/li><li>Dipl\u00f4me de&nbsp;<strong>Feldenkrais, conscience par le mouvement<\/strong>, Californie, USA, 2003<\/li><li>Dipl\u00f4me de&nbsp;Massage pierres chaudes et<strong>&nbsp;cryoth\u00e9rapie pierres froides<\/strong>, USA, 2003<\/li><li>Dipl\u00f4me de Reiki 1er degr\u00e9, Californie, USA, 2004<\/li><li>Dipl\u00f4me de&nbsp;<strong>Massage myofascial<\/strong>&nbsp;(myofascial release), J.F. Barnes, Hawaii, USA, 2004<\/li><li>Dipl\u00f4me de<strong>&nbsp;Massage neuromusculaire&nbsp;: Active Release Technique, ART<\/strong>, colonne vert\u00e9brale, membres inf\u00e9rieurs, membres sup\u00e9rieurs, Californie, USA, 2005-2006<\/li><li><strong>Dipl\u00f4me de Reiki 2\u00e8me degr\u00e9<\/strong>, Californie, USA, 2005<\/li><li>Internat et&nbsp;<strong>stage clinique de deux ans en<\/strong>&nbsp;<strong>Int\u00e9gration structurale \/ Rolfing<\/strong>, avec le ma\u00eetre Rolfer Victor Geberin, Californie, USA, 2006-2007<\/li><li>Dipl\u00f4me de<strong>&nbsp;Tha\u00ef Yoga Massage et Massage Ayurv\u00e9dique Niveau 6<\/strong>, programme sur trois ans, Kam Thye Chow, Lotus Palm School of Thai Yoga Massage, Montr\u00e9al, Canada, 2007, 2008, 2009<\/li><li>Dipl\u00f4me de&nbsp;<strong>Th\u00e9rapeute Orthop\u00e9dique<\/strong>&nbsp;<strong>Clinique,<\/strong>&nbsp;bassin, colonne vert\u00e9brale et squelette appendiculaire inf\u00e9rieur, Dr. Muscolino, Connecticut, USA, 2015<\/li><li>Dipl\u00f4me de<strong>&nbsp;Th\u00e9rapeute Orthop\u00e9dique<\/strong>&nbsp;<strong>Clinique&nbsp;<\/strong>squelette appendiculaire sup\u00e9rieur, \u00e9paules et bras, Dr. Muscolino, Connecticut, USA, 2016<\/li><\/ul>\n\n\n\n<p><strong>2) Yoga, neurosciences et Mindfulness<\/strong><\/p>\n\n\n\n<ul class=\"wp-block-list\"><li>Depuis 1991, \u00e9tude et pratique de diff\u00e9rents styles d\u2019Hatha Yoga: Ashtanga, Iyengar, Vinyasa, Viniyoga, Flow, Anusara, Yin Yoga, Restorative et Kundalini aux Etats Unis, en Inde et au Nepal.<\/li><li>Stage intensif de&nbsp;<strong>Yoga avec BKS Iyengar<\/strong>, Colorado USA, 2005<\/li><li>Dipl\u00f4me de&nbsp;<strong>professeur d\u2019Hatha Yoga<\/strong>&nbsp;(Certified Hatha Yoga Teacher), 1000 heures, Synergie Yoga, Peri Ness, Encinitas, Californie, USA, 2006<\/li><li>Dipl\u00f4me de<strong>&nbsp;professeur d\u2019Hatha Yoga, Yoga Alliance RYT-500,&nbsp;<\/strong>2006<\/li><li>Stage dipl\u00f4mant Ayurveda et Yoga, Dr. Shresta, Californie, USA, 2008<\/li><li>Formation en&nbsp;<strong>Ashtanga Yoga<\/strong>, Tim Miller, Californie, USA, 2008<\/li><li>Dipl\u00f4me de<strong>&nbsp;Professeur de Yoga Iyengar&nbsp;<\/strong>(Iyengar Yoga Teacher Training), Dr. Cole, Californie, USA, 2009<\/li><li>Dipl\u00f4me de<strong>&nbsp;professeur de Flow Yoga<\/strong>, Ganga White, Californie, USA, 2009<\/li><li>Formation intensive&nbsp;<strong>Anatomie du Yoga<\/strong>&nbsp;(Yoga Anatomy Intensive), Dr. Cole, Iyengar Yoga, Californie, USA, 2010<\/li><li>Ashtanga Yoga pour le dos, le bassin et les hanches, Noah Maze, Californie, USA, 2010<\/li><li>L\u2019art de l\u2019\u00e9quilibre, Dr. Cole, Iyengar Yoga, Milan, Italie, 2012<\/li><li>De la peur de l\u2019amour, David Sye, Milan, Italie, 2012<\/li><li>Hatha Yoga&nbsp;: pratique d\u2019adaptation, Giovanni Formisano, Milan, Italie, 2012<\/li><li><strong>Yoga et Neuroscience<\/strong>, Bo Forbes, \u00c9tats-Unis, 2012-2014<\/li><li><strong>Ayuryoga<\/strong>, Dr. Lad,&nbsp;Institut Ayurv\u00e9dique, Albuquerque, New Mexico, USA, 2012 et Inde<\/li><li><strong>La physiologie du sommeil<\/strong>, Dr. Cole, Iyengar Yoga, Londres, UK, 2013<\/li><li>Iyengar Yoga&nbsp;: puissance et pr\u00e9cision, Dr. Cole, Iyengar Yoga, Californie, USA, 2013<\/li><li>Anatomie de la respiration\/Pranayama, Doug Keller, Californie, USA, 2013<\/li><li>Dipl\u00f4me de&nbsp;<strong>Kin\u00e9siologie du Yoga<\/strong>, Gil Solberg, USA, 2014<\/li><li>Dipl\u00f4me de professeur de&nbsp;<strong>Yoga Therapy<\/strong>:&nbsp;<strong>Yoga as Medicine<\/strong>&nbsp;(YAM),&nbsp;<strong>niveaux 1 et 2<\/strong>, et stage clinique pratique, Dr Mc Call, Copenhague, DK, et USA, 2014<\/li><li>Principes du&nbsp;<strong>Feldenkrais&nbsp;: mouvements th\u00e9rapeutiques en pleine conscience<\/strong>, Roland Matthews, CA, USA, 2014, 2015, 2017<\/li><li>Dipl\u00f4me&nbsp;de<strong>&nbsp;professeur d\u2019Hatha Yoga expert,<\/strong>&nbsp;Yoga Alliance (Experienced Hatha Yoga Teacher),&nbsp;<strong>E-RYT500,&nbsp;<\/strong>2015<\/li><li>Yoga: La sant\u00e9 par le mouvement et la qui\u00e9tude, Doug Keller, Californie, USA, 2015<\/li><li>Iyengar Yoga&nbsp;: Observations et ajustements th\u00e9rapeutiques, Dr. Cole, CA, USA, 2015<\/li><li><strong>Iyengar Yoga&nbsp;: S\u00e9quences th\u00e9rapeutiques<\/strong>, Dr. Cole, CA, USA, 2015<\/li><li>Dipl\u00f4me de professeur de&nbsp;<strong>Mindfuness\/Pleine Conscience<\/strong>, Dr. Conklin, Californie, USA, 2016<\/li><li>Dipl\u00f4me de&nbsp;<strong>professeur de Restorative Yoga&nbsp;<\/strong>:&nbsp;physiologie et pratique, Iyengar Yoga, Dr. Cole, Californie, USA, 2016<\/li><li><strong>Iyengar Yoga&nbsp;: Utilisation des accessoires<\/strong>, Dr. Cole, Californie, USA, 2016<\/li><li>Anatomie et physiologie de la respiration et de ses effets sur la colonne vert\u00e9brale (<strong>Breath centered yoga<\/strong>), Leslie Kaminoff, Californie, USA, 2016<\/li><li>Dipl\u00f4me de&nbsp;<strong>Prestataire Certifi\u00e9e en Education Continue, Yoga Alliance<\/strong>&nbsp;(Yoga Alliance Certified Continuing Education provider),&nbsp;<strong>YACEP<\/strong>, 2016<\/li><li>Stage intensif de&nbsp;<strong>Yin Yoga<\/strong>, Bruxelles, Belgique 2019<\/li><li>TCTSY Trauma Center Trauma sensitive yoga, David Emerson, 2021<\/li><li><strong>Yoga sensible aux traumatismes<\/strong>, Janvier 2021, Nations Unies<\/li><\/ul>\n\n\n\n<p><strong>3) Ayurveda<\/strong><\/p>\n\n\n\n<ul class=\"wp-block-list\"><li>Dipl\u00f4me de Tha\u00ef Yoga Massage et&nbsp;<strong>Massage Ayurv\u00e9dique Niveau 6<\/strong>, programme sur trois ans, Kam Thye Chow, Lotus Palm School of Thai Yoga Massage, Montr\u00e9al, Canada, 2007, 2008, 2009<\/li><li>Stage dipl\u00f4mant&nbsp;<strong>Ayurveda et Yoga<\/strong>, Dr. Shresta, Californie, USA, 2008<\/li><li>Dipl\u00f4me de&nbsp;<strong>Conseill\u00e8re de&nbsp;Sant\u00e9&nbsp;selon l\u2019Ayurveda<\/strong>&nbsp;(Ayurvedic Lifestyle Counselor), programme intensif sur un an, Mount Madonna Institute, Santa Cruz, Californie, USA.&nbsp;&nbsp;2010.&nbsp;Professeurs&nbsp;: Dr. Lad, Dr. Singh, Dr. Apte, Dr. Shresta, Dr. Mannur, et Dr. Douillard<\/li><li>Dipl\u00f4me de<strong>&nbsp;Pharmacop\u00e9e Ayurv\u00e9dique pour les Pathologies Sp\u00e9cifiques<\/strong>&nbsp;(Ayurvedic Herbalism with Reference to Specific Pathology), Dr. Lad,&nbsp;Institut Ayurv\u00e9dique, Albuquerque, New Mexico, USA, 2012<\/li><li>Dipl\u00f4me de&nbsp;<strong>Cuisine Ayurv\u00e9dique<\/strong>, Dr. Lad et Usha Lad, Nouveau- Mexique, USA, 2013<\/li><li>Dipl\u00f4me de&nbsp;<strong>Marma&nbsp;Th\u00e9rapie (Marma Chikitsa)<\/strong>, Dr Lad, Nouveau-Mexique, USA, 2014<\/li><li>Dipl\u00f4me de&nbsp;<strong>pr\u00e9parations Ayurv\u00e9diques \u00e0 base de plantes<\/strong>, Dr. Lad, New Mexico, USA et Pune, Inde, 2015<\/li><li>Dipl\u00f4me de&nbsp;<strong>Science v\u00e9dique de l\u2019architecture (Creating peaceful places with Vastu Shastra),&nbsp;<\/strong>Dr Lad, Nouveau-Mexique, USA, 2017<\/li><li><strong>B\u00e9n\u00e9volat et internat clinique aupr\u00e8s du Dr Shresta<\/strong>, Bhaktapur, N\u00e9pal, 2019<\/li><li><strong>Bols Tib\u00e9tains th\u00e9rapeutiques,&nbsp;<\/strong>Grand Master Shree, Katmandu, N\u00e9pal 2019<\/li><\/ul>\n\n\n\n<p><strong>4) Autres dipl\u00f4mes et formations<\/strong><\/p>\n\n\n\n<ul class=\"wp-block-list\"><li><strong>License en Sciences et en Administration<\/strong>\u00a0(Bachelor of science and administration) &#8211; Northeastern University, Boston, MA, USA, 1990<\/li><li>YMCA\u00a0<strong>entra\u00eeneur national de natation, niveau 2<\/strong>, USA, 1993<\/li><li>Apprentissage et internat avec Dr. Bill Boomer (Scientifique sp\u00e9cialiste des techniques de natation) et stage d\u2019un an avec l\u2019entra\u00eeneur de natation Terry Laughlin, Total Immersion, MA, USA, 1992, 1993<\/li><\/ul>\n","protected":false},"excerpt":{"rendered":"<p>1) Physioth\u00e9rapie et massage&nbsp;&nbsp; Maitrise de&nbsp;Physiologie de l\u2019Exercice et de Physioth\u00e9rapie, Irvine, Californie, USA, 1994 Dipl\u00f4me de&nbsp;Massoth\u00e9rapeute Sportif \/Physioth\u00e9rapeute Sportif&nbsp;(Sports Massage therapist, Sports Physiotherapist), 1000 heures + 500 heures cliniques, Dr. Hungerford, The Sports Massage Training Institute, Californie, USA, 2000. &nbsp;Premi\u00e8re de promotion&nbsp; Dipl\u00f4me de&nbsp;Massoth\u00e9rapeute Certifi\u00e9&nbsp;(Certified Massage Therapist), 1000 heures, American Institute of Massage Therapy, &hellip; <a href=\"https:\/\/forbetterbeing.com\/index.php\/fr\/education-et-formation-continue\/\" class=\"more-link\">Continue reading <span class=\"screen-reader-text\">\u00c9DUCATION et FORMATION CONTINUE\ufffc<\/span> <span class=\"meta-nav\">&rarr;<\/span><\/a><\/p>\n","protected":false},"author":1,"featured_media":0,"parent":0,"menu_order":0,"comment_status":"closed","ping_status":"closed","template":"","meta":{"footnotes":""},"class_list":["post-1074","page","type-page","status-publish","hentry"],"yoast_head":"<!-- This site is optimized with the Yoast SEO plugin v27.3 - https:\/\/yoast.com\/product\/yoast-seo-wordpress\/ -->\n<title>\u00c9DUCATION et FORMATION CONTINUE\ufffc - Mieux \u00eatre<\/title>\n<meta name=\"robots\" content=\"index, follow, max-snippet:-1, max-image-preview:large, max-video-preview:-1\" \/>\n<link rel=\"canonical\" href=\"https:\/\/forbetterbeing.com\/index.php\/fr\/education-et-formation-continue\/\" \/>\n<meta property=\"og:locale\" content=\"en_US\" \/>\n<meta property=\"og:type\" content=\"article\" \/>\n<meta property=\"og:title\" content=\"\u00c9DUCATION et FORMATION CONTINUE\ufffc - Mieux \u00eatre\" \/>\n<meta property=\"og:description\" content=\"1) Physioth\u00e9rapie et massage&nbsp;&nbsp; Maitrise de&nbsp;Physiologie de l\u2019Exercice et de Physioth\u00e9rapie, Irvine, Californie, USA, 1994 Dipl\u00f4me de&nbsp;Massoth\u00e9rapeute Sportif \/Physioth\u00e9rapeute Sportif&nbsp;(Sports Massage therapist, Sports Physiotherapist), 1000 heures + 500 heures cliniques, Dr. Hungerford, The Sports Massage Training Institute, Californie, USA, 2000. &nbsp;Premi\u00e8re de promotion&nbsp; Dipl\u00f4me de&nbsp;Massoth\u00e9rapeute Certifi\u00e9&nbsp;(Certified Massage Therapist), 1000 heures, American Institute of Massage Therapy, &hellip; Continue reading \u00c9DUCATION et FORMATION CONTINUE\ufffc &rarr;\" \/>\n<meta property=\"og:url\" content=\"https:\/\/forbetterbeing.com\/index.php\/fr\/education-et-formation-continue\/\" \/>\n<meta property=\"og:site_name\" content=\"Mieux \u00eatre\" \/>\n<meta property=\"article:modified_time\" content=\"2022-04-17T16:00:43+00:00\" \/>\n<meta name=\"twitter:card\" content=\"summary_large_image\" \/>\n<meta name=\"twitter:label1\" content=\"Est. reading time\" \/>\n\t<meta name=\"twitter:data1\" content=\"5 minutes\" \/>\n<script type=\"application\/ld+json\" class=\"yoast-schema-graph\">{\"@context\":\"https:\\\/\\\/schema.org\",\"@graph\":[{\"@type\":\"WebPage\",\"@id\":\"https:\\\/\\\/forbetterbeing.com\\\/index.php\\\/fr\\\/education-et-formation-continue\\\/\",\"url\":\"https:\\\/\\\/forbetterbeing.com\\\/index.php\\\/fr\\\/education-et-formation-continue\\\/\",\"name\":\"\u00c9DUCATION et FORMATION CONTINUE\ufffc - Mieux \u00eatre\",\"isPartOf\":{\"@id\":\"https:\\\/\\\/forbetterbeing.com\\\/#website\"},\"datePublished\":\"2022-04-17T15:50:15+00:00\",\"dateModified\":\"2022-04-17T16:00:43+00:00\",\"breadcrumb\":{\"@id\":\"https:\\\/\\\/forbetterbeing.com\\\/index.php\\\/fr\\\/education-et-formation-continue\\\/#breadcrumb\"},\"inLanguage\":\"en-US\",\"potentialAction\":[{\"@type\":\"ReadAction\",\"target\":[\"https:\\\/\\\/forbetterbeing.com\\\/index.php\\\/fr\\\/education-et-formation-continue\\\/\"]}]},{\"@type\":\"BreadcrumbList\",\"@id\":\"https:\\\/\\\/forbetterbeing.com\\\/index.php\\\/fr\\\/education-et-formation-continue\\\/#breadcrumb\",\"itemListElement\":[{\"@type\":\"ListItem\",\"position\":1,\"name\":\"Home\",\"item\":\"https:\\\/\\\/forbetterbeing.com\\\/index.php\\\/en\\\/home\\\/\"},{\"@type\":\"ListItem\",\"position\":2,\"name\":\"\u00c9DUCATION et FORMATION CONTINUE\ufffc\"}]},{\"@type\":\"WebSite\",\"@id\":\"https:\\\/\\\/forbetterbeing.com\\\/#website\",\"url\":\"https:\\\/\\\/forbetterbeing.com\\\/\",\"name\":\"Mieux \u00eatre\",\"description\":\"Massage, Yoga, Mindfulness\",\"publisher\":{\"@id\":\"https:\\\/\\\/forbetterbeing.com\\\/#\\\/schema\\\/person\\\/a726b0b7f0859b6cbd3e347c25a08642\"},\"potentialAction\":[{\"@type\":\"SearchAction\",\"target\":{\"@type\":\"EntryPoint\",\"urlTemplate\":\"https:\\\/\\\/forbetterbeing.com\\\/?s={search_term_string}\"},\"query-input\":{\"@type\":\"PropertyValueSpecification\",\"valueRequired\":true,\"valueName\":\"search_term_string\"}}],\"inLanguage\":\"en-US\"},{\"@type\":[\"Person\",\"Organization\"],\"@id\":\"https:\\\/\\\/forbetterbeing.com\\\/#\\\/schema\\\/person\\\/a726b0b7f0859b6cbd3e347c25a08642\",\"name\":\"wingedprincess\",\"image\":{\"@type\":\"ImageObject\",\"inLanguage\":\"en-US\",\"@id\":\"https:\\\/\\\/secure.gravatar.com\\\/avatar\\\/4f237bb229c5fccbb1ce1a6c89dd0f1852cc8b6a835b0aa52fbd0ba65345127d?s=96&d=mm&r=g\",\"url\":\"https:\\\/\\\/secure.gravatar.com\\\/avatar\\\/4f237bb229c5fccbb1ce1a6c89dd0f1852cc8b6a835b0aa52fbd0ba65345127d?s=96&d=mm&r=g\",\"contentUrl\":\"https:\\\/\\\/secure.gravatar.com\\\/avatar\\\/4f237bb229c5fccbb1ce1a6c89dd0f1852cc8b6a835b0aa52fbd0ba65345127d?s=96&d=mm&r=g\",\"caption\":\"wingedprincess\"},\"logo\":{\"@id\":\"https:\\\/\\\/secure.gravatar.com\\\/avatar\\\/4f237bb229c5fccbb1ce1a6c89dd0f1852cc8b6a835b0aa52fbd0ba65345127d?s=96&d=mm&r=g\"}}]}<\/script>\n<!-- \/ Yoast SEO plugin. -->","yoast_head_json":{"title":"\u00c9DUCATION et FORMATION CONTINUE\ufffc - Mieux \u00eatre","robots":{"index":"index","follow":"follow","max-snippet":"max-snippet:-1","max-image-preview":"max-image-preview:large","max-video-preview":"max-video-preview:-1"},"canonical":"https:\/\/forbetterbeing.com\/index.php\/fr\/education-et-formation-continue\/","og_locale":"en_US","og_type":"article","og_title":"\u00c9DUCATION et FORMATION CONTINUE\ufffc - Mieux \u00eatre","og_description":"1) Physioth\u00e9rapie et massage&nbsp;&nbsp; Maitrise de&nbsp;Physiologie de l\u2019Exercice et de Physioth\u00e9rapie, Irvine, Californie, USA, 1994 Dipl\u00f4me de&nbsp;Massoth\u00e9rapeute Sportif \/Physioth\u00e9rapeute Sportif&nbsp;(Sports Massage therapist, Sports Physiotherapist), 1000 heures + 500 heures cliniques, Dr. Hungerford, The Sports Massage Training Institute, Californie, USA, 2000. &nbsp;Premi\u00e8re de promotion&nbsp; Dipl\u00f4me de&nbsp;Massoth\u00e9rapeute Certifi\u00e9&nbsp;(Certified Massage Therapist), 1000 heures, American Institute of Massage Therapy, &hellip; Continue reading \u00c9DUCATION et FORMATION CONTINUE\ufffc &rarr;","og_url":"https:\/\/forbetterbeing.com\/index.php\/fr\/education-et-formation-continue\/","og_site_name":"Mieux \u00eatre","article_modified_time":"2022-04-17T16:00:43+00:00","twitter_card":"summary_large_image","twitter_misc":{"Est. reading time":"5 minutes"},"schema":{"@context":"https:\/\/schema.org","@graph":[{"@type":"WebPage","@id":"https:\/\/forbetterbeing.com\/index.php\/fr\/education-et-formation-continue\/","url":"https:\/\/forbetterbeing.com\/index.php\/fr\/education-et-formation-continue\/","name":"\u00c9DUCATION et FORMATION CONTINUE\ufffc - Mieux \u00eatre","isPartOf":{"@id":"https:\/\/forbetterbeing.com\/#website"},"datePublished":"2022-04-17T15:50:15+00:00","dateModified":"2022-04-17T16:00:43+00:00","breadcrumb":{"@id":"https:\/\/forbetterbeing.com\/index.php\/fr\/education-et-formation-continue\/#breadcrumb"},"inLanguage":"en-US","potentialAction":[{"@type":"ReadAction","target":["https:\/\/forbetterbeing.com\/index.php\/fr\/education-et-formation-continue\/"]}]},{"@type":"BreadcrumbList","@id":"https:\/\/forbetterbeing.com\/index.php\/fr\/education-et-formation-continue\/#breadcrumb","itemListElement":[{"@type":"ListItem","position":1,"name":"Home","item":"https:\/\/forbetterbeing.com\/index.php\/en\/home\/"},{"@type":"ListItem","position":2,"name":"\u00c9DUCATION et FORMATION CONTINUE\ufffc"}]},{"@type":"WebSite","@id":"https:\/\/forbetterbeing.com\/#website","url":"https:\/\/forbetterbeing.com\/","name":"Mieux \u00eatre","description":"Massage, Yoga, Mindfulness","publisher":{"@id":"https:\/\/forbetterbeing.com\/#\/schema\/person\/a726b0b7f0859b6cbd3e347c25a08642"},"potentialAction":[{"@type":"SearchAction","target":{"@type":"EntryPoint","urlTemplate":"https:\/\/forbetterbeing.com\/?s={search_term_string}"},"query-input":{"@type":"PropertyValueSpecification","valueRequired":true,"valueName":"search_term_string"}}],"inLanguage":"en-US"},{"@type":["Person","Organization"],"@id":"https:\/\/forbetterbeing.com\/#\/schema\/person\/a726b0b7f0859b6cbd3e347c25a08642","name":"wingedprincess","image":{"@type":"ImageObject","inLanguage":"en-US","@id":"https:\/\/secure.gravatar.com\/avatar\/4f237bb229c5fccbb1ce1a6c89dd0f1852cc8b6a835b0aa52fbd0ba65345127d?s=96&d=mm&r=g","url":"https:\/\/secure.gravatar.com\/avatar\/4f237bb229c5fccbb1ce1a6c89dd0f1852cc8b6a835b0aa52fbd0ba65345127d?s=96&d=mm&r=g","contentUrl":"https:\/\/secure.gravatar.com\/avatar\/4f237bb229c5fccbb1ce1a6c89dd0f1852cc8b6a835b0aa52fbd0ba65345127d?s=96&d=mm&r=g","caption":"wingedprincess"},"logo":{"@id":"https:\/\/secure.gravatar.com\/avatar\/4f237bb229c5fccbb1ce1a6c89dd0f1852cc8b6a835b0aa52fbd0ba65345127d?s=96&d=mm&r=g"}}]}},"_links":{"self":[{"href":"https:\/\/forbetterbeing.com\/index.php\/wp-json\/wp\/v2\/pages\/1074","targetHints":{"allow":["GET"]}}],"collection":[{"href":"https:\/\/forbetterbeing.com\/index.php\/wp-json\/wp\/v2\/pages"}],"about":[{"href":"https:\/\/forbetterbeing.com\/index.php\/wp-json\/wp\/v2\/types\/page"}],"author":[{"embeddable":true,"href":"https:\/\/forbetterbeing.com\/index.php\/wp-json\/wp\/v2\/users\/1"}],"replies":[{"embeddable":true,"href":"https:\/\/forbetterbeing.com\/index.php\/wp-json\/wp\/v2\/comments?post=1074"}],"version-history":[{"count":2,"href":"https:\/\/forbetterbeing.com\/index.php\/wp-json\/wp\/v2\/pages\/1074\/revisions"}],"predecessor-version":[{"id":1082,"href":"https:\/\/forbetterbeing.com\/index.php\/wp-json\/wp\/v2\/pages\/1074\/revisions\/1082"}],"wp:attachment":[{"href":"https:\/\/forbetterbeing.com\/index.php\/wp-json\/wp\/v2\/media?parent=1074"}],"curies":[{"name":"wp","href":"https:\/\/api.w.org\/{rel}","templated":true}]}}