{"id":130,"date":"2016-11-25T00:03:02","date_gmt":"2016-11-25T00:03:02","guid":{"rendered":"http:\/\/forbetterbeing.com\/?page_id=130"},"modified":"2022-04-09T19:02:01","modified_gmt":"2022-04-09T19:02:01","slug":"massage-2","status":"publish","type":"page","link":"https:\/\/forbetterbeing.com\/index.php\/fr\/massage-2\/","title":{"rendered":"Massage"},"content":{"rendered":"<h2><em><b><span lang=\"FR\">\u00ab\u00a0La vie est un sport. Les bienfaits du massage ne sont pas r\u00e9serv\u00e9s aux athl\u00e8tes professionnels\u00a0!\u00a0\u00bb \u00a0<\/span><\/b><\/em><strong><span lang=\"FR\">-Florence<\/span><\/strong><\/h2>\n<div><\/div>\n<p><strong><span lang=\"FR\"><a href=\"https:\/\/forbetterbeing.com\/wp-content\/uploads\/2016\/11\/julie-1.jpg\"><img loading=\"lazy\" decoding=\"async\" class=\"size-medium wp-image-397 alignright\" src=\"https:\/\/forbetterbeing.com\/wp-content\/uploads\/2016\/11\/julie-1-214x300.jpg\" alt=\"\" width=\"214\" height=\"300\" srcset=\"https:\/\/forbetterbeing.com\/wp-content\/uploads\/2016\/11\/julie-1-214x300.jpg 214w, https:\/\/forbetterbeing.com\/wp-content\/uploads\/2016\/11\/julie-1-768x1077.jpg 768w, https:\/\/forbetterbeing.com\/wp-content\/uploads\/2016\/11\/julie-1-730x1024.jpg 730w\" sizes=\"auto, (max-width: 214px) 100vw, 214px\" \/><\/a>Nos corps s\u2019adaptent \u00e0 tout ce que nous faisons avec d\u00e9vouement et passion<\/span><\/strong><span lang=\"FR\">. Jouer du violon, courir un marathon, rester debout ou assis pendant des heures, sont autant d\u2019activit\u00e9s qui peuvent \u00e0 la longue entrainer des<span class=\"apple-converted-space\">\u00a0<\/span><\/span><strong><span lang=\"FR\">d\u00e9s\u00e9quilibres neuromusculaires<\/span><\/strong><span lang=\"FR\">. Apr\u00e8s une \u00e9valuation et un bilan minutieux, Florence cr\u00e9e une<span class=\"apple-converted-space\">\u00a0<\/span><\/span><strong><span lang=\"FR\">s\u00e9ance personnalis\u00e9e adapt\u00e9e aux besoins individuels de chacun<\/span><\/strong><span lang=\"FR\">.<\/span><\/p>\n<div>\n<p><span lang=\"FR\">Son style de massage est une<span class=\"apple-converted-space\"><b>\u00a0<\/b><\/span><\/span><strong><span lang=\"FR\">combinaison unique de toutes les\u00a0modalit\u00e9s\u00a0apprises au cours des vingt derni\u00e8res ann\u00e9es<\/span><\/strong><span lang=\"FR\">. Il n\u2019est jamais question de \u00ab\u00a0protocole appris par c\u0153ur\u00a0\u00bb ou de \u00ab\u00a0massage taille unique\u00a0\u00bb. Lors d\u2019une s\u00e9ance donn\u00e9e, elle peut par exemple utiliser des techniques du <b>Massage Sportif<\/b> comme le <b>deep tissue <\/b>ou la <\/span><strong><span lang=\"FR\">facilitation neuromusculaire<\/span><\/strong><span lang=\"FR\">, int\u00e9grer les<span class=\"apple-converted-space\">\u00a0<\/span><\/span><strong><span lang=\"FR\">mobilisations articulaires<\/span><\/strong><span class=\"apple-converted-space\"><span lang=\"FR\">\u00a0<\/span><\/span><span lang=\"FR\">du massage orthop\u00e9dique, et terminer par les<span class=\"apple-converted-space\"><b>\u00a0<\/b><\/span><\/span><strong><span lang=\"FR\">\u00e9tirements passifs<\/span><\/strong><span class=\"apple-converted-space\"><span lang=\"FR\">\u00a0<\/span><\/span><span lang=\"FR\">du massage Tha\u00ef ou les techniques de <b>relaxation<\/b> du <b>Massage Su\u00e9dois.<\/b> Elle choisit toujours<span class=\"apple-converted-space\">\u00a0<\/span><\/span><strong><span lang=\"FR\">une huile bio appropri\u00e9e<\/span><\/strong><span class=\"apple-converted-space\"><span lang=\"FR\">\u00a0<\/span><\/span><span lang=\"FR\">\u00e0 votre constitution <b>ayurv\u00e9dique<\/b>. Enfin, si besoin est, elle vous conseille des exercices adapt\u00e9s \u00e0 faire entre deux s\u00e9ances. Ces mouvements th\u00e9rapeutiques s\u2019inspirent de la physioth\u00e9rapie, du<span class=\"apple-converted-space\"><b>\u00a0<\/b><\/span><\/span><strong><span lang=\"FR\">Yoga et du Rolfing.<\/span><\/strong><\/p>\n<\/div>\n<h2><em><b><span lang=\"FR\">\u00ab\u00a0Plus un physioth\u00e9rapeute comprend et maitrise de techniques, plus il ou elle a d\u2019outils\u00a0<\/span><\/b><\/em><em><b><span lang=\"FR\">\u00e0\u00a0<\/span><\/b><\/em><em><b><span lang=\"FR\">sa disposition. Si vous n\u2019avez qu\u2019un marteau dans votre boite\u00a0<\/span><\/b><\/em><strong><span lang=\"FR\">\u00e0\u00a0<\/span><\/strong><em><b><span lang=\"FR\">outils, tous les probl\u00e8mes ressemblent\u00a0<\/span><\/b><\/em><strong><span lang=\"FR\">\u00e0\u00a0<\/span><\/strong><em><b><span lang=\"FR\">des clous\u00a0!\u00a0\u00bb \u00a0<\/span><\/b><\/em><strong><span lang=\"FR\">-Dr. Hungerford<\/span><\/strong><\/h2>\n<p><span style=\"font-size: revert;\"><a href=\"https:\/\/forbetterbeing.com\/wp-content\/uploads\/2016\/12\/joe_2_sm.jpg\"><img loading=\"lazy\" decoding=\"async\" class=\"size-medium wp-image-402 alignright\" src=\"https:\/\/forbetterbeing.com\/wp-content\/uploads\/2016\/12\/joe_2_sm-300x200.jpg\" alt=\"\" width=\"300\" height=\"200\" srcset=\"https:\/\/forbetterbeing.com\/wp-content\/uploads\/2016\/12\/joe_2_sm-300x200.jpg 300w, https:\/\/forbetterbeing.com\/wp-content\/uploads\/2016\/12\/joe_2_sm-768x512.jpg 768w, https:\/\/forbetterbeing.com\/wp-content\/uploads\/2016\/12\/joe_2_sm-1024x683.jpg 1024w, https:\/\/forbetterbeing.com\/wp-content\/uploads\/2016\/12\/joe_2_sm.jpg 1784w\" sizes=\"auto, (max-width: 300px) 100vw, 300px\" \/><\/a>En 1995, Florence d\u00e9couvre les bienfaits de la Physioth\u00e9rapie par le biais de son amour pour les sports d\u2019endurance qu\u2019elle pratique (triathlon, cyclisme sur route, ultras trails et raids). En tant qu\u2019athl\u00e8te, elle prend vite conscience du bienfait des techniques th\u00e9rapeutiques comme le massage pour faciliter la r\u00e9cup\u00e9ration, pr\u00e9venir et traiter les blessures, et optimiser la performance.<\/span><\/p>\n<div>\n<p><span lang=\"FR\">Apr\u00e8s une<span class=\"apple-converted-space\">\u00a0<\/span><\/span><strong><span lang=\"FR\">Ma\u00eetrise\u00a0en<\/span><\/strong><span lang=\"FR\">\u00a0<\/span><strong><span lang=\"FR\">Physiologie de l\u2019Exercice et\u00a0Physioth\u00e9rapie<\/span><\/strong><span lang=\"FR\">, elle se sp\u00e9cialise dans le massage sportif aux c\u00f4t\u00e9s du<span class=\"apple-converted-space\">\u00a0<\/span><\/span><strong><span lang=\"FR\">Docteur Hungerford au Sports Massage Therapy Institute en Californie<\/span><\/strong><span lang=\"FR\">. Sa passion pour le fonctionnement du corps humain la conduit\u00a0\u00e0\u00a0\u00e9tudier de nouvelles modalit\u00e9s et techniques chaque ann\u00e9e, et \u00e0 les partager avec ses clients et ses \u00e9l\u00e8ves. <\/span><\/p>\n<\/div>\n<div>\n<p><em><span lang=\"FR\">En savoir plus sur les modalit\u00e9s principales de massage :<\/span><\/em><\/p>\n<\/div>\n<ul>\n<li><a href=\"https:\/\/forbetterbeing.com\/index.php\/fr\/massage-suedois-la-base-essentielle\/\"><strong>Massage Su\u00e9dois :\u00a0<\/strong>lire la suite&#8230;<\/a><\/li>\n<li><a href=\"https:\/\/forbetterbeing.com\/index.php\/fr\/massage-sportif\/\"><strong>Massage Sportif\u00a0<\/strong>:\u00a0lire la suite&#8230;<\/a><\/li>\n<li><a href=\"https:\/\/forbetterbeing.com\/index.php\/fr\/massage-thai\/\"><strong>Massage Tha\u00ef\u00a0<\/strong>:\u00a0lire la suite&#8230;<\/a><\/li>\n<li><a href=\"https:\/\/forbetterbeing.com\/index.php\/fr\/massage-ayurvedique\/\"><strong>Massage Ayurv\u00e9dique<\/strong>\u00a0:\u00a0lire la suite&#8230;<\/a><\/li>\n<\/ul>\n","protected":false},"excerpt":{"rendered":"<p>\u00ab\u00a0La vie est un sport. Les bienfaits du massage ne sont pas r\u00e9serv\u00e9s aux athl\u00e8tes professionnels\u00a0!\u00a0\u00bb \u00a0-Florence Nos corps s\u2019adaptent \u00e0 tout ce que nous faisons avec d\u00e9vouement et passion. Jouer du violon, courir un marathon, rester debout ou assis pendant des heures, sont autant d\u2019activit\u00e9s qui peuvent \u00e0 la longue entrainer des\u00a0d\u00e9s\u00e9quilibres neuromusculaires. Apr\u00e8s &hellip; <a href=\"https:\/\/forbetterbeing.com\/index.php\/fr\/massage-2\/\" class=\"more-link\">Continue reading <span class=\"screen-reader-text\">Massage<\/span> <span class=\"meta-nav\">&rarr;<\/span><\/a><\/p>\n","protected":false},"author":1,"featured_media":0,"parent":0,"menu_order":4,"comment_status":"closed","ping_status":"closed","template":"","meta":{"footnotes":""},"class_list":["post-130","page","type-page","status-publish","hentry"],"yoast_head":"<!-- This site is optimized with the Yoast SEO plugin v27.4 - https:\/\/yoast.com\/product\/yoast-seo-wordpress\/ -->\n<title>Massage - Mieux \u00eatre<\/title>\n<meta name=\"description\" content=\"Massage Su\u00e9dois, Massage Sportif, Massage Tha\u00ef, Massage Ayurv\u00e9dique Florence Debout\" \/>\n<meta name=\"robots\" content=\"index, follow, max-snippet:-1, max-image-preview:large, max-video-preview:-1\" \/>\n<link rel=\"canonical\" href=\"https:\/\/forbetterbeing.com\/index.php\/fr\/massage-2\/\" \/>\n<meta property=\"og:locale\" content=\"en_US\" \/>\n<meta property=\"og:type\" content=\"article\" \/>\n<meta property=\"og:title\" content=\"Massage - Mieux \u00eatre\" \/>\n<meta property=\"og:description\" content=\"Massage Su\u00e9dois, Massage Sportif, Massage Tha\u00ef, Massage Ayurv\u00e9dique Florence Debout\" \/>\n<meta property=\"og:url\" content=\"https:\/\/forbetterbeing.com\/index.php\/fr\/massage-2\/\" \/>\n<meta property=\"og:site_name\" content=\"Mieux \u00eatre\" \/>\n<meta property=\"article:modified_time\" content=\"2022-04-09T19:02:01+00:00\" \/>\n<meta property=\"og:image\" content=\"https:\/\/forbetterbeing.com\/wp-content\/uploads\/2016\/11\/julie-1-214x300.jpg\" \/>\n<meta name=\"twitter:card\" content=\"summary_large_image\" \/>\n<meta name=\"twitter:label1\" content=\"Est. reading time\" \/>\n\t<meta name=\"twitter:data1\" content=\"3 minutes\" \/>\n<script type=\"application\/ld+json\" class=\"yoast-schema-graph\">{\"@context\":\"https:\\\/\\\/schema.org\",\"@graph\":[{\"@type\":\"WebPage\",\"@id\":\"https:\\\/\\\/forbetterbeing.com\\\/index.php\\\/fr\\\/massage-2\\\/\",\"url\":\"https:\\\/\\\/forbetterbeing.com\\\/index.php\\\/fr\\\/massage-2\\\/\",\"name\":\"Massage - Mieux \u00eatre\",\"isPartOf\":{\"@id\":\"https:\\\/\\\/forbetterbeing.com\\\/#website\"},\"primaryImageOfPage\":{\"@id\":\"https:\\\/\\\/forbetterbeing.com\\\/index.php\\\/fr\\\/massage-2\\\/#primaryimage\"},\"image\":{\"@id\":\"https:\\\/\\\/forbetterbeing.com\\\/index.php\\\/fr\\\/massage-2\\\/#primaryimage\"},\"thumbnailUrl\":\"https:\\\/\\\/forbetterbeing.com\\\/wp-content\\\/uploads\\\/2016\\\/11\\\/julie-1-214x300.jpg\",\"datePublished\":\"2016-11-25T00:03:02+00:00\",\"dateModified\":\"2022-04-09T19:02:01+00:00\",\"description\":\"Massage Su\u00e9dois, Massage Sportif, Massage Tha\u00ef, Massage Ayurv\u00e9dique Florence Debout\",\"breadcrumb\":{\"@id\":\"https:\\\/\\\/forbetterbeing.com\\\/index.php\\\/fr\\\/massage-2\\\/#breadcrumb\"},\"inLanguage\":\"en-US\",\"potentialAction\":[{\"@type\":\"ReadAction\",\"target\":[\"https:\\\/\\\/forbetterbeing.com\\\/index.php\\\/fr\\\/massage-2\\\/\"]}]},{\"@type\":\"ImageObject\",\"inLanguage\":\"en-US\",\"@id\":\"https:\\\/\\\/forbetterbeing.com\\\/index.php\\\/fr\\\/massage-2\\\/#primaryimage\",\"url\":\"https:\\\/\\\/forbetterbeing.com\\\/wp-content\\\/uploads\\\/2016\\\/11\\\/julie-1.jpg\",\"contentUrl\":\"https:\\\/\\\/forbetterbeing.com\\\/wp-content\\\/uploads\\\/2016\\\/11\\\/julie-1.jpg\",\"width\":2746,\"height\":3851},{\"@type\":\"BreadcrumbList\",\"@id\":\"https:\\\/\\\/forbetterbeing.com\\\/index.php\\\/fr\\\/massage-2\\\/#breadcrumb\",\"itemListElement\":[{\"@type\":\"ListItem\",\"position\":1,\"name\":\"Home\",\"item\":\"https:\\\/\\\/forbetterbeing.com\\\/index.php\\\/en\\\/home\\\/\"},{\"@type\":\"ListItem\",\"position\":2,\"name\":\"Massage\"}]},{\"@type\":\"WebSite\",\"@id\":\"https:\\\/\\\/forbetterbeing.com\\\/#website\",\"url\":\"https:\\\/\\\/forbetterbeing.com\\\/\",\"name\":\"Mieux \u00eatre\",\"description\":\"Massage, Yoga, Mindfulness\",\"publisher\":{\"@id\":\"https:\\\/\\\/forbetterbeing.com\\\/#\\\/schema\\\/person\\\/a726b0b7f0859b6cbd3e347c25a08642\"},\"potentialAction\":[{\"@type\":\"SearchAction\",\"target\":{\"@type\":\"EntryPoint\",\"urlTemplate\":\"https:\\\/\\\/forbetterbeing.com\\\/?s={search_term_string}\"},\"query-input\":{\"@type\":\"PropertyValueSpecification\",\"valueRequired\":true,\"valueName\":\"search_term_string\"}}],\"inLanguage\":\"en-US\"},{\"@type\":[\"Person\",\"Organization\"],\"@id\":\"https:\\\/\\\/forbetterbeing.com\\\/#\\\/schema\\\/person\\\/a726b0b7f0859b6cbd3e347c25a08642\",\"name\":\"wingedprincess\",\"image\":{\"@type\":\"ImageObject\",\"inLanguage\":\"en-US\",\"@id\":\"https:\\\/\\\/secure.gravatar.com\\\/avatar\\\/4f237bb229c5fccbb1ce1a6c89dd0f1852cc8b6a835b0aa52fbd0ba65345127d?s=96&d=mm&r=g\",\"url\":\"https:\\\/\\\/secure.gravatar.com\\\/avatar\\\/4f237bb229c5fccbb1ce1a6c89dd0f1852cc8b6a835b0aa52fbd0ba65345127d?s=96&d=mm&r=g\",\"contentUrl\":\"https:\\\/\\\/secure.gravatar.com\\\/avatar\\\/4f237bb229c5fccbb1ce1a6c89dd0f1852cc8b6a835b0aa52fbd0ba65345127d?s=96&d=mm&r=g\",\"caption\":\"wingedprincess\"},\"logo\":{\"@id\":\"https:\\\/\\\/secure.gravatar.com\\\/avatar\\\/4f237bb229c5fccbb1ce1a6c89dd0f1852cc8b6a835b0aa52fbd0ba65345127d?s=96&d=mm&r=g\"}}]}<\/script>\n<!-- \/ Yoast SEO plugin. -->","yoast_head_json":{"title":"Massage - Mieux \u00eatre","description":"Massage Su\u00e9dois, Massage Sportif, Massage Tha\u00ef, Massage Ayurv\u00e9dique Florence Debout","robots":{"index":"index","follow":"follow","max-snippet":"max-snippet:-1","max-image-preview":"max-image-preview:large","max-video-preview":"max-video-preview:-1"},"canonical":"https:\/\/forbetterbeing.com\/index.php\/fr\/massage-2\/","og_locale":"en_US","og_type":"article","og_title":"Massage - Mieux \u00eatre","og_description":"Massage Su\u00e9dois, Massage Sportif, Massage Tha\u00ef, Massage Ayurv\u00e9dique Florence Debout","og_url":"https:\/\/forbetterbeing.com\/index.php\/fr\/massage-2\/","og_site_name":"Mieux \u00eatre","article_modified_time":"2022-04-09T19:02:01+00:00","og_image":[{"url":"https:\/\/forbetterbeing.com\/wp-content\/uploads\/2016\/11\/julie-1-214x300.jpg","type":"","width":"","height":""}],"twitter_card":"summary_large_image","twitter_misc":{"Est. reading time":"3 minutes"},"schema":{"@context":"https:\/\/schema.org","@graph":[{"@type":"WebPage","@id":"https:\/\/forbetterbeing.com\/index.php\/fr\/massage-2\/","url":"https:\/\/forbetterbeing.com\/index.php\/fr\/massage-2\/","name":"Massage - Mieux \u00eatre","isPartOf":{"@id":"https:\/\/forbetterbeing.com\/#website"},"primaryImageOfPage":{"@id":"https:\/\/forbetterbeing.com\/index.php\/fr\/massage-2\/#primaryimage"},"image":{"@id":"https:\/\/forbetterbeing.com\/index.php\/fr\/massage-2\/#primaryimage"},"thumbnailUrl":"https:\/\/forbetterbeing.com\/wp-content\/uploads\/2016\/11\/julie-1-214x300.jpg","datePublished":"2016-11-25T00:03:02+00:00","dateModified":"2022-04-09T19:02:01+00:00","description":"Massage Su\u00e9dois, Massage Sportif, Massage Tha\u00ef, Massage Ayurv\u00e9dique Florence Debout","breadcrumb":{"@id":"https:\/\/forbetterbeing.com\/index.php\/fr\/massage-2\/#breadcrumb"},"inLanguage":"en-US","potentialAction":[{"@type":"ReadAction","target":["https:\/\/forbetterbeing.com\/index.php\/fr\/massage-2\/"]}]},{"@type":"ImageObject","inLanguage":"en-US","@id":"https:\/\/forbetterbeing.com\/index.php\/fr\/massage-2\/#primaryimage","url":"https:\/\/forbetterbeing.com\/wp-content\/uploads\/2016\/11\/julie-1.jpg","contentUrl":"https:\/\/forbetterbeing.com\/wp-content\/uploads\/2016\/11\/julie-1.jpg","width":2746,"height":3851},{"@type":"BreadcrumbList","@id":"https:\/\/forbetterbeing.com\/index.php\/fr\/massage-2\/#breadcrumb","itemListElement":[{"@type":"ListItem","position":1,"name":"Home","item":"https:\/\/forbetterbeing.com\/index.php\/en\/home\/"},{"@type":"ListItem","position":2,"name":"Massage"}]},{"@type":"WebSite","@id":"https:\/\/forbetterbeing.com\/#website","url":"https:\/\/forbetterbeing.com\/","name":"Mieux \u00eatre","description":"Massage, Yoga, Mindfulness","publisher":{"@id":"https:\/\/forbetterbeing.com\/#\/schema\/person\/a726b0b7f0859b6cbd3e347c25a08642"},"potentialAction":[{"@type":"SearchAction","target":{"@type":"EntryPoint","urlTemplate":"https:\/\/forbetterbeing.com\/?s={search_term_string}"},"query-input":{"@type":"PropertyValueSpecification","valueRequired":true,"valueName":"search_term_string"}}],"inLanguage":"en-US"},{"@type":["Person","Organization"],"@id":"https:\/\/forbetterbeing.com\/#\/schema\/person\/a726b0b7f0859b6cbd3e347c25a08642","name":"wingedprincess","image":{"@type":"ImageObject","inLanguage":"en-US","@id":"https:\/\/secure.gravatar.com\/avatar\/4f237bb229c5fccbb1ce1a6c89dd0f1852cc8b6a835b0aa52fbd0ba65345127d?s=96&d=mm&r=g","url":"https:\/\/secure.gravatar.com\/avatar\/4f237bb229c5fccbb1ce1a6c89dd0f1852cc8b6a835b0aa52fbd0ba65345127d?s=96&d=mm&r=g","contentUrl":"https:\/\/secure.gravatar.com\/avatar\/4f237bb229c5fccbb1ce1a6c89dd0f1852cc8b6a835b0aa52fbd0ba65345127d?s=96&d=mm&r=g","caption":"wingedprincess"},"logo":{"@id":"https:\/\/secure.gravatar.com\/avatar\/4f237bb229c5fccbb1ce1a6c89dd0f1852cc8b6a835b0aa52fbd0ba65345127d?s=96&d=mm&r=g"}}]}},"_links":{"self":[{"href":"https:\/\/forbetterbeing.com\/index.php\/wp-json\/wp\/v2\/pages\/130","targetHints":{"allow":["GET"]}}],"collection":[{"href":"https:\/\/forbetterbeing.com\/index.php\/wp-json\/wp\/v2\/pages"}],"about":[{"href":"https:\/\/forbetterbeing.com\/index.php\/wp-json\/wp\/v2\/types\/page"}],"author":[{"embeddable":true,"href":"https:\/\/forbetterbeing.com\/index.php\/wp-json\/wp\/v2\/users\/1"}],"replies":[{"embeddable":true,"href":"https:\/\/forbetterbeing.com\/index.php\/wp-json\/wp\/v2\/comments?post=130"}],"version-history":[{"count":16,"href":"https:\/\/forbetterbeing.com\/index.php\/wp-json\/wp\/v2\/pages\/130\/revisions"}],"predecessor-version":[{"id":930,"href":"https:\/\/forbetterbeing.com\/index.php\/wp-json\/wp\/v2\/pages\/130\/revisions\/930"}],"wp:attachment":[{"href":"https:\/\/forbetterbeing.com\/index.php\/wp-json\/wp\/v2\/media?parent=130"}],"curies":[{"name":"wp","href":"https:\/\/api.w.org\/{rel}","templated":true}]}}