{"id":286,"date":"2016-11-27T18:03:14","date_gmt":"2016-11-27T18:03:14","guid":{"rendered":"http:\/\/forbetterbeing.com\/?page_id=286"},"modified":"2017-08-12T17:18:01","modified_gmt":"2017-08-12T17:18:01","slug":"boisson-energetique-aux-6-saveurs","status":"publish","type":"page","link":"https:\/\/forbetterbeing.com\/index.php\/fr\/boisson-energetique-aux-6-saveurs\/","title":{"rendered":"Boisson \u00e9nerg\u00e9tique aux 6 saveurs"},"content":{"rendered":"<p><img loading=\"lazy\" decoding=\"async\" class=\"size-medium wp-image-98 alignright\" src=\"https:\/\/forbetterbeing.com\/wp-content\/uploads\/2016\/11\/cyclists-drinking-300x205.jpg\" alt=\"cyclists-drinking\" width=\"300\" height=\"205\" srcset=\"https:\/\/forbetterbeing.com\/wp-content\/uploads\/2016\/11\/cyclists-drinking-300x205.jpg 300w, https:\/\/forbetterbeing.com\/wp-content\/uploads\/2016\/11\/cyclists-drinking-768x525.jpg 768w, https:\/\/forbetterbeing.com\/wp-content\/uploads\/2016\/11\/cyclists-drinking.jpg 889w\" sizes=\"auto, (max-width: 300px) 100vw, 300px\" \/>Pour une bouteille de 500ml<\/p>\n<p>Cette boisson \u00e9nerg\u00e9tique maison a le m\u00eame pourcentage de glucides qu&#8217;une boisson d&#8217;\u00e9nergie commerciale typique. Elle n&#8217;a pas un go\u00fbt trop sucr\u00e9 et est tr\u00e8s efficace pour remplacer les \u00e9lectrolytes perdues<\/p>\n<ul>\n<li>Jus d&#8217;un demi citron (amer)<\/li>\n<li>3 CS (cuill\u00e8re a soupe) de sirop d&#8217;agave (sucr\u00e9e) \u2013Noter: en hiver ou par temps froid, remplacer le sirop d&#8217;agave par du miel<\/li>\n<li>1\/8 CC (cuill\u00e8re a cafe) de sel de l&#8217;Himalaya (sale) -Noter: Par temps chaud ou si vous transpirez abondamment, vous pouvez augmenter cette quantit\u00e9 jusqu&#8217;a 1\/4 cc<\/li>\n<li>1\/8 CC cardamomme (doux, piquant)<\/li>\n<li>Une pinc\u00e9e de curcuma (astringent)<\/li>\n<\/ul>\n<p>Ajouter de l&#8217;eau et bien agiter.<\/p>\n<p><strong>Florence Debout<\/strong><br \/>\nPhysioth\u00e9rapeute sportif<br \/>\nProfesseur de yoga<br \/>\nConseill\u00e8re de sant\u00e9 selon l&#8217;Ayurveda<br \/>\ninfo@florencedebout.com<\/p>\n<p style=\"text-align: center;\"><b><i>Cet article est prot\u00e9g\u00e9 par le droit d&#8217;auteur. Il est interdit d&#8217;en reproduire le contenu sans notre autorisation \u00e9crite. Copyright @ 2014 florencedebout.com<\/i><\/b><\/p>\n","protected":false},"excerpt":{"rendered":"<p>Pour une bouteille de 500ml Cette boisson \u00e9nerg\u00e9tique maison a le m\u00eame pourcentage de glucides qu&#8217;une boisson d&#8217;\u00e9nergie commerciale typique. Elle n&#8217;a pas un go\u00fbt trop sucr\u00e9 et est tr\u00e8s efficace pour remplacer les \u00e9lectrolytes perdues Jus d&#8217;un demi citron (amer) 3 CS (cuill\u00e8re a soupe) de sirop d&#8217;agave (sucr\u00e9e) \u2013Noter: en hiver ou par &hellip; <a href=\"https:\/\/forbetterbeing.com\/index.php\/fr\/boisson-energetique-aux-6-saveurs\/\" class=\"more-link\">Continue reading <span class=\"screen-reader-text\">Boisson \u00e9nerg\u00e9tique aux 6 saveurs<\/span> <span class=\"meta-nav\">&rarr;<\/span><\/a><\/p>\n","protected":false},"author":1,"featured_media":0,"parent":0,"menu_order":0,"comment_status":"closed","ping_status":"closed","template":"","meta":{"footnotes":""},"class_list":["post-286","page","type-page","status-publish","hentry"],"yoast_head":"<!-- This site is optimized with the Yoast SEO plugin v27.5 - https:\/\/yoast.com\/product\/yoast-seo-wordpress\/ -->\n<title>Boisson \u00e9nerg\u00e9tique aux 6 saveurs - Mieux \u00eatre<\/title>\n<meta name=\"description\" content=\"boisson energetique aux 6 saveurs Florence Debout\" \/>\n<meta name=\"robots\" content=\"index, follow, max-snippet:-1, max-image-preview:large, max-video-preview:-1\" \/>\n<link rel=\"canonical\" href=\"https:\/\/forbetterbeing.com\/index.php\/fr\/boisson-energetique-aux-6-saveurs\/\" \/>\n<meta property=\"og:locale\" content=\"en_US\" \/>\n<meta property=\"og:type\" content=\"article\" \/>\n<meta property=\"og:title\" content=\"Boisson \u00e9nerg\u00e9tique aux 6 saveurs - Mieux \u00eatre\" \/>\n<meta property=\"og:description\" content=\"boisson energetique aux 6 saveurs Florence Debout\" \/>\n<meta property=\"og:url\" content=\"https:\/\/forbetterbeing.com\/index.php\/fr\/boisson-energetique-aux-6-saveurs\/\" \/>\n<meta property=\"og:site_name\" content=\"Mieux \u00eatre\" \/>\n<meta property=\"article:modified_time\" content=\"2017-08-12T17:18:01+00:00\" \/>\n<meta property=\"og:image\" content=\"https:\/\/forbetterbeing.com\/wp-content\/uploads\/2016\/11\/cyclists-drinking-300x205.jpg\" \/>\n<meta name=\"twitter:card\" content=\"summary_large_image\" \/>\n<meta name=\"twitter:label1\" content=\"Est. reading time\" \/>\n\t<meta name=\"twitter:data1\" content=\"1 minute\" \/>\n<script type=\"application\/ld+json\" class=\"yoast-schema-graph\">{\"@context\":\"https:\\\/\\\/schema.org\",\"@graph\":[{\"@type\":\"WebPage\",\"@id\":\"https:\\\/\\\/forbetterbeing.com\\\/index.php\\\/fr\\\/boisson-energetique-aux-6-saveurs\\\/\",\"url\":\"https:\\\/\\\/forbetterbeing.com\\\/index.php\\\/fr\\\/boisson-energetique-aux-6-saveurs\\\/\",\"name\":\"Boisson \u00e9nerg\u00e9tique aux 6 saveurs - Mieux \u00eatre\",\"isPartOf\":{\"@id\":\"https:\\\/\\\/forbetterbeing.com\\\/#website\"},\"primaryImageOfPage\":{\"@id\":\"https:\\\/\\\/forbetterbeing.com\\\/index.php\\\/fr\\\/boisson-energetique-aux-6-saveurs\\\/#primaryimage\"},\"image\":{\"@id\":\"https:\\\/\\\/forbetterbeing.com\\\/index.php\\\/fr\\\/boisson-energetique-aux-6-saveurs\\\/#primaryimage\"},\"thumbnailUrl\":\"https:\\\/\\\/forbetterbeing.com\\\/wp-content\\\/uploads\\\/2016\\\/11\\\/cyclists-drinking-300x205.jpg\",\"datePublished\":\"2016-11-27T18:03:14+00:00\",\"dateModified\":\"2017-08-12T17:18:01+00:00\",\"description\":\"boisson energetique aux 6 saveurs Florence Debout\",\"breadcrumb\":{\"@id\":\"https:\\\/\\\/forbetterbeing.com\\\/index.php\\\/fr\\\/boisson-energetique-aux-6-saveurs\\\/#breadcrumb\"},\"inLanguage\":\"en-US\",\"potentialAction\":[{\"@type\":\"ReadAction\",\"target\":[\"https:\\\/\\\/forbetterbeing.com\\\/index.php\\\/fr\\\/boisson-energetique-aux-6-saveurs\\\/\"]}]},{\"@type\":\"ImageObject\",\"inLanguage\":\"en-US\",\"@id\":\"https:\\\/\\\/forbetterbeing.com\\\/index.php\\\/fr\\\/boisson-energetique-aux-6-saveurs\\\/#primaryimage\",\"url\":\"https:\\\/\\\/forbetterbeing.com\\\/wp-content\\\/uploads\\\/2016\\\/11\\\/cyclists-drinking.jpg\",\"contentUrl\":\"https:\\\/\\\/forbetterbeing.com\\\/wp-content\\\/uploads\\\/2016\\\/11\\\/cyclists-drinking.jpg\",\"width\":889,\"height\":608,\"caption\":\"Florence Debout - Cyclist\"},{\"@type\":\"BreadcrumbList\",\"@id\":\"https:\\\/\\\/forbetterbeing.com\\\/index.php\\\/fr\\\/boisson-energetique-aux-6-saveurs\\\/#breadcrumb\",\"itemListElement\":[{\"@type\":\"ListItem\",\"position\":1,\"name\":\"Home\",\"item\":\"https:\\\/\\\/forbetterbeing.com\\\/index.php\\\/en\\\/home\\\/\"},{\"@type\":\"ListItem\",\"position\":2,\"name\":\"Boisson \u00e9nerg\u00e9tique aux 6 saveurs\"}]},{\"@type\":\"WebSite\",\"@id\":\"https:\\\/\\\/forbetterbeing.com\\\/#website\",\"url\":\"https:\\\/\\\/forbetterbeing.com\\\/\",\"name\":\"Mieux \u00eatre\",\"description\":\"Massage, Yoga, Mindfulness\",\"publisher\":{\"@id\":\"https:\\\/\\\/forbetterbeing.com\\\/#\\\/schema\\\/person\\\/a726b0b7f0859b6cbd3e347c25a08642\"},\"potentialAction\":[{\"@type\":\"SearchAction\",\"target\":{\"@type\":\"EntryPoint\",\"urlTemplate\":\"https:\\\/\\\/forbetterbeing.com\\\/?s={search_term_string}\"},\"query-input\":{\"@type\":\"PropertyValueSpecification\",\"valueRequired\":true,\"valueName\":\"search_term_string\"}}],\"inLanguage\":\"en-US\"},{\"@type\":[\"Person\",\"Organization\"],\"@id\":\"https:\\\/\\\/forbetterbeing.com\\\/#\\\/schema\\\/person\\\/a726b0b7f0859b6cbd3e347c25a08642\",\"name\":\"wingedprincess\",\"image\":{\"@type\":\"ImageObject\",\"inLanguage\":\"en-US\",\"@id\":\"https:\\\/\\\/secure.gravatar.com\\\/avatar\\\/4f237bb229c5fccbb1ce1a6c89dd0f1852cc8b6a835b0aa52fbd0ba65345127d?s=96&d=mm&r=g\",\"url\":\"https:\\\/\\\/secure.gravatar.com\\\/avatar\\\/4f237bb229c5fccbb1ce1a6c89dd0f1852cc8b6a835b0aa52fbd0ba65345127d?s=96&d=mm&r=g\",\"contentUrl\":\"https:\\\/\\\/secure.gravatar.com\\\/avatar\\\/4f237bb229c5fccbb1ce1a6c89dd0f1852cc8b6a835b0aa52fbd0ba65345127d?s=96&d=mm&r=g\",\"caption\":\"wingedprincess\"},\"logo\":{\"@id\":\"https:\\\/\\\/secure.gravatar.com\\\/avatar\\\/4f237bb229c5fccbb1ce1a6c89dd0f1852cc8b6a835b0aa52fbd0ba65345127d?s=96&d=mm&r=g\"}}]}<\/script>\n<!-- \/ Yoast SEO plugin. -->","yoast_head_json":{"title":"Boisson \u00e9nerg\u00e9tique aux 6 saveurs - Mieux \u00eatre","description":"boisson energetique aux 6 saveurs Florence Debout","robots":{"index":"index","follow":"follow","max-snippet":"max-snippet:-1","max-image-preview":"max-image-preview:large","max-video-preview":"max-video-preview:-1"},"canonical":"https:\/\/forbetterbeing.com\/index.php\/fr\/boisson-energetique-aux-6-saveurs\/","og_locale":"en_US","og_type":"article","og_title":"Boisson \u00e9nerg\u00e9tique aux 6 saveurs - Mieux \u00eatre","og_description":"boisson energetique aux 6 saveurs Florence Debout","og_url":"https:\/\/forbetterbeing.com\/index.php\/fr\/boisson-energetique-aux-6-saveurs\/","og_site_name":"Mieux \u00eatre","article_modified_time":"2017-08-12T17:18:01+00:00","og_image":[{"url":"https:\/\/forbetterbeing.com\/wp-content\/uploads\/2016\/11\/cyclists-drinking-300x205.jpg","type":"","width":"","height":""}],"twitter_card":"summary_large_image","twitter_misc":{"Est. reading time":"1 minute"},"schema":{"@context":"https:\/\/schema.org","@graph":[{"@type":"WebPage","@id":"https:\/\/forbetterbeing.com\/index.php\/fr\/boisson-energetique-aux-6-saveurs\/","url":"https:\/\/forbetterbeing.com\/index.php\/fr\/boisson-energetique-aux-6-saveurs\/","name":"Boisson \u00e9nerg\u00e9tique aux 6 saveurs - Mieux \u00eatre","isPartOf":{"@id":"https:\/\/forbetterbeing.com\/#website"},"primaryImageOfPage":{"@id":"https:\/\/forbetterbeing.com\/index.php\/fr\/boisson-energetique-aux-6-saveurs\/#primaryimage"},"image":{"@id":"https:\/\/forbetterbeing.com\/index.php\/fr\/boisson-energetique-aux-6-saveurs\/#primaryimage"},"thumbnailUrl":"https:\/\/forbetterbeing.com\/wp-content\/uploads\/2016\/11\/cyclists-drinking-300x205.jpg","datePublished":"2016-11-27T18:03:14+00:00","dateModified":"2017-08-12T17:18:01+00:00","description":"boisson energetique aux 6 saveurs Florence Debout","breadcrumb":{"@id":"https:\/\/forbetterbeing.com\/index.php\/fr\/boisson-energetique-aux-6-saveurs\/#breadcrumb"},"inLanguage":"en-US","potentialAction":[{"@type":"ReadAction","target":["https:\/\/forbetterbeing.com\/index.php\/fr\/boisson-energetique-aux-6-saveurs\/"]}]},{"@type":"ImageObject","inLanguage":"en-US","@id":"https:\/\/forbetterbeing.com\/index.php\/fr\/boisson-energetique-aux-6-saveurs\/#primaryimage","url":"https:\/\/forbetterbeing.com\/wp-content\/uploads\/2016\/11\/cyclists-drinking.jpg","contentUrl":"https:\/\/forbetterbeing.com\/wp-content\/uploads\/2016\/11\/cyclists-drinking.jpg","width":889,"height":608,"caption":"Florence Debout - Cyclist"},{"@type":"BreadcrumbList","@id":"https:\/\/forbetterbeing.com\/index.php\/fr\/boisson-energetique-aux-6-saveurs\/#breadcrumb","itemListElement":[{"@type":"ListItem","position":1,"name":"Home","item":"https:\/\/forbetterbeing.com\/index.php\/en\/home\/"},{"@type":"ListItem","position":2,"name":"Boisson \u00e9nerg\u00e9tique aux 6 saveurs"}]},{"@type":"WebSite","@id":"https:\/\/forbetterbeing.com\/#website","url":"https:\/\/forbetterbeing.com\/","name":"Mieux \u00eatre","description":"Massage, Yoga, Mindfulness","publisher":{"@id":"https:\/\/forbetterbeing.com\/#\/schema\/person\/a726b0b7f0859b6cbd3e347c25a08642"},"potentialAction":[{"@type":"SearchAction","target":{"@type":"EntryPoint","urlTemplate":"https:\/\/forbetterbeing.com\/?s={search_term_string}"},"query-input":{"@type":"PropertyValueSpecification","valueRequired":true,"valueName":"search_term_string"}}],"inLanguage":"en-US"},{"@type":["Person","Organization"],"@id":"https:\/\/forbetterbeing.com\/#\/schema\/person\/a726b0b7f0859b6cbd3e347c25a08642","name":"wingedprincess","image":{"@type":"ImageObject","inLanguage":"en-US","@id":"https:\/\/secure.gravatar.com\/avatar\/4f237bb229c5fccbb1ce1a6c89dd0f1852cc8b6a835b0aa52fbd0ba65345127d?s=96&d=mm&r=g","url":"https:\/\/secure.gravatar.com\/avatar\/4f237bb229c5fccbb1ce1a6c89dd0f1852cc8b6a835b0aa52fbd0ba65345127d?s=96&d=mm&r=g","contentUrl":"https:\/\/secure.gravatar.com\/avatar\/4f237bb229c5fccbb1ce1a6c89dd0f1852cc8b6a835b0aa52fbd0ba65345127d?s=96&d=mm&r=g","caption":"wingedprincess"},"logo":{"@id":"https:\/\/secure.gravatar.com\/avatar\/4f237bb229c5fccbb1ce1a6c89dd0f1852cc8b6a835b0aa52fbd0ba65345127d?s=96&d=mm&r=g"}}]}},"_links":{"self":[{"href":"https:\/\/forbetterbeing.com\/index.php\/wp-json\/wp\/v2\/pages\/286","targetHints":{"allow":["GET"]}}],"collection":[{"href":"https:\/\/forbetterbeing.com\/index.php\/wp-json\/wp\/v2\/pages"}],"about":[{"href":"https:\/\/forbetterbeing.com\/index.php\/wp-json\/wp\/v2\/types\/page"}],"author":[{"embeddable":true,"href":"https:\/\/forbetterbeing.com\/index.php\/wp-json\/wp\/v2\/users\/1"}],"replies":[{"embeddable":true,"href":"https:\/\/forbetterbeing.com\/index.php\/wp-json\/wp\/v2\/comments?post=286"}],"version-history":[{"count":7,"href":"https:\/\/forbetterbeing.com\/index.php\/wp-json\/wp\/v2\/pages\/286\/revisions"}],"predecessor-version":[{"id":342,"href":"https:\/\/forbetterbeing.com\/index.php\/wp-json\/wp\/v2\/pages\/286\/revisions\/342"}],"wp:attachment":[{"href":"https:\/\/forbetterbeing.com\/index.php\/wp-json\/wp\/v2\/media?parent=286"}],"curies":[{"name":"wp","href":"https:\/\/api.w.org\/{rel}","templated":true}]}}