{"id":382,"date":"2016-12-04T01:12:55","date_gmt":"2016-12-04T01:12:55","guid":{"rendered":"http:\/\/forbetterbeing.com\/?page_id=382"},"modified":"2022-04-10T00:12:40","modified_gmt":"2022-04-10T00:12:40","slug":"massage-thai","status":"publish","type":"page","link":"https:\/\/forbetterbeing.com\/index.php\/fr\/massage-thai\/","title":{"rendered":"Massage Tha\u00ef"},"content":{"rendered":"<p><a href=\"https:\/\/forbetterbeing.com\/wp-content\/uploads\/2016\/12\/thai-ben-1-2.jpg\"><img loading=\"lazy\" decoding=\"async\" class=\"size-medium wp-image-413 alignright\" src=\"https:\/\/forbetterbeing.com\/wp-content\/uploads\/2016\/12\/thai-ben-1-2-243x300.jpg\" alt=\"\" width=\"243\" height=\"300\" srcset=\"https:\/\/forbetterbeing.com\/wp-content\/uploads\/2016\/12\/thai-ben-1-2-243x300.jpg 243w, https:\/\/forbetterbeing.com\/wp-content\/uploads\/2016\/12\/thai-ben-1-2-768x947.jpg 768w, https:\/\/forbetterbeing.com\/wp-content\/uploads\/2016\/12\/thai-ben-1-2-831x1024.jpg 831w, https:\/\/forbetterbeing.com\/wp-content\/uploads\/2016\/12\/thai-ben-1-2.jpg 1815w\" sizes=\"auto, (max-width: 243px) 100vw, 243px\" \/><\/a>Le Massage Tha\u00ef traditionnel a plus de 2,500 ans, et tient du Shiatsu Japonais, de l\u2019Accu pression Chinoise, du massage Ayurv\u00e9dique Indien, du massage Tao\u00efste, et du Yoga.<\/p>\n<p>Massage unique, il se pratique traditionnellement <strong>au sol sur un tapis \u00e9pais<\/strong>. La personne qui re\u00e7oit le massage est <strong>habill\u00e9e de v\u00eatements amples<\/strong>, et le praticien effectue ses man\u0153uvres et pressions rythm\u00e9es avec la fluidit\u00e9 d\u2019une pratique de Tai Chi Chuan.<\/p>\n<p><strong>Mon professeur Kam Thye Chow dit en plaisantant que le massage Tha\u00ef est le<em> \u00ab yoga des fain\u00e9ants ! \u00bb<\/em><\/strong><\/p>\n<p>Les techniques sp\u00e9cifiques du massage Tha\u00ef comprennent <strong>pressions palmaires et plantaires, utilisation des avant-bras, coudes, et genoux, \u00e9tirements doux et progressifs, percussions rythm\u00e9es, et compressions<\/strong>. Son approche intuitive, m\u00e9ditative, et cibl\u00e9e sur les besoins uniques de la personne mass\u00e9e, a pour objectif de :<\/p>\n<ul>\n<li>\u00a0<strong>Re-harmoniser les 72,000 lignes sen<\/strong> (nadis en Inde et m\u00e9ridiens en Chine), lignes \u00e9nerg\u00e9tiques qui parcourent notre corps, et les <strong>marmas<\/strong> (points d\u2019\u00e9nergie en yoga et Ayurveda)<\/li>\n<li><strong>Soulager les spasmes musculaires<\/strong><\/li>\n<li>Am\u00e9liorer la <strong>flexibilit\u00e9 et la qualit\u00e9 des mouvements<\/strong><\/li>\n<li>Reprendre c<strong>onscience<\/strong> de son corps<\/li>\n<li>Apprendre \u00e0 <strong>mieux utiliser la respiration<\/strong>, le lien entre le corps et l\u2019esprit<\/li>\n<li>Soulager le stress et promouvoir un <strong>bien \u00eatre total, physique et mental<\/strong><\/li>\n<\/ul>\n<div>\n<p><span lang=\"FR\">Florence a \u00e9tudi\u00e9 pendant trois ans avec<span class=\"apple-converted-space\">\u00a0<\/span><\/span><strong><span lang=\"FR\">Kam Thye Chow<\/span><\/strong><span class=\"apple-converted-space\"><span lang=\"FR\">\u00a0<\/span><\/span><span lang=\"FR\">au Canada, et \u00e0 un dipl\u00f4me de<span class=\"apple-converted-space\">\u00a0<\/span><\/span><strong><span lang=\"FR\">Thai Yoga Massage niveau 6<\/span><\/strong><span lang=\"FR\">. <i>\u00ab\u00a0Le Thai Yoga m\u2019a avant tout aid\u00e9e \u00e0 r\u00e9aliser la<span class=\"apple-converted-space\">\u00a0<\/span><\/i><\/span><strong><i><span lang=\"FR\">compl\u00e9mentarit\u00e9 du massage, du Yoga et de l\u2019Ayurveda<\/span><\/i><\/strong><i><span lang=\"FR\">. Mes massages, m\u00eame sur table, ont pris une autre dimension, et ma posture est plus efficace. Mes ajustements en yoga sont plus pr\u00e9cis. Enfin c\u2019est gr\u00e2ce \u00e0 Kam Thye que j\u2019ai tout d\u2019abord appris \u00e0 faire un <b>bilan Ayurv\u00e9dique<\/b> et \u00e0 l\u2019utiliser pour encore mieux <b>cibler mes massages ou mes cours de Yoga\u00a0\u00bb.<\/b><\/span><\/i><\/p>\n<\/div>\n","protected":false},"excerpt":{"rendered":"<p>Le Massage Tha\u00ef traditionnel a plus de 2,500 ans, et tient du Shiatsu Japonais, de l\u2019Accu pression Chinoise, du massage Ayurv\u00e9dique Indien, du massage Tao\u00efste, et du Yoga. Massage unique, il se pratique traditionnellement au sol sur un tapis \u00e9pais. La personne qui re\u00e7oit le massage est habill\u00e9e de v\u00eatements amples, et le praticien effectue &hellip; <a href=\"https:\/\/forbetterbeing.com\/index.php\/fr\/massage-thai\/\" class=\"more-link\">Continue reading <span class=\"screen-reader-text\">Massage Tha\u00ef<\/span> <span class=\"meta-nav\">&rarr;<\/span><\/a><\/p>\n","protected":false},"author":1,"featured_media":0,"parent":0,"menu_order":0,"comment_status":"closed","ping_status":"closed","template":"","meta":{"footnotes":""},"class_list":["post-382","page","type-page","status-publish","hentry"],"yoast_head":"<!-- This site is optimized with the Yoast SEO plugin v27.4 - https:\/\/yoast.com\/product\/yoast-seo-wordpress\/ -->\n<title>Massage Tha\u00ef - Mieux \u00eatre<\/title>\n<meta name=\"description\" content=\"massage thai Florence Debout\" \/>\n<meta name=\"robots\" content=\"index, follow, max-snippet:-1, max-image-preview:large, max-video-preview:-1\" \/>\n<link rel=\"canonical\" href=\"https:\/\/forbetterbeing.com\/index.php\/fr\/massage-thai\/\" \/>\n<meta property=\"og:locale\" content=\"en_US\" \/>\n<meta property=\"og:type\" content=\"article\" \/>\n<meta property=\"og:title\" content=\"Massage Tha\u00ef - Mieux \u00eatre\" \/>\n<meta property=\"og:description\" content=\"massage thai Florence Debout\" \/>\n<meta property=\"og:url\" content=\"https:\/\/forbetterbeing.com\/index.php\/fr\/massage-thai\/\" \/>\n<meta property=\"og:site_name\" content=\"Mieux \u00eatre\" \/>\n<meta property=\"article:modified_time\" content=\"2022-04-10T00:12:40+00:00\" \/>\n<meta property=\"og:image\" content=\"https:\/\/forbetterbeing.com\/wp-content\/uploads\/2016\/12\/thai-ben-1-2-243x300.jpg\" \/>\n<meta name=\"twitter:card\" content=\"summary_large_image\" \/>\n<meta name=\"twitter:label1\" content=\"Est. reading time\" \/>\n\t<meta name=\"twitter:data1\" content=\"2 minutes\" \/>\n<script type=\"application\/ld+json\" class=\"yoast-schema-graph\">{\"@context\":\"https:\\\/\\\/schema.org\",\"@graph\":[{\"@type\":\"WebPage\",\"@id\":\"https:\\\/\\\/forbetterbeing.com\\\/index.php\\\/fr\\\/massage-thai\\\/\",\"url\":\"https:\\\/\\\/forbetterbeing.com\\\/index.php\\\/fr\\\/massage-thai\\\/\",\"name\":\"Massage Tha\u00ef - Mieux \u00eatre\",\"isPartOf\":{\"@id\":\"https:\\\/\\\/forbetterbeing.com\\\/#website\"},\"primaryImageOfPage\":{\"@id\":\"https:\\\/\\\/forbetterbeing.com\\\/index.php\\\/fr\\\/massage-thai\\\/#primaryimage\"},\"image\":{\"@id\":\"https:\\\/\\\/forbetterbeing.com\\\/index.php\\\/fr\\\/massage-thai\\\/#primaryimage\"},\"thumbnailUrl\":\"https:\\\/\\\/forbetterbeing.com\\\/wp-content\\\/uploads\\\/2016\\\/12\\\/thai-ben-1-2-243x300.jpg\",\"datePublished\":\"2016-12-04T01:12:55+00:00\",\"dateModified\":\"2022-04-10T00:12:40+00:00\",\"description\":\"massage thai Florence Debout\",\"breadcrumb\":{\"@id\":\"https:\\\/\\\/forbetterbeing.com\\\/index.php\\\/fr\\\/massage-thai\\\/#breadcrumb\"},\"inLanguage\":\"en-US\",\"potentialAction\":[{\"@type\":\"ReadAction\",\"target\":[\"https:\\\/\\\/forbetterbeing.com\\\/index.php\\\/fr\\\/massage-thai\\\/\"]}]},{\"@type\":\"ImageObject\",\"inLanguage\":\"en-US\",\"@id\":\"https:\\\/\\\/forbetterbeing.com\\\/index.php\\\/fr\\\/massage-thai\\\/#primaryimage\",\"url\":\"https:\\\/\\\/forbetterbeing.com\\\/wp-content\\\/uploads\\\/2016\\\/12\\\/thai-ben-1-2.jpg\",\"contentUrl\":\"https:\\\/\\\/forbetterbeing.com\\\/wp-content\\\/uploads\\\/2016\\\/12\\\/thai-ben-1-2.jpg\",\"width\":1815,\"height\":2237},{\"@type\":\"BreadcrumbList\",\"@id\":\"https:\\\/\\\/forbetterbeing.com\\\/index.php\\\/fr\\\/massage-thai\\\/#breadcrumb\",\"itemListElement\":[{\"@type\":\"ListItem\",\"position\":1,\"name\":\"Home\",\"item\":\"https:\\\/\\\/forbetterbeing.com\\\/index.php\\\/en\\\/home\\\/\"},{\"@type\":\"ListItem\",\"position\":2,\"name\":\"Massage Tha\u00ef\"}]},{\"@type\":\"WebSite\",\"@id\":\"https:\\\/\\\/forbetterbeing.com\\\/#website\",\"url\":\"https:\\\/\\\/forbetterbeing.com\\\/\",\"name\":\"Mieux \u00eatre\",\"description\":\"Massage, Yoga, Mindfulness\",\"publisher\":{\"@id\":\"https:\\\/\\\/forbetterbeing.com\\\/#\\\/schema\\\/person\\\/a726b0b7f0859b6cbd3e347c25a08642\"},\"potentialAction\":[{\"@type\":\"SearchAction\",\"target\":{\"@type\":\"EntryPoint\",\"urlTemplate\":\"https:\\\/\\\/forbetterbeing.com\\\/?s={search_term_string}\"},\"query-input\":{\"@type\":\"PropertyValueSpecification\",\"valueRequired\":true,\"valueName\":\"search_term_string\"}}],\"inLanguage\":\"en-US\"},{\"@type\":[\"Person\",\"Organization\"],\"@id\":\"https:\\\/\\\/forbetterbeing.com\\\/#\\\/schema\\\/person\\\/a726b0b7f0859b6cbd3e347c25a08642\",\"name\":\"wingedprincess\",\"image\":{\"@type\":\"ImageObject\",\"inLanguage\":\"en-US\",\"@id\":\"https:\\\/\\\/secure.gravatar.com\\\/avatar\\\/4f237bb229c5fccbb1ce1a6c89dd0f1852cc8b6a835b0aa52fbd0ba65345127d?s=96&d=mm&r=g\",\"url\":\"https:\\\/\\\/secure.gravatar.com\\\/avatar\\\/4f237bb229c5fccbb1ce1a6c89dd0f1852cc8b6a835b0aa52fbd0ba65345127d?s=96&d=mm&r=g\",\"contentUrl\":\"https:\\\/\\\/secure.gravatar.com\\\/avatar\\\/4f237bb229c5fccbb1ce1a6c89dd0f1852cc8b6a835b0aa52fbd0ba65345127d?s=96&d=mm&r=g\",\"caption\":\"wingedprincess\"},\"logo\":{\"@id\":\"https:\\\/\\\/secure.gravatar.com\\\/avatar\\\/4f237bb229c5fccbb1ce1a6c89dd0f1852cc8b6a835b0aa52fbd0ba65345127d?s=96&d=mm&r=g\"}}]}<\/script>\n<!-- \/ Yoast SEO plugin. -->","yoast_head_json":{"title":"Massage Tha\u00ef - Mieux \u00eatre","description":"massage thai Florence Debout","robots":{"index":"index","follow":"follow","max-snippet":"max-snippet:-1","max-image-preview":"max-image-preview:large","max-video-preview":"max-video-preview:-1"},"canonical":"https:\/\/forbetterbeing.com\/index.php\/fr\/massage-thai\/","og_locale":"en_US","og_type":"article","og_title":"Massage Tha\u00ef - Mieux \u00eatre","og_description":"massage thai Florence Debout","og_url":"https:\/\/forbetterbeing.com\/index.php\/fr\/massage-thai\/","og_site_name":"Mieux \u00eatre","article_modified_time":"2022-04-10T00:12:40+00:00","og_image":[{"url":"https:\/\/forbetterbeing.com\/wp-content\/uploads\/2016\/12\/thai-ben-1-2-243x300.jpg","type":"","width":"","height":""}],"twitter_card":"summary_large_image","twitter_misc":{"Est. reading time":"2 minutes"},"schema":{"@context":"https:\/\/schema.org","@graph":[{"@type":"WebPage","@id":"https:\/\/forbetterbeing.com\/index.php\/fr\/massage-thai\/","url":"https:\/\/forbetterbeing.com\/index.php\/fr\/massage-thai\/","name":"Massage Tha\u00ef - Mieux \u00eatre","isPartOf":{"@id":"https:\/\/forbetterbeing.com\/#website"},"primaryImageOfPage":{"@id":"https:\/\/forbetterbeing.com\/index.php\/fr\/massage-thai\/#primaryimage"},"image":{"@id":"https:\/\/forbetterbeing.com\/index.php\/fr\/massage-thai\/#primaryimage"},"thumbnailUrl":"https:\/\/forbetterbeing.com\/wp-content\/uploads\/2016\/12\/thai-ben-1-2-243x300.jpg","datePublished":"2016-12-04T01:12:55+00:00","dateModified":"2022-04-10T00:12:40+00:00","description":"massage thai Florence Debout","breadcrumb":{"@id":"https:\/\/forbetterbeing.com\/index.php\/fr\/massage-thai\/#breadcrumb"},"inLanguage":"en-US","potentialAction":[{"@type":"ReadAction","target":["https:\/\/forbetterbeing.com\/index.php\/fr\/massage-thai\/"]}]},{"@type":"ImageObject","inLanguage":"en-US","@id":"https:\/\/forbetterbeing.com\/index.php\/fr\/massage-thai\/#primaryimage","url":"https:\/\/forbetterbeing.com\/wp-content\/uploads\/2016\/12\/thai-ben-1-2.jpg","contentUrl":"https:\/\/forbetterbeing.com\/wp-content\/uploads\/2016\/12\/thai-ben-1-2.jpg","width":1815,"height":2237},{"@type":"BreadcrumbList","@id":"https:\/\/forbetterbeing.com\/index.php\/fr\/massage-thai\/#breadcrumb","itemListElement":[{"@type":"ListItem","position":1,"name":"Home","item":"https:\/\/forbetterbeing.com\/index.php\/en\/home\/"},{"@type":"ListItem","position":2,"name":"Massage Tha\u00ef"}]},{"@type":"WebSite","@id":"https:\/\/forbetterbeing.com\/#website","url":"https:\/\/forbetterbeing.com\/","name":"Mieux \u00eatre","description":"Massage, Yoga, Mindfulness","publisher":{"@id":"https:\/\/forbetterbeing.com\/#\/schema\/person\/a726b0b7f0859b6cbd3e347c25a08642"},"potentialAction":[{"@type":"SearchAction","target":{"@type":"EntryPoint","urlTemplate":"https:\/\/forbetterbeing.com\/?s={search_term_string}"},"query-input":{"@type":"PropertyValueSpecification","valueRequired":true,"valueName":"search_term_string"}}],"inLanguage":"en-US"},{"@type":["Person","Organization"],"@id":"https:\/\/forbetterbeing.com\/#\/schema\/person\/a726b0b7f0859b6cbd3e347c25a08642","name":"wingedprincess","image":{"@type":"ImageObject","inLanguage":"en-US","@id":"https:\/\/secure.gravatar.com\/avatar\/4f237bb229c5fccbb1ce1a6c89dd0f1852cc8b6a835b0aa52fbd0ba65345127d?s=96&d=mm&r=g","url":"https:\/\/secure.gravatar.com\/avatar\/4f237bb229c5fccbb1ce1a6c89dd0f1852cc8b6a835b0aa52fbd0ba65345127d?s=96&d=mm&r=g","contentUrl":"https:\/\/secure.gravatar.com\/avatar\/4f237bb229c5fccbb1ce1a6c89dd0f1852cc8b6a835b0aa52fbd0ba65345127d?s=96&d=mm&r=g","caption":"wingedprincess"},"logo":{"@id":"https:\/\/secure.gravatar.com\/avatar\/4f237bb229c5fccbb1ce1a6c89dd0f1852cc8b6a835b0aa52fbd0ba65345127d?s=96&d=mm&r=g"}}]}},"_links":{"self":[{"href":"https:\/\/forbetterbeing.com\/index.php\/wp-json\/wp\/v2\/pages\/382","targetHints":{"allow":["GET"]}}],"collection":[{"href":"https:\/\/forbetterbeing.com\/index.php\/wp-json\/wp\/v2\/pages"}],"about":[{"href":"https:\/\/forbetterbeing.com\/index.php\/wp-json\/wp\/v2\/types\/page"}],"author":[{"embeddable":true,"href":"https:\/\/forbetterbeing.com\/index.php\/wp-json\/wp\/v2\/users\/1"}],"replies":[{"embeddable":true,"href":"https:\/\/forbetterbeing.com\/index.php\/wp-json\/wp\/v2\/comments?post=382"}],"version-history":[{"count":11,"href":"https:\/\/forbetterbeing.com\/index.php\/wp-json\/wp\/v2\/pages\/382\/revisions"}],"predecessor-version":[{"id":972,"href":"https:\/\/forbetterbeing.com\/index.php\/wp-json\/wp\/v2\/pages\/382\/revisions\/972"}],"wp:attachment":[{"href":"https:\/\/forbetterbeing.com\/index.php\/wp-json\/wp\/v2\/media?parent=382"}],"curies":[{"name":"wp","href":"https:\/\/api.w.org\/{rel}","templated":true}]}}