{"id":384,"date":"2016-12-04T01:13:36","date_gmt":"2016-12-04T01:13:36","guid":{"rendered":"http:\/\/forbetterbeing.com\/?page_id=384"},"modified":"2022-04-10T00:14:20","modified_gmt":"2022-04-10T00:14:20","slug":"massage-ayurvedique","status":"publish","type":"page","link":"https:\/\/forbetterbeing.com\/index.php\/fr\/massage-ayurvedique\/","title":{"rendered":"Massage Ayurv\u00e9dique"},"content":{"rendered":"<p><a href=\"https:\/\/forbetterbeing.com\/wp-content\/uploads\/2016\/12\/buddha.jpg\"><img loading=\"lazy\" decoding=\"async\" class=\"size-medium wp-image-468 alignright\" src=\"https:\/\/forbetterbeing.com\/wp-content\/uploads\/2016\/12\/buddha-300x225.jpg\" alt=\"\" width=\"300\" height=\"225\" srcset=\"https:\/\/forbetterbeing.com\/wp-content\/uploads\/2016\/12\/buddha-300x225.jpg 300w, https:\/\/forbetterbeing.com\/wp-content\/uploads\/2016\/12\/buddha.jpg 640w\" sizes=\"auto, (max-width: 300px) 100vw, 300px\" \/><\/a><\/p>\n<p>La premi\u00e8re \u00e9tape du massage Ayurv\u00e9dique est un bilan constitutionnel. Le\/la praticien(ne) \u00e9value votre\u00a0<strong>constitution doshique<\/strong>\u00a0<strong>unique<\/strong>\u00a0(Prakruti) ainsi que vos\u00a0<strong>\u00e9ventuels d\u00e9s\u00e9quilibres<\/strong>\u00a0(Vikruti).<\/p>\n<p>Cette \u00e9valuation comprend un entretien minutieux, ainsi qu\u2019une prise de pouls, un examen de la langue, de l\u2019iris, du visage, et de la peau.<\/p>\n<p>Ce bilan permet de choisir <strong>l\u2019huile bio enrichie en<\/strong>\u00a0<strong>huiles essentielles<\/strong>\u00a0qui convient le mieux \u00e0 vos besoins particuliers (<strong>ou de ne pas utiliser d\u2019huile<\/strong> dans certains cas) et de <strong>personnaliser votre s\u00e9ance.<\/strong><\/p>\n<p>Les techniques du massage Ayurv\u00e9diques incluent le travail sur les <strong>Marmas<\/strong> ou points d\u2019\u00e9nergie.<\/p>\n<p>Le massage Ayurv\u00e9dique ou Abhyanga est une s\u00e9ance compl\u00e8te id\u00e9ale pour aider \u00e0 :<\/p>\n<ul>\n<li>Promouvoir\u00a0<strong>bien-\u00eatre et relaxation<\/strong><\/li>\n<li>Retrouver\u00a0<strong>vitalit\u00e9 et \u00e9quilibre doshique<\/strong><\/li>\n<li>Am\u00e9liorer le\u00a0<strong>lustre de la peau<\/strong>\u00a0et le tonus musculaire<\/li>\n<li>Promouvoir une meilleure\u00a0<strong>concentration<\/strong><\/li>\n<li>Amener \u00e0 une meilleure\u00a0<strong>conscience corporelle<\/strong><\/li>\n<\/ul>\n<p>Florence apprend \u00e0 faire un bilan Ayurv\u00e9dique avec <strong>Kam Thye Chow<\/strong> au Canada, alors qu\u2019elle se perfectionne dans le massage Thai. Elle entreprend ensuite des \u00e9tudes avec <strong>le Docteur Lad <\/strong>(Inde et Nouveau Mexique). Elle obtient un dipl\u00f4me de <strong>Conseill\u00e8re de sant\u00e9 selon l\u2019Ayurveda, <\/strong>et se sp\u00e9cialise en faisant des formations continues, toujours avec le Dr. Lad, comme l\u2019\u00e9tude des Marmas et la pharmacop\u00e9e Ayurv\u00e9dique pour les pathologies sp\u00e9cifiques.<\/p>\n","protected":false},"excerpt":{"rendered":"<p>La premi\u00e8re \u00e9tape du massage Ayurv\u00e9dique est un bilan constitutionnel. Le\/la praticien(ne) \u00e9value votre\u00a0constitution doshique\u00a0unique\u00a0(Prakruti) ainsi que vos\u00a0\u00e9ventuels d\u00e9s\u00e9quilibres\u00a0(Vikruti). Cette \u00e9valuation comprend un entretien minutieux, ainsi qu\u2019une prise de pouls, un examen de la langue, de l\u2019iris, du visage, et de la peau. Ce bilan permet de choisir l\u2019huile bio enrichie en\u00a0huiles essentielles\u00a0qui convient le &hellip; <a href=\"https:\/\/forbetterbeing.com\/index.php\/fr\/massage-ayurvedique\/\" class=\"more-link\">Continue reading <span class=\"screen-reader-text\">Massage Ayurv\u00e9dique<\/span> <span class=\"meta-nav\">&rarr;<\/span><\/a><\/p>\n","protected":false},"author":1,"featured_media":0,"parent":0,"menu_order":0,"comment_status":"closed","ping_status":"closed","template":"","meta":{"footnotes":""},"class_list":["post-384","page","type-page","status-publish","hentry"],"yoast_head":"<!-- This site is optimized with the Yoast SEO plugin v27.4 - https:\/\/yoast.com\/product\/yoast-seo-wordpress\/ -->\n<title>Massage Ayurv\u00e9dique - Mieux \u00eatre<\/title>\n<meta name=\"description\" content=\"massage ayurvedique Florence Debout\" \/>\n<meta name=\"robots\" content=\"index, follow, max-snippet:-1, max-image-preview:large, max-video-preview:-1\" \/>\n<link rel=\"canonical\" href=\"https:\/\/forbetterbeing.com\/index.php\/fr\/massage-ayurvedique\/\" \/>\n<meta property=\"og:locale\" content=\"en_US\" \/>\n<meta property=\"og:type\" content=\"article\" \/>\n<meta property=\"og:title\" content=\"Massage Ayurv\u00e9dique - Mieux \u00eatre\" \/>\n<meta property=\"og:description\" content=\"massage ayurvedique Florence Debout\" \/>\n<meta property=\"og:url\" content=\"https:\/\/forbetterbeing.com\/index.php\/fr\/massage-ayurvedique\/\" \/>\n<meta property=\"og:site_name\" content=\"Mieux \u00eatre\" \/>\n<meta property=\"article:modified_time\" content=\"2022-04-10T00:14:20+00:00\" \/>\n<meta property=\"og:image\" content=\"https:\/\/forbetterbeing.com\/wp-content\/uploads\/2016\/12\/buddha-300x225.jpg\" \/>\n<meta name=\"twitter:card\" content=\"summary_large_image\" \/>\n<meta name=\"twitter:label1\" content=\"Est. reading time\" \/>\n\t<meta name=\"twitter:data1\" content=\"2 minutes\" \/>\n<script type=\"application\/ld+json\" class=\"yoast-schema-graph\">{\"@context\":\"https:\\\/\\\/schema.org\",\"@graph\":[{\"@type\":\"WebPage\",\"@id\":\"https:\\\/\\\/forbetterbeing.com\\\/index.php\\\/fr\\\/massage-ayurvedique\\\/\",\"url\":\"https:\\\/\\\/forbetterbeing.com\\\/index.php\\\/fr\\\/massage-ayurvedique\\\/\",\"name\":\"Massage Ayurv\u00e9dique - Mieux \u00eatre\",\"isPartOf\":{\"@id\":\"https:\\\/\\\/forbetterbeing.com\\\/#website\"},\"primaryImageOfPage\":{\"@id\":\"https:\\\/\\\/forbetterbeing.com\\\/index.php\\\/fr\\\/massage-ayurvedique\\\/#primaryimage\"},\"image\":{\"@id\":\"https:\\\/\\\/forbetterbeing.com\\\/index.php\\\/fr\\\/massage-ayurvedique\\\/#primaryimage\"},\"thumbnailUrl\":\"https:\\\/\\\/forbetterbeing.com\\\/wp-content\\\/uploads\\\/2016\\\/12\\\/buddha-300x225.jpg\",\"datePublished\":\"2016-12-04T01:13:36+00:00\",\"dateModified\":\"2022-04-10T00:14:20+00:00\",\"description\":\"massage ayurvedique Florence Debout\",\"breadcrumb\":{\"@id\":\"https:\\\/\\\/forbetterbeing.com\\\/index.php\\\/fr\\\/massage-ayurvedique\\\/#breadcrumb\"},\"inLanguage\":\"en-US\",\"potentialAction\":[{\"@type\":\"ReadAction\",\"target\":[\"https:\\\/\\\/forbetterbeing.com\\\/index.php\\\/fr\\\/massage-ayurvedique\\\/\"]}]},{\"@type\":\"ImageObject\",\"inLanguage\":\"en-US\",\"@id\":\"https:\\\/\\\/forbetterbeing.com\\\/index.php\\\/fr\\\/massage-ayurvedique\\\/#primaryimage\",\"url\":\"https:\\\/\\\/forbetterbeing.com\\\/wp-content\\\/uploads\\\/2016\\\/12\\\/buddha.jpg\",\"contentUrl\":\"https:\\\/\\\/forbetterbeing.com\\\/wp-content\\\/uploads\\\/2016\\\/12\\\/buddha.jpg\",\"width\":640,\"height\":480,\"caption\":\"Florence Debout - Buddha\"},{\"@type\":\"BreadcrumbList\",\"@id\":\"https:\\\/\\\/forbetterbeing.com\\\/index.php\\\/fr\\\/massage-ayurvedique\\\/#breadcrumb\",\"itemListElement\":[{\"@type\":\"ListItem\",\"position\":1,\"name\":\"Home\",\"item\":\"https:\\\/\\\/forbetterbeing.com\\\/index.php\\\/en\\\/home\\\/\"},{\"@type\":\"ListItem\",\"position\":2,\"name\":\"Massage Ayurv\u00e9dique\"}]},{\"@type\":\"WebSite\",\"@id\":\"https:\\\/\\\/forbetterbeing.com\\\/#website\",\"url\":\"https:\\\/\\\/forbetterbeing.com\\\/\",\"name\":\"Mieux \u00eatre\",\"description\":\"Massage, Yoga, Mindfulness\",\"publisher\":{\"@id\":\"https:\\\/\\\/forbetterbeing.com\\\/#\\\/schema\\\/person\\\/a726b0b7f0859b6cbd3e347c25a08642\"},\"potentialAction\":[{\"@type\":\"SearchAction\",\"target\":{\"@type\":\"EntryPoint\",\"urlTemplate\":\"https:\\\/\\\/forbetterbeing.com\\\/?s={search_term_string}\"},\"query-input\":{\"@type\":\"PropertyValueSpecification\",\"valueRequired\":true,\"valueName\":\"search_term_string\"}}],\"inLanguage\":\"en-US\"},{\"@type\":[\"Person\",\"Organization\"],\"@id\":\"https:\\\/\\\/forbetterbeing.com\\\/#\\\/schema\\\/person\\\/a726b0b7f0859b6cbd3e347c25a08642\",\"name\":\"wingedprincess\",\"image\":{\"@type\":\"ImageObject\",\"inLanguage\":\"en-US\",\"@id\":\"https:\\\/\\\/secure.gravatar.com\\\/avatar\\\/4f237bb229c5fccbb1ce1a6c89dd0f1852cc8b6a835b0aa52fbd0ba65345127d?s=96&d=mm&r=g\",\"url\":\"https:\\\/\\\/secure.gravatar.com\\\/avatar\\\/4f237bb229c5fccbb1ce1a6c89dd0f1852cc8b6a835b0aa52fbd0ba65345127d?s=96&d=mm&r=g\",\"contentUrl\":\"https:\\\/\\\/secure.gravatar.com\\\/avatar\\\/4f237bb229c5fccbb1ce1a6c89dd0f1852cc8b6a835b0aa52fbd0ba65345127d?s=96&d=mm&r=g\",\"caption\":\"wingedprincess\"},\"logo\":{\"@id\":\"https:\\\/\\\/secure.gravatar.com\\\/avatar\\\/4f237bb229c5fccbb1ce1a6c89dd0f1852cc8b6a835b0aa52fbd0ba65345127d?s=96&d=mm&r=g\"}}]}<\/script>\n<!-- \/ Yoast SEO plugin. -->","yoast_head_json":{"title":"Massage Ayurv\u00e9dique - Mieux \u00eatre","description":"massage ayurvedique Florence Debout","robots":{"index":"index","follow":"follow","max-snippet":"max-snippet:-1","max-image-preview":"max-image-preview:large","max-video-preview":"max-video-preview:-1"},"canonical":"https:\/\/forbetterbeing.com\/index.php\/fr\/massage-ayurvedique\/","og_locale":"en_US","og_type":"article","og_title":"Massage Ayurv\u00e9dique - Mieux \u00eatre","og_description":"massage ayurvedique Florence Debout","og_url":"https:\/\/forbetterbeing.com\/index.php\/fr\/massage-ayurvedique\/","og_site_name":"Mieux \u00eatre","article_modified_time":"2022-04-10T00:14:20+00:00","og_image":[{"url":"https:\/\/forbetterbeing.com\/wp-content\/uploads\/2016\/12\/buddha-300x225.jpg","type":"","width":"","height":""}],"twitter_card":"summary_large_image","twitter_misc":{"Est. reading time":"2 minutes"},"schema":{"@context":"https:\/\/schema.org","@graph":[{"@type":"WebPage","@id":"https:\/\/forbetterbeing.com\/index.php\/fr\/massage-ayurvedique\/","url":"https:\/\/forbetterbeing.com\/index.php\/fr\/massage-ayurvedique\/","name":"Massage Ayurv\u00e9dique - Mieux \u00eatre","isPartOf":{"@id":"https:\/\/forbetterbeing.com\/#website"},"primaryImageOfPage":{"@id":"https:\/\/forbetterbeing.com\/index.php\/fr\/massage-ayurvedique\/#primaryimage"},"image":{"@id":"https:\/\/forbetterbeing.com\/index.php\/fr\/massage-ayurvedique\/#primaryimage"},"thumbnailUrl":"https:\/\/forbetterbeing.com\/wp-content\/uploads\/2016\/12\/buddha-300x225.jpg","datePublished":"2016-12-04T01:13:36+00:00","dateModified":"2022-04-10T00:14:20+00:00","description":"massage ayurvedique Florence Debout","breadcrumb":{"@id":"https:\/\/forbetterbeing.com\/index.php\/fr\/massage-ayurvedique\/#breadcrumb"},"inLanguage":"en-US","potentialAction":[{"@type":"ReadAction","target":["https:\/\/forbetterbeing.com\/index.php\/fr\/massage-ayurvedique\/"]}]},{"@type":"ImageObject","inLanguage":"en-US","@id":"https:\/\/forbetterbeing.com\/index.php\/fr\/massage-ayurvedique\/#primaryimage","url":"https:\/\/forbetterbeing.com\/wp-content\/uploads\/2016\/12\/buddha.jpg","contentUrl":"https:\/\/forbetterbeing.com\/wp-content\/uploads\/2016\/12\/buddha.jpg","width":640,"height":480,"caption":"Florence Debout - Buddha"},{"@type":"BreadcrumbList","@id":"https:\/\/forbetterbeing.com\/index.php\/fr\/massage-ayurvedique\/#breadcrumb","itemListElement":[{"@type":"ListItem","position":1,"name":"Home","item":"https:\/\/forbetterbeing.com\/index.php\/en\/home\/"},{"@type":"ListItem","position":2,"name":"Massage Ayurv\u00e9dique"}]},{"@type":"WebSite","@id":"https:\/\/forbetterbeing.com\/#website","url":"https:\/\/forbetterbeing.com\/","name":"Mieux \u00eatre","description":"Massage, Yoga, Mindfulness","publisher":{"@id":"https:\/\/forbetterbeing.com\/#\/schema\/person\/a726b0b7f0859b6cbd3e347c25a08642"},"potentialAction":[{"@type":"SearchAction","target":{"@type":"EntryPoint","urlTemplate":"https:\/\/forbetterbeing.com\/?s={search_term_string}"},"query-input":{"@type":"PropertyValueSpecification","valueRequired":true,"valueName":"search_term_string"}}],"inLanguage":"en-US"},{"@type":["Person","Organization"],"@id":"https:\/\/forbetterbeing.com\/#\/schema\/person\/a726b0b7f0859b6cbd3e347c25a08642","name":"wingedprincess","image":{"@type":"ImageObject","inLanguage":"en-US","@id":"https:\/\/secure.gravatar.com\/avatar\/4f237bb229c5fccbb1ce1a6c89dd0f1852cc8b6a835b0aa52fbd0ba65345127d?s=96&d=mm&r=g","url":"https:\/\/secure.gravatar.com\/avatar\/4f237bb229c5fccbb1ce1a6c89dd0f1852cc8b6a835b0aa52fbd0ba65345127d?s=96&d=mm&r=g","contentUrl":"https:\/\/secure.gravatar.com\/avatar\/4f237bb229c5fccbb1ce1a6c89dd0f1852cc8b6a835b0aa52fbd0ba65345127d?s=96&d=mm&r=g","caption":"wingedprincess"},"logo":{"@id":"https:\/\/secure.gravatar.com\/avatar\/4f237bb229c5fccbb1ce1a6c89dd0f1852cc8b6a835b0aa52fbd0ba65345127d?s=96&d=mm&r=g"}}]}},"_links":{"self":[{"href":"https:\/\/forbetterbeing.com\/index.php\/wp-json\/wp\/v2\/pages\/384","targetHints":{"allow":["GET"]}}],"collection":[{"href":"https:\/\/forbetterbeing.com\/index.php\/wp-json\/wp\/v2\/pages"}],"about":[{"href":"https:\/\/forbetterbeing.com\/index.php\/wp-json\/wp\/v2\/types\/page"}],"author":[{"embeddable":true,"href":"https:\/\/forbetterbeing.com\/index.php\/wp-json\/wp\/v2\/users\/1"}],"replies":[{"embeddable":true,"href":"https:\/\/forbetterbeing.com\/index.php\/wp-json\/wp\/v2\/comments?post=384"}],"version-history":[{"count":9,"href":"https:\/\/forbetterbeing.com\/index.php\/wp-json\/wp\/v2\/pages\/384\/revisions"}],"predecessor-version":[{"id":974,"href":"https:\/\/forbetterbeing.com\/index.php\/wp-json\/wp\/v2\/pages\/384\/revisions\/974"}],"wp:attachment":[{"href":"https:\/\/forbetterbeing.com\/index.php\/wp-json\/wp\/v2\/media?parent=384"}],"curies":[{"name":"wp","href":"https:\/\/api.w.org\/{rel}","templated":true}]}}