{"id":488,"date":"2016-12-17T20:31:39","date_gmt":"2016-12-17T20:31:39","guid":{"rendered":"http:\/\/forbetterbeing.com\/?page_id=488"},"modified":"2023-12-26T11:34:06","modified_gmt":"2023-12-26T11:34:06","slug":"formations","status":"publish","type":"page","link":"https:\/\/forbetterbeing.com\/index.php\/fr\/formations\/","title":{"rendered":"Formations"},"content":{"rendered":"\n<h2 class=\"wp-block-heading\" id=\"Formations_Fr\"><strong>Formations pr\u00e9vues en France <\/strong>2024 :<\/h2>\n\n\n<div class=\"wp-block-image\">\n<figure class=\"alignright\"><a href=\"https:\/\/forbetterbeing.com\/wp-content\/uploads\/2016\/12\/shelley.jpg\"><img loading=\"lazy\" decoding=\"async\" width=\"300\" height=\"237\" src=\"https:\/\/forbetterbeing.com\/wp-content\/uploads\/2016\/12\/shelley-300x237.jpg\" alt=\"\" class=\"wp-image-544\" srcset=\"https:\/\/forbetterbeing.com\/wp-content\/uploads\/2016\/12\/shelley-300x237.jpg 300w, https:\/\/forbetterbeing.com\/wp-content\/uploads\/2016\/12\/shelley.jpg 592w\" sizes=\"auto, (max-width: 300px) 100vw, 300px\" \/><\/a><\/figure>\n<\/div>\n\n\n<p><strong>Anatomie Palpatoire Appliqu\u00e9e pour les profs de yoga et les praticiens de massage. Massage Su\u00e9dois (\u00ab&nbsp;californien&nbsp;\u00bb), Massage sportif, Massage Ayurv\u00e9dique, Massage Thai-Yoga,&nbsp;<\/strong>Dates \u00e0 venir. Descriptifs ci-dessous.<\/p>\n\n\n\n<h2 class=\"wp-block-heading\" id=\"Info_Fr\"><strong>Infos pratiques&nbsp;:<\/strong><\/h2>\n\n\n\n<div class=\"wp-block-columns is-layout-flex wp-container-core-columns-is-layout-9d6595d7 wp-block-columns-is-layout-flex\">\n<div class=\"wp-block-column is-layout-flow wp-block-column-is-layout-flow\">\n<ul class=\"wp-block-list\">\n<li>Toutes les formations sont&nbsp;<strong>agr\u00e9\u00e9es par la Yoga Alliance Internationale (YA)<\/strong>&nbsp;ou&nbsp;<strong>l\u2019American Massage Therapy Association (AMTA)<\/strong>. Les dipl\u00f4mes comptent pour les heures de formation continue.<\/li>\n\n\n\n<li>Un&nbsp;<strong>maximum de 10 \u00e9l\u00e8ves par formation<\/strong>&nbsp;assure une attention individuelle \u00e0 chacun. Un dipl\u00f4me est remis apr\u00e8s une r\u00e9vision de l\u2019ensemble des techniques et un contr\u00f4le des connaissances.<\/li>\n<\/ul>\n<\/div>\n<\/div>\n\n\n\n<h2 class=\"wp-block-heading\" id=\"Formatrice_Fr\" style=\"font-style:normal;font-weight:700\"><strong>Votre formatrice :<\/strong><\/h2>\n\n\n\n<div class=\"wp-block-columns is-layout-flex wp-container-core-columns-is-layout-9d6595d7 wp-block-columns-is-layout-flex\">\n<div class=\"wp-block-column is-layout-flow wp-block-column-is-layout-flow\" style=\"flex-basis:66.66%\">\n<ul class=\"wp-block-list\">\n<li><strong>25 ans d\u2019exp\u00e9rience en tant que Physioth\u00e9rapeute Sportif<\/strong>. Une Maitrise de physiologie de l\u2019Exercice et un dipl\u00f4me de Massoth\u00e9rapie Sportive (1999)<\/li>\n\n\n\n<li><strong>18 ans d\u2019exp\u00e9rience en tant que professeur de yoga<\/strong>. Un dipl\u00f4me de professeur de Yoga de 1000 heures + certification&nbsp;<strong>de 500 heures, Yoga Alliance RYT-500 (<\/strong>2006).&nbsp;<\/li>\n\n\n\n<li><strong>17 ans d\u2019exp\u00e9rience en tant que formatrice et conf\u00e9renci\u00e8re<\/strong>. Un dipl\u00f4me de<strong>&nbsp;Prestataire Certifi\u00e9e en \u00c9ducation Continue pour Yoga Alliance(YACEP,&nbsp;<\/strong>2016). Membre actif de L\u2019AMTA depuis 1999.<\/li>\n<\/ul>\n<\/div>\n\n\n\n<div class=\"wp-block-column is-layout-flow wp-block-column-is-layout-flow\" style=\"flex-basis:33.33%\">\n<figure class=\"wp-block-image size-full\"><a href=\"https:\/\/forbetterbeing.com\/wp-content\/uploads\/2016\/12\/sportive.jpg\"><img loading=\"lazy\" decoding=\"async\" width=\"640\" height=\"480\" src=\"https:\/\/forbetterbeing.com\/wp-content\/uploads\/2016\/12\/sportive.jpg\" alt=\"\" class=\"wp-image-570\" srcset=\"https:\/\/forbetterbeing.com\/wp-content\/uploads\/2016\/12\/sportive.jpg 640w, https:\/\/forbetterbeing.com\/wp-content\/uploads\/2016\/12\/sportive-300x225.jpg 300w\" sizes=\"auto, (max-width: 640px) 100vw, 640px\" \/><\/a><\/figure>\n<\/div>\n<\/div>\n\n\n\n<h2 class=\"wp-block-heading\" id=\"Descriptif_Fr\"><strong>Descriptif des formations \u00e0 venir<\/strong> :<\/h2>\n\n\n\n<h3 class=\"wp-block-heading\"><strong><em>Anatomie Palpatoire Appliqu\u00e9e pour les praticiens de massage et\/ou les professeurs de Yoga : Formation en trois modules de 2 jours&nbsp;:&nbsp;Squelette appendiculaire (extr\u00e9mit\u00e9s sup\u00e9rieures), squelette axial, squelette appendiculaire (extr\u00e9mit\u00e9s&nbsp;inf\u00e9rieures)<\/em><\/strong><\/h3>\n\n\n\n<p><strong>Objectif<\/strong>&nbsp;: Apprendre \u00e0 conna\u00eetre et localiser les os et les muscles principaux. Gr\u00e2ce \u00e0 des exercices pratiques, les stagiaires apprennent \u00e0 localiser chaque muscle et \u00e0 comprendre ses fonctions. Ce cours comprend \u00e9galement des techniques de massage, \u00e9tirements sp\u00e9cifiques, mouvements th\u00e9rapeutiques et postures de yoga.<br><strong>Dur\u00e9e<\/strong>&nbsp;: 2 jours, 14h par module<br><strong>Tarif<\/strong>&nbsp;: 290 euros les 2 jours<br>790 euros pour les 3 modules de 2 jours<\/p>\n\n\n\n<h3 class=\"wp-block-heading\"><strong><em>Massage Su\u00e9dois\/Californien : Formation sur 5 jours avec dipl\u00f4me<\/em><\/strong><br><a href=\"https:\/\/forbetterbeing.com\/wp-content\/uploads\/2016\/12\/sportive.jpg\"><strong><\/strong><\/a><strong><\/strong><\/h3>\n\n\n\n<p><strong><em>\u00ab&nbsp;Tout praticien dot\u00e9 d\u2019une formation solide en Su\u00e9dois et en anatomie peut ensuite adapter son massage en approfondissant les techniques qui le passionne&nbsp;\u00bb<\/em><\/strong><em>&nbsp;<\/em>-Florence<br><strong>Pr\u00e9requis<\/strong>&nbsp;: Anatomie Palpatoire. Nous contacter<br><strong>Objectif<\/strong>&nbsp;: \u00eatre capable de donner une s\u00e9ance de massage Su\u00e9dois\/Californien de 60 \u00e0 90 minutes, en respectant les besoins individuels de chaque client, et en maitrisant gestes, postures, et techniques de base du Massage Su\u00e9dois.<br><strong>Dur\u00e9e<\/strong>&nbsp;: 5 jours, 35 heures<br><strong>Tarif<\/strong>&nbsp;: 690 euros les 5 jours<\/p>\n\n\n\n<h3 class=\"wp-block-heading\"><strong><em>Massage Sportif : Formation sur 5 jours avec dipl\u00f4me<\/em><\/strong> <a href=\"https:\/\/forbetterbeing.com\/wp-content\/uploads\/2016\/12\/suedish.jpg\"><\/a><\/h3>\n\n\n\n<p><strong>Pr\u00e9requis<\/strong>&nbsp;: Massage Su\u00e9dois ou \u00e9quivalence. Nous contacter<br><strong>Objectif<\/strong>&nbsp;: \u00eatre capable de donner une s\u00e9ance de Massage Sportif de 20 \u00e0 90 minutes, en respectant les besoins individuels de chaque athl\u00e8te par rapport \u00e0 son activit\u00e9 sportive. Les stagiaires apprendront \u00e0 maitriser la sp\u00e9cificit\u00e9 du timing, ainsi que les manipulations pr\u00e9cises des 4 phases du Massage Sportif : 1) Avant comp\u00e9titions 2) Pendant et apr\u00e8s 3) Conditionnement\/entretien 4) R\u00e9cup\u00e9ration.<br><strong>Dur\u00e9e<\/strong>&nbsp;: 5 jours, 35 heures<br><strong>Tarif<\/strong>&nbsp;: 690 euros les 5 jours<\/p>\n\n\n\n<h3 class=\"wp-block-heading\"><strong><em>Massage Ayurv\u00e9dique : Formation sur 5 jours avec dipl\u00f4me<\/em><\/strong><\/h3>\n\n\n\n<p><strong>Objectif<\/strong>&nbsp;: Apprendre \u00e0 d\u00e9terminer la constitution Ayurv\u00e9dique (Prakruti) et les \u00e9ventuels d\u00e9s\u00e9quilibres (Vikruti) de chaque client. \u00catre capable de donner une s\u00e9ance de massage de 60 \u00e0 90 minutes en respectant les besoins individuels Doshiques (Vata, Pitta, and \/or Kapha) et en maitrisant gestes, postures, et techniques de base du Massage Ayurv\u00e9dique. Les stagiaires apprendront \u00e9galement \u00e0 choisir une huile appropri\u00e9e aux besoins de chaque client.<br><strong>Dur\u00e9e<\/strong>&nbsp;: 5 jours, 35 heures<br><strong>Tarif<\/strong>&nbsp;: 690 euros les 5 jours<\/p>\n\n\n\n<h3 class=\"wp-block-heading\"><strong><em>Massage Tha\u00ef Yoga niveau I : Formation sur 5 jours avec dipl\u00f4me<\/em><\/strong><\/h3>\n\n\n\n<p><strong>Objectif<\/strong>&nbsp;: \u00eatre capable de donner une s\u00e9ance de Massage Tha\u00ef Yoga de 60 \u00e0 90 minutes, en respectant les besoins individuels de chaque client, et en maitrisant gestes, postures, et techniques de base du Massage Tha\u00ef.<br><strong>Dur\u00e9e<\/strong>&nbsp;: 5 jours, 35 heures<br><strong>Tarif<\/strong>&nbsp;: 690 euros les 5 jours<\/p>\n\n\n\n<h3 class=\"wp-block-heading\"><strong><em>Massage Ayurv\u00e9dique : Formation sur 5 jours avec dipl\u00f4me<\/em><\/strong><\/h3>\n\n\n\n<p><strong>Objectif<\/strong>&nbsp;: Apprendre \u00e0 d\u00e9terminer la constitution Ayurv\u00e9dique (Prakruti) et les \u00e9ventuels d\u00e9s\u00e9quilibres (Vikruti) de chaque client. \u00catre capable de donner une s\u00e9ance de massage de 60 \u00e0 90 minutes en respectant les besoins individuels doshiques (Vata, Pitta, and \/or Kapha) et en maitrisant gestes, postures, et techniques de base du Massage Ayurv\u00e9dique. Les stagiaires apprendront \u00e9galement \u00e0 choisir une huile appropri\u00e9e aux besoins de chaque client.<br><strong>Dur\u00e9e<\/strong>&nbsp;: 5 jours, 35 heures<br><strong>Tarif<\/strong>&nbsp;: 690 euros les 5 jours<\/p>\n\n\n\n<h2 class=\"wp-block-heading\"><strong><strong>Formations&nbsp;&nbsp;USA&nbsp;202<\/strong><\/strong>4-25 :<\/h2>\n\n\n\n<ul class=\"wp-block-list\">\n<li><strong>Anatomie appliqu\u00e9e pour les professeurs de Yoga,&nbsp;TBA juillet,&nbsp;<\/strong>San Diego, Californie<\/li>\n\n\n\n<li><strong>Massage Su\u00e9dois (\u00ab&nbsp;Californien&nbsp;\u00bb), TBA juillet, San Antonio, Texas<\/strong><\/li>\n\n\n\n<li><strong>Ajustements pour les professeurs de yoga<\/strong>, TBA aout, Santa Fe, Nouveau Mexique<\/li>\n\n\n\n<li><strong>Yoga Therapy&nbsp;I :&nbsp;<\/strong>int\u00e9grer structure, fonction, syst\u00e8me nerveux, et Ayurveda, TBA octobre, Medford, Oregon<\/li>\n\n\n\n<li><strong>Massage sportif&nbsp;: techniques neuromusculaires,&nbsp;<\/strong>TBA d\u00e9cembre, San Antonio, Texas<\/li>\n\n\n\n<li><strong>Anatomie appliqu\u00e9e pour les professeurs de Yoga, Niveau II,&nbsp;<\/strong>TBA janvier, San Diego, Californie.<\/li>\n\n\n\n<li><strong>L\u2019art et la science des s\u00e9quences en yoga,&nbsp;TBA F\u00e9vrier<\/strong>, Santa Fe, Nouveau Mexique<\/li>\n<\/ul>\n\n\n\n<p>Toutes les formations sont agr\u00e9\u00e9es par l\u2019AMTA ou la YA. Les dipl\u00f4mes comptent pour les heures de formation continue.<\/p>\n\n\n\n<p><\/p>\n","protected":false},"excerpt":{"rendered":"<p>Formations pr\u00e9vues en France 2024 : Anatomie Palpatoire Appliqu\u00e9e pour les profs de yoga et les praticiens de massage. Massage Su\u00e9dois (\u00ab&nbsp;californien&nbsp;\u00bb), Massage sportif, Massage Ayurv\u00e9dique, Massage Thai-Yoga,&nbsp;Dates \u00e0 venir. Descriptifs ci-dessous. Infos pratiques&nbsp;: Votre formatrice : Descriptif des formations \u00e0 venir : Anatomie Palpatoire Appliqu\u00e9e pour les praticiens de massage et\/ou les professeurs de &hellip; <a href=\"https:\/\/forbetterbeing.com\/index.php\/fr\/formations\/\" class=\"more-link\">Continue reading <span class=\"screen-reader-text\">Formations<\/span> <span class=\"meta-nav\">&rarr;<\/span><\/a><\/p>\n","protected":false},"author":1,"featured_media":0,"parent":0,"menu_order":0,"comment_status":"closed","ping_status":"closed","template":"","meta":{"footnotes":""},"class_list":["post-488","page","type-page","status-publish","hentry"],"yoast_head":"<!-- This site is optimized with the Yoast SEO plugin v27.4 - https:\/\/yoast.com\/product\/yoast-seo-wordpress\/ -->\n<title>Formations - Mieux \u00eatre<\/title>\n<meta name=\"description\" content=\"formations Florence Debout\" \/>\n<meta name=\"robots\" content=\"index, follow, max-snippet:-1, max-image-preview:large, max-video-preview:-1\" \/>\n<link rel=\"canonical\" href=\"https:\/\/forbetterbeing.com\/index.php\/fr\/formations\/\" \/>\n<meta property=\"og:locale\" content=\"en_US\" \/>\n<meta property=\"og:type\" content=\"article\" \/>\n<meta property=\"og:title\" content=\"Formations - Mieux \u00eatre\" \/>\n<meta property=\"og:description\" content=\"formations Florence Debout\" \/>\n<meta property=\"og:url\" content=\"https:\/\/forbetterbeing.com\/index.php\/fr\/formations\/\" \/>\n<meta property=\"og:site_name\" content=\"Mieux \u00eatre\" \/>\n<meta property=\"article:modified_time\" content=\"2023-12-26T11:34:06+00:00\" \/>\n<meta property=\"og:image\" content=\"https:\/\/forbetterbeing.com\/wp-content\/uploads\/2016\/12\/shelley-300x237.jpg\" \/>\n<meta name=\"twitter:card\" content=\"summary_large_image\" \/>\n<meta name=\"twitter:label1\" content=\"Est. reading time\" \/>\n\t<meta name=\"twitter:data1\" content=\"4 minutes\" \/>\n<script type=\"application\/ld+json\" class=\"yoast-schema-graph\">{\"@context\":\"https:\\\/\\\/schema.org\",\"@graph\":[{\"@type\":\"WebPage\",\"@id\":\"https:\\\/\\\/forbetterbeing.com\\\/index.php\\\/fr\\\/formations\\\/\",\"url\":\"https:\\\/\\\/forbetterbeing.com\\\/index.php\\\/fr\\\/formations\\\/\",\"name\":\"Formations - Mieux \u00eatre\",\"isPartOf\":{\"@id\":\"https:\\\/\\\/forbetterbeing.com\\\/#website\"},\"primaryImageOfPage\":{\"@id\":\"https:\\\/\\\/forbetterbeing.com\\\/index.php\\\/fr\\\/formations\\\/#primaryimage\"},\"image\":{\"@id\":\"https:\\\/\\\/forbetterbeing.com\\\/index.php\\\/fr\\\/formations\\\/#primaryimage\"},\"thumbnailUrl\":\"https:\\\/\\\/forbetterbeing.com\\\/wp-content\\\/uploads\\\/2016\\\/12\\\/shelley-300x237.jpg\",\"datePublished\":\"2016-12-17T20:31:39+00:00\",\"dateModified\":\"2023-12-26T11:34:06+00:00\",\"description\":\"formations Florence Debout\",\"breadcrumb\":{\"@id\":\"https:\\\/\\\/forbetterbeing.com\\\/index.php\\\/fr\\\/formations\\\/#breadcrumb\"},\"inLanguage\":\"en-US\",\"potentialAction\":[{\"@type\":\"ReadAction\",\"target\":[\"https:\\\/\\\/forbetterbeing.com\\\/index.php\\\/fr\\\/formations\\\/\"]}]},{\"@type\":\"ImageObject\",\"inLanguage\":\"en-US\",\"@id\":\"https:\\\/\\\/forbetterbeing.com\\\/index.php\\\/fr\\\/formations\\\/#primaryimage\",\"url\":\"https:\\\/\\\/forbetterbeing.com\\\/wp-content\\\/uploads\\\/2016\\\/12\\\/shelley.jpg\",\"contentUrl\":\"https:\\\/\\\/forbetterbeing.com\\\/wp-content\\\/uploads\\\/2016\\\/12\\\/shelley.jpg\",\"width\":592,\"height\":467},{\"@type\":\"BreadcrumbList\",\"@id\":\"https:\\\/\\\/forbetterbeing.com\\\/index.php\\\/fr\\\/formations\\\/#breadcrumb\",\"itemListElement\":[{\"@type\":\"ListItem\",\"position\":1,\"name\":\"Home\",\"item\":\"https:\\\/\\\/forbetterbeing.com\\\/index.php\\\/en\\\/home\\\/\"},{\"@type\":\"ListItem\",\"position\":2,\"name\":\"Formations\"}]},{\"@type\":\"WebSite\",\"@id\":\"https:\\\/\\\/forbetterbeing.com\\\/#website\",\"url\":\"https:\\\/\\\/forbetterbeing.com\\\/\",\"name\":\"Mieux \u00eatre\",\"description\":\"Massage, Yoga, Mindfulness\",\"publisher\":{\"@id\":\"https:\\\/\\\/forbetterbeing.com\\\/#\\\/schema\\\/person\\\/a726b0b7f0859b6cbd3e347c25a08642\"},\"potentialAction\":[{\"@type\":\"SearchAction\",\"target\":{\"@type\":\"EntryPoint\",\"urlTemplate\":\"https:\\\/\\\/forbetterbeing.com\\\/?s={search_term_string}\"},\"query-input\":{\"@type\":\"PropertyValueSpecification\",\"valueRequired\":true,\"valueName\":\"search_term_string\"}}],\"inLanguage\":\"en-US\"},{\"@type\":[\"Person\",\"Organization\"],\"@id\":\"https:\\\/\\\/forbetterbeing.com\\\/#\\\/schema\\\/person\\\/a726b0b7f0859b6cbd3e347c25a08642\",\"name\":\"wingedprincess\",\"image\":{\"@type\":\"ImageObject\",\"inLanguage\":\"en-US\",\"@id\":\"https:\\\/\\\/secure.gravatar.com\\\/avatar\\\/4f237bb229c5fccbb1ce1a6c89dd0f1852cc8b6a835b0aa52fbd0ba65345127d?s=96&d=mm&r=g\",\"url\":\"https:\\\/\\\/secure.gravatar.com\\\/avatar\\\/4f237bb229c5fccbb1ce1a6c89dd0f1852cc8b6a835b0aa52fbd0ba65345127d?s=96&d=mm&r=g\",\"contentUrl\":\"https:\\\/\\\/secure.gravatar.com\\\/avatar\\\/4f237bb229c5fccbb1ce1a6c89dd0f1852cc8b6a835b0aa52fbd0ba65345127d?s=96&d=mm&r=g\",\"caption\":\"wingedprincess\"},\"logo\":{\"@id\":\"https:\\\/\\\/secure.gravatar.com\\\/avatar\\\/4f237bb229c5fccbb1ce1a6c89dd0f1852cc8b6a835b0aa52fbd0ba65345127d?s=96&d=mm&r=g\"}}]}<\/script>\n<!-- \/ Yoast SEO plugin. -->","yoast_head_json":{"title":"Formations - Mieux \u00eatre","description":"formations Florence Debout","robots":{"index":"index","follow":"follow","max-snippet":"max-snippet:-1","max-image-preview":"max-image-preview:large","max-video-preview":"max-video-preview:-1"},"canonical":"https:\/\/forbetterbeing.com\/index.php\/fr\/formations\/","og_locale":"en_US","og_type":"article","og_title":"Formations - Mieux \u00eatre","og_description":"formations Florence Debout","og_url":"https:\/\/forbetterbeing.com\/index.php\/fr\/formations\/","og_site_name":"Mieux \u00eatre","article_modified_time":"2023-12-26T11:34:06+00:00","og_image":[{"url":"https:\/\/forbetterbeing.com\/wp-content\/uploads\/2016\/12\/shelley-300x237.jpg","type":"","width":"","height":""}],"twitter_card":"summary_large_image","twitter_misc":{"Est. reading time":"4 minutes"},"schema":{"@context":"https:\/\/schema.org","@graph":[{"@type":"WebPage","@id":"https:\/\/forbetterbeing.com\/index.php\/fr\/formations\/","url":"https:\/\/forbetterbeing.com\/index.php\/fr\/formations\/","name":"Formations - Mieux \u00eatre","isPartOf":{"@id":"https:\/\/forbetterbeing.com\/#website"},"primaryImageOfPage":{"@id":"https:\/\/forbetterbeing.com\/index.php\/fr\/formations\/#primaryimage"},"image":{"@id":"https:\/\/forbetterbeing.com\/index.php\/fr\/formations\/#primaryimage"},"thumbnailUrl":"https:\/\/forbetterbeing.com\/wp-content\/uploads\/2016\/12\/shelley-300x237.jpg","datePublished":"2016-12-17T20:31:39+00:00","dateModified":"2023-12-26T11:34:06+00:00","description":"formations Florence Debout","breadcrumb":{"@id":"https:\/\/forbetterbeing.com\/index.php\/fr\/formations\/#breadcrumb"},"inLanguage":"en-US","potentialAction":[{"@type":"ReadAction","target":["https:\/\/forbetterbeing.com\/index.php\/fr\/formations\/"]}]},{"@type":"ImageObject","inLanguage":"en-US","@id":"https:\/\/forbetterbeing.com\/index.php\/fr\/formations\/#primaryimage","url":"https:\/\/forbetterbeing.com\/wp-content\/uploads\/2016\/12\/shelley.jpg","contentUrl":"https:\/\/forbetterbeing.com\/wp-content\/uploads\/2016\/12\/shelley.jpg","width":592,"height":467},{"@type":"BreadcrumbList","@id":"https:\/\/forbetterbeing.com\/index.php\/fr\/formations\/#breadcrumb","itemListElement":[{"@type":"ListItem","position":1,"name":"Home","item":"https:\/\/forbetterbeing.com\/index.php\/en\/home\/"},{"@type":"ListItem","position":2,"name":"Formations"}]},{"@type":"WebSite","@id":"https:\/\/forbetterbeing.com\/#website","url":"https:\/\/forbetterbeing.com\/","name":"Mieux \u00eatre","description":"Massage, Yoga, Mindfulness","publisher":{"@id":"https:\/\/forbetterbeing.com\/#\/schema\/person\/a726b0b7f0859b6cbd3e347c25a08642"},"potentialAction":[{"@type":"SearchAction","target":{"@type":"EntryPoint","urlTemplate":"https:\/\/forbetterbeing.com\/?s={search_term_string}"},"query-input":{"@type":"PropertyValueSpecification","valueRequired":true,"valueName":"search_term_string"}}],"inLanguage":"en-US"},{"@type":["Person","Organization"],"@id":"https:\/\/forbetterbeing.com\/#\/schema\/person\/a726b0b7f0859b6cbd3e347c25a08642","name":"wingedprincess","image":{"@type":"ImageObject","inLanguage":"en-US","@id":"https:\/\/secure.gravatar.com\/avatar\/4f237bb229c5fccbb1ce1a6c89dd0f1852cc8b6a835b0aa52fbd0ba65345127d?s=96&d=mm&r=g","url":"https:\/\/secure.gravatar.com\/avatar\/4f237bb229c5fccbb1ce1a6c89dd0f1852cc8b6a835b0aa52fbd0ba65345127d?s=96&d=mm&r=g","contentUrl":"https:\/\/secure.gravatar.com\/avatar\/4f237bb229c5fccbb1ce1a6c89dd0f1852cc8b6a835b0aa52fbd0ba65345127d?s=96&d=mm&r=g","caption":"wingedprincess"},"logo":{"@id":"https:\/\/secure.gravatar.com\/avatar\/4f237bb229c5fccbb1ce1a6c89dd0f1852cc8b6a835b0aa52fbd0ba65345127d?s=96&d=mm&r=g"}}]}},"_links":{"self":[{"href":"https:\/\/forbetterbeing.com\/index.php\/wp-json\/wp\/v2\/pages\/488","targetHints":{"allow":["GET"]}}],"collection":[{"href":"https:\/\/forbetterbeing.com\/index.php\/wp-json\/wp\/v2\/pages"}],"about":[{"href":"https:\/\/forbetterbeing.com\/index.php\/wp-json\/wp\/v2\/types\/page"}],"author":[{"embeddable":true,"href":"https:\/\/forbetterbeing.com\/index.php\/wp-json\/wp\/v2\/users\/1"}],"replies":[{"embeddable":true,"href":"https:\/\/forbetterbeing.com\/index.php\/wp-json\/wp\/v2\/comments?post=488"}],"version-history":[{"count":32,"href":"https:\/\/forbetterbeing.com\/index.php\/wp-json\/wp\/v2\/pages\/488\/revisions"}],"predecessor-version":[{"id":1136,"href":"https:\/\/forbetterbeing.com\/index.php\/wp-json\/wp\/v2\/pages\/488\/revisions\/1136"}],"wp:attachment":[{"href":"https:\/\/forbetterbeing.com\/index.php\/wp-json\/wp\/v2\/media?parent=488"}],"curies":[{"name":"wp","href":"https:\/\/api.w.org\/{rel}","templated":true}]}}