{"id":733,"date":"2017-07-22T17:12:44","date_gmt":"2017-07-22T17:12:44","guid":{"rendered":"http:\/\/forbetterbeing.com\/?page_id=733"},"modified":"2017-12-30T19:37:52","modified_gmt":"2017-12-30T19:37:52","slug":"boisson-dete-le-jus-de-pasteque","status":"publish","type":"page","link":"https:\/\/forbetterbeing.com\/index.php\/fr\/boisson-dete-le-jus-de-pasteque\/","title":{"rendered":"Boisson d\u2019\u00e9t\u00e9 : le jus de past\u00e8que"},"content":{"rendered":"<p><strong>Boisson d\u2019\u00e9t\u00e9\u00a0: le jus de past\u00e8que<\/strong><\/p>\n<figure id=\"attachment_748\" aria-describedby=\"caption-attachment-748\" style=\"width: 266px\" class=\"wp-caption alignright\"><a href=\"https:\/\/forbetterbeing.com\/wp-content\/uploads\/2017\/07\/Watermelon.jpg\"><img loading=\"lazy\" decoding=\"async\" class=\"size-medium wp-image-748\" src=\"https:\/\/forbetterbeing.com\/wp-content\/uploads\/2017\/07\/Watermelon-266x300.jpg\" alt=\"\" width=\"266\" height=\"300\" srcset=\"https:\/\/forbetterbeing.com\/wp-content\/uploads\/2017\/07\/Watermelon-266x300.jpg 266w, https:\/\/forbetterbeing.com\/wp-content\/uploads\/2017\/07\/Watermelon.jpg 377w\" sizes=\"auto, (max-width: 266px) 100vw, 266px\" \/><\/a><figcaption id=\"caption-attachment-748\" class=\"wp-caption-text\">Jus de past\u00e8que<\/figcaption><\/figure>\n<p>Grace \u00e0 sa haute teneur en eau, vitamines, sel min\u00e9raux, et antioxydants, la\u00a0 past\u00e8que est le fruit de l\u2019\u00e9t\u00e9 id\u00e9al pour combattre les effets de la chaleur.\u00a0 En prime, les derni\u00e8res recherches montrent que la past\u00e8que, consomm\u00e9e apres l\u2019effort (sport ou\u2026 jardinage au soleil\u00a0!), permet de r\u00e9duire les douleurs musculaires, d\u2019acc\u00e9l\u00e9rer la r\u00e9cup\u00e9ration, et de minimiser l\u2019inflammation.<\/p>\n<p>L\u2019id\u00e9al est de la consommer en dehors des repas pour \u00e9viter les ballonnements. Mon professeur d\u2019Ayurveda, le Dr Lad, dit toujours \u00ab\u00a0eat it alone or leave it alone\u00a0\u00bb\u00a0 (\u00ab\u00a0mangez la seule ou\u2026 n\u2019en mangez pas\u00a0!\u00a0\u00bb).<\/p>\n<p>La recette suivante peut \u00eatre utilis\u00e9e comme petit d\u00e9jeuner l\u00e9ger, en boisson de r\u00e9cup\u00e9ration, ou en collation en milieu d\u2019apr\u00e8s midi.<\/p>\n<p><b>Ingr\u00e9dients bios pour deux personnes\u00a0<\/b>:<\/p>\n<p>-2 tasses de past\u00e8que en cubes<br \/>\n-Le jus d\u2019un demi citron vert<br \/>\n-Une dizaine de feuilles de menthe fraiche<br \/>\n-Une pinc\u00e9e de sel de l\u2019Himalaya<br \/>\n-En option\u00a0: une cuill\u00e8re \u00e0 caf\u00e9 de sirop d\u2019agave<\/p>\n<p>M\u00e9langer le tout dans le bol du mixeur. A consommer imm\u00e9diatement\u00a0!<\/p>\n<p><strong>Florence Debout<\/strong><br \/>\nPhysioth\u00e9rapeute sportif<br \/>\nProfesseur de yoga<br \/>\nConseill\u00e8re de sant\u00e9 selon l\u2019Ayurveda<br \/>\ninfo@florencedebout.com<\/p>\n<p style=\"text-align: center;\"><b><i>Cet article est prot\u00e9g\u00e9 par le droit d\u2019auteur. Il est interdit d\u2019en reproduire le contenu sans notre autorisation \u00e9crite. Copyright @ 2017 florencedebout.com<\/i><\/b><\/p>\n<p>&nbsp;<\/p>\n<p>&nbsp;<\/p>\n<p>&nbsp;<\/p>\n<p>&nbsp;<\/p>\n<p>&nbsp;<\/p>\n<p>&nbsp;<\/p>\n<p>&nbsp;<\/p>\n<p>&nbsp;<\/p>\n<p>&nbsp;<\/p>\n<p>&nbsp;<\/p>\n<p>&nbsp;<\/p>\n<p>&nbsp;<\/p>\n<p>&nbsp;<\/p>\n","protected":false},"excerpt":{"rendered":"<p>Boisson d\u2019\u00e9t\u00e9\u00a0: le jus de past\u00e8que Grace \u00e0 sa haute teneur en eau, vitamines, sel min\u00e9raux, et antioxydants, la\u00a0 past\u00e8que est le fruit de l\u2019\u00e9t\u00e9 id\u00e9al pour combattre les effets de la chaleur.\u00a0 En prime, les derni\u00e8res recherches montrent que la past\u00e8que, consomm\u00e9e apres l\u2019effort (sport ou\u2026 jardinage au soleil\u00a0!), permet de r\u00e9duire les douleurs &hellip; <a href=\"https:\/\/forbetterbeing.com\/index.php\/fr\/boisson-dete-le-jus-de-pasteque\/\" class=\"more-link\">Continue reading <span class=\"screen-reader-text\">Boisson d\u2019\u00e9t\u00e9 : le jus de past\u00e8que<\/span> <span class=\"meta-nav\">&rarr;<\/span><\/a><\/p>\n","protected":false},"author":1,"featured_media":0,"parent":0,"menu_order":0,"comment_status":"closed","ping_status":"closed","template":"","meta":{"footnotes":""},"class_list":["post-733","page","type-page","status-publish","hentry"],"yoast_head":"<!-- This site is optimized with the Yoast SEO plugin v27.4 - https:\/\/yoast.com\/product\/yoast-seo-wordpress\/ -->\n<title>Boisson d\u2019\u00e9t\u00e9 : le jus de past\u00e8que - Mieux \u00eatre<\/title>\n<meta name=\"description\" content=\"boisson d&#039;ete le jus de pasteque Florence Debout\" \/>\n<meta name=\"robots\" content=\"index, follow, max-snippet:-1, max-image-preview:large, max-video-preview:-1\" \/>\n<link rel=\"canonical\" href=\"https:\/\/forbetterbeing.com\/index.php\/fr\/boisson-dete-le-jus-de-pasteque\/\" \/>\n<meta property=\"og:locale\" content=\"en_US\" \/>\n<meta property=\"og:type\" content=\"article\" \/>\n<meta property=\"og:title\" content=\"Boisson d\u2019\u00e9t\u00e9 : le jus de past\u00e8que - Mieux \u00eatre\" \/>\n<meta property=\"og:description\" content=\"boisson d&#039;ete le jus de pasteque Florence Debout\" \/>\n<meta property=\"og:url\" content=\"https:\/\/forbetterbeing.com\/index.php\/fr\/boisson-dete-le-jus-de-pasteque\/\" \/>\n<meta property=\"og:site_name\" content=\"Mieux \u00eatre\" \/>\n<meta property=\"article:modified_time\" content=\"2017-12-30T19:37:52+00:00\" \/>\n<meta property=\"og:image\" content=\"https:\/\/forbetterbeing.com\/wp-content\/uploads\/2017\/07\/Watermelon-266x300.jpg\" \/>\n<meta name=\"twitter:card\" content=\"summary_large_image\" \/>\n<meta name=\"twitter:label1\" content=\"Est. reading time\" \/>\n\t<meta name=\"twitter:data1\" content=\"1 minute\" \/>\n<script type=\"application\/ld+json\" class=\"yoast-schema-graph\">{\"@context\":\"https:\\\/\\\/schema.org\",\"@graph\":[{\"@type\":\"WebPage\",\"@id\":\"https:\\\/\\\/forbetterbeing.com\\\/index.php\\\/fr\\\/boisson-dete-le-jus-de-pasteque\\\/\",\"url\":\"https:\\\/\\\/forbetterbeing.com\\\/index.php\\\/fr\\\/boisson-dete-le-jus-de-pasteque\\\/\",\"name\":\"Boisson d\u2019\u00e9t\u00e9 : le jus de past\u00e8que - Mieux \u00eatre\",\"isPartOf\":{\"@id\":\"https:\\\/\\\/forbetterbeing.com\\\/#website\"},\"primaryImageOfPage\":{\"@id\":\"https:\\\/\\\/forbetterbeing.com\\\/index.php\\\/fr\\\/boisson-dete-le-jus-de-pasteque\\\/#primaryimage\"},\"image\":{\"@id\":\"https:\\\/\\\/forbetterbeing.com\\\/index.php\\\/fr\\\/boisson-dete-le-jus-de-pasteque\\\/#primaryimage\"},\"thumbnailUrl\":\"https:\\\/\\\/forbetterbeing.com\\\/wp-content\\\/uploads\\\/2017\\\/07\\\/Watermelon-266x300.jpg\",\"datePublished\":\"2017-07-22T17:12:44+00:00\",\"dateModified\":\"2017-12-30T19:37:52+00:00\",\"description\":\"boisson d'ete le jus de pasteque Florence Debout\",\"breadcrumb\":{\"@id\":\"https:\\\/\\\/forbetterbeing.com\\\/index.php\\\/fr\\\/boisson-dete-le-jus-de-pasteque\\\/#breadcrumb\"},\"inLanguage\":\"en-US\",\"potentialAction\":[{\"@type\":\"ReadAction\",\"target\":[\"https:\\\/\\\/forbetterbeing.com\\\/index.php\\\/fr\\\/boisson-dete-le-jus-de-pasteque\\\/\"]}]},{\"@type\":\"ImageObject\",\"inLanguage\":\"en-US\",\"@id\":\"https:\\\/\\\/forbetterbeing.com\\\/index.php\\\/fr\\\/boisson-dete-le-jus-de-pasteque\\\/#primaryimage\",\"url\":\"https:\\\/\\\/forbetterbeing.com\\\/wp-content\\\/uploads\\\/2017\\\/07\\\/Watermelon.jpg\",\"contentUrl\":\"https:\\\/\\\/forbetterbeing.com\\\/wp-content\\\/uploads\\\/2017\\\/07\\\/Watermelon.jpg\",\"width\":377,\"height\":425,\"caption\":\"Jus de past\u00e8que\"},{\"@type\":\"BreadcrumbList\",\"@id\":\"https:\\\/\\\/forbetterbeing.com\\\/index.php\\\/fr\\\/boisson-dete-le-jus-de-pasteque\\\/#breadcrumb\",\"itemListElement\":[{\"@type\":\"ListItem\",\"position\":1,\"name\":\"Home\",\"item\":\"https:\\\/\\\/forbetterbeing.com\\\/index.php\\\/en\\\/home\\\/\"},{\"@type\":\"ListItem\",\"position\":2,\"name\":\"Boisson d\u2019\u00e9t\u00e9 : le jus de past\u00e8que\"}]},{\"@type\":\"WebSite\",\"@id\":\"https:\\\/\\\/forbetterbeing.com\\\/#website\",\"url\":\"https:\\\/\\\/forbetterbeing.com\\\/\",\"name\":\"Mieux \u00eatre\",\"description\":\"Massage, Yoga, Mindfulness\",\"publisher\":{\"@id\":\"https:\\\/\\\/forbetterbeing.com\\\/#\\\/schema\\\/person\\\/a726b0b7f0859b6cbd3e347c25a08642\"},\"potentialAction\":[{\"@type\":\"SearchAction\",\"target\":{\"@type\":\"EntryPoint\",\"urlTemplate\":\"https:\\\/\\\/forbetterbeing.com\\\/?s={search_term_string}\"},\"query-input\":{\"@type\":\"PropertyValueSpecification\",\"valueRequired\":true,\"valueName\":\"search_term_string\"}}],\"inLanguage\":\"en-US\"},{\"@type\":[\"Person\",\"Organization\"],\"@id\":\"https:\\\/\\\/forbetterbeing.com\\\/#\\\/schema\\\/person\\\/a726b0b7f0859b6cbd3e347c25a08642\",\"name\":\"wingedprincess\",\"image\":{\"@type\":\"ImageObject\",\"inLanguage\":\"en-US\",\"@id\":\"https:\\\/\\\/secure.gravatar.com\\\/avatar\\\/4f237bb229c5fccbb1ce1a6c89dd0f1852cc8b6a835b0aa52fbd0ba65345127d?s=96&d=mm&r=g\",\"url\":\"https:\\\/\\\/secure.gravatar.com\\\/avatar\\\/4f237bb229c5fccbb1ce1a6c89dd0f1852cc8b6a835b0aa52fbd0ba65345127d?s=96&d=mm&r=g\",\"contentUrl\":\"https:\\\/\\\/secure.gravatar.com\\\/avatar\\\/4f237bb229c5fccbb1ce1a6c89dd0f1852cc8b6a835b0aa52fbd0ba65345127d?s=96&d=mm&r=g\",\"caption\":\"wingedprincess\"},\"logo\":{\"@id\":\"https:\\\/\\\/secure.gravatar.com\\\/avatar\\\/4f237bb229c5fccbb1ce1a6c89dd0f1852cc8b6a835b0aa52fbd0ba65345127d?s=96&d=mm&r=g\"}}]}<\/script>\n<!-- \/ Yoast SEO plugin. -->","yoast_head_json":{"title":"Boisson d\u2019\u00e9t\u00e9 : le jus de past\u00e8que - Mieux \u00eatre","description":"boisson d'ete le jus de pasteque Florence Debout","robots":{"index":"index","follow":"follow","max-snippet":"max-snippet:-1","max-image-preview":"max-image-preview:large","max-video-preview":"max-video-preview:-1"},"canonical":"https:\/\/forbetterbeing.com\/index.php\/fr\/boisson-dete-le-jus-de-pasteque\/","og_locale":"en_US","og_type":"article","og_title":"Boisson d\u2019\u00e9t\u00e9 : le jus de past\u00e8que - Mieux \u00eatre","og_description":"boisson d'ete le jus de pasteque Florence Debout","og_url":"https:\/\/forbetterbeing.com\/index.php\/fr\/boisson-dete-le-jus-de-pasteque\/","og_site_name":"Mieux \u00eatre","article_modified_time":"2017-12-30T19:37:52+00:00","og_image":[{"url":"https:\/\/forbetterbeing.com\/wp-content\/uploads\/2017\/07\/Watermelon-266x300.jpg","type":"","width":"","height":""}],"twitter_card":"summary_large_image","twitter_misc":{"Est. reading time":"1 minute"},"schema":{"@context":"https:\/\/schema.org","@graph":[{"@type":"WebPage","@id":"https:\/\/forbetterbeing.com\/index.php\/fr\/boisson-dete-le-jus-de-pasteque\/","url":"https:\/\/forbetterbeing.com\/index.php\/fr\/boisson-dete-le-jus-de-pasteque\/","name":"Boisson d\u2019\u00e9t\u00e9 : le jus de past\u00e8que - Mieux \u00eatre","isPartOf":{"@id":"https:\/\/forbetterbeing.com\/#website"},"primaryImageOfPage":{"@id":"https:\/\/forbetterbeing.com\/index.php\/fr\/boisson-dete-le-jus-de-pasteque\/#primaryimage"},"image":{"@id":"https:\/\/forbetterbeing.com\/index.php\/fr\/boisson-dete-le-jus-de-pasteque\/#primaryimage"},"thumbnailUrl":"https:\/\/forbetterbeing.com\/wp-content\/uploads\/2017\/07\/Watermelon-266x300.jpg","datePublished":"2017-07-22T17:12:44+00:00","dateModified":"2017-12-30T19:37:52+00:00","description":"boisson d'ete le jus de pasteque Florence Debout","breadcrumb":{"@id":"https:\/\/forbetterbeing.com\/index.php\/fr\/boisson-dete-le-jus-de-pasteque\/#breadcrumb"},"inLanguage":"en-US","potentialAction":[{"@type":"ReadAction","target":["https:\/\/forbetterbeing.com\/index.php\/fr\/boisson-dete-le-jus-de-pasteque\/"]}]},{"@type":"ImageObject","inLanguage":"en-US","@id":"https:\/\/forbetterbeing.com\/index.php\/fr\/boisson-dete-le-jus-de-pasteque\/#primaryimage","url":"https:\/\/forbetterbeing.com\/wp-content\/uploads\/2017\/07\/Watermelon.jpg","contentUrl":"https:\/\/forbetterbeing.com\/wp-content\/uploads\/2017\/07\/Watermelon.jpg","width":377,"height":425,"caption":"Jus de past\u00e8que"},{"@type":"BreadcrumbList","@id":"https:\/\/forbetterbeing.com\/index.php\/fr\/boisson-dete-le-jus-de-pasteque\/#breadcrumb","itemListElement":[{"@type":"ListItem","position":1,"name":"Home","item":"https:\/\/forbetterbeing.com\/index.php\/en\/home\/"},{"@type":"ListItem","position":2,"name":"Boisson d\u2019\u00e9t\u00e9 : le jus de past\u00e8que"}]},{"@type":"WebSite","@id":"https:\/\/forbetterbeing.com\/#website","url":"https:\/\/forbetterbeing.com\/","name":"Mieux \u00eatre","description":"Massage, Yoga, Mindfulness","publisher":{"@id":"https:\/\/forbetterbeing.com\/#\/schema\/person\/a726b0b7f0859b6cbd3e347c25a08642"},"potentialAction":[{"@type":"SearchAction","target":{"@type":"EntryPoint","urlTemplate":"https:\/\/forbetterbeing.com\/?s={search_term_string}"},"query-input":{"@type":"PropertyValueSpecification","valueRequired":true,"valueName":"search_term_string"}}],"inLanguage":"en-US"},{"@type":["Person","Organization"],"@id":"https:\/\/forbetterbeing.com\/#\/schema\/person\/a726b0b7f0859b6cbd3e347c25a08642","name":"wingedprincess","image":{"@type":"ImageObject","inLanguage":"en-US","@id":"https:\/\/secure.gravatar.com\/avatar\/4f237bb229c5fccbb1ce1a6c89dd0f1852cc8b6a835b0aa52fbd0ba65345127d?s=96&d=mm&r=g","url":"https:\/\/secure.gravatar.com\/avatar\/4f237bb229c5fccbb1ce1a6c89dd0f1852cc8b6a835b0aa52fbd0ba65345127d?s=96&d=mm&r=g","contentUrl":"https:\/\/secure.gravatar.com\/avatar\/4f237bb229c5fccbb1ce1a6c89dd0f1852cc8b6a835b0aa52fbd0ba65345127d?s=96&d=mm&r=g","caption":"wingedprincess"},"logo":{"@id":"https:\/\/secure.gravatar.com\/avatar\/4f237bb229c5fccbb1ce1a6c89dd0f1852cc8b6a835b0aa52fbd0ba65345127d?s=96&d=mm&r=g"}}]}},"_links":{"self":[{"href":"https:\/\/forbetterbeing.com\/index.php\/wp-json\/wp\/v2\/pages\/733","targetHints":{"allow":["GET"]}}],"collection":[{"href":"https:\/\/forbetterbeing.com\/index.php\/wp-json\/wp\/v2\/pages"}],"about":[{"href":"https:\/\/forbetterbeing.com\/index.php\/wp-json\/wp\/v2\/types\/page"}],"author":[{"embeddable":true,"href":"https:\/\/forbetterbeing.com\/index.php\/wp-json\/wp\/v2\/users\/1"}],"replies":[{"embeddable":true,"href":"https:\/\/forbetterbeing.com\/index.php\/wp-json\/wp\/v2\/comments?post=733"}],"version-history":[{"count":3,"href":"https:\/\/forbetterbeing.com\/index.php\/wp-json\/wp\/v2\/pages\/733\/revisions"}],"predecessor-version":[{"id":806,"href":"https:\/\/forbetterbeing.com\/index.php\/wp-json\/wp\/v2\/pages\/733\/revisions\/806"}],"wp:attachment":[{"href":"https:\/\/forbetterbeing.com\/index.php\/wp-json\/wp\/v2\/media?parent=733"}],"curies":[{"name":"wp","href":"https:\/\/api.w.org\/{rel}","templated":true}]}}