{"id":736,"date":"2017-07-22T17:18:13","date_gmt":"2017-07-22T17:18:13","guid":{"rendered":"http:\/\/forbetterbeing.com\/?page_id=736"},"modified":"2017-09-17T15:19:08","modified_gmt":"2017-09-17T15:19:08","slug":"le-yoga-au-service-de-la-sante","status":"publish","type":"page","link":"https:\/\/forbetterbeing.com\/index.php\/fr\/le-yoga-au-service-de-la-sante\/","title":{"rendered":"Le yoga au service de la sant\u00e9"},"content":{"rendered":"<p><strong>Le yoga au service de la sant\u00e9\u00a0<\/strong><\/p>\n<figure id=\"attachment_741\" aria-describedby=\"caption-attachment-741\" style=\"width: 220px\" class=\"wp-caption alignright\"><a href=\"https:\/\/forbetterbeing.com\/wp-content\/uploads\/2017\/07\/P1010117-1.jpg\"><img loading=\"lazy\" decoding=\"async\" class=\"size-medium wp-image-741\" src=\"https:\/\/forbetterbeing.com\/wp-content\/uploads\/2017\/07\/P1010117-1-220x300.jpg\" alt=\"\" width=\"220\" height=\"300\" srcset=\"https:\/\/forbetterbeing.com\/wp-content\/uploads\/2017\/07\/P1010117-1-220x300.jpg 220w, https:\/\/forbetterbeing.com\/wp-content\/uploads\/2017\/07\/P1010117-1-768x1046.jpg 768w, https:\/\/forbetterbeing.com\/wp-content\/uploads\/2017\/07\/P1010117-1-752x1024.jpg 752w, https:\/\/forbetterbeing.com\/wp-content\/uploads\/2017\/07\/P1010117-1.jpg 940w\" sizes=\"auto, (max-width: 220px) 100vw, 220px\" \/><\/a><figcaption id=\"caption-attachment-741\" class=\"wp-caption-text\">Florence Debout et Docteur McCall<\/figcaption><\/figure>\n<p>Selon les \u00e9tudes scientifiques r\u00e9centes, la cause principale de 70 \u00e0 90 % de tous les troubles de la sant\u00e9 est le stress. <b>La pratique r\u00e9guli\u00e8re du\u00a0 yoga am\u00e9liore la capacit\u00e9 du corps \u00e0 r\u00e9agir au stress avec efficacit\u00e9<\/b> en activant le syst\u00e8me nerveux parasympathique, ce qui ralentit le c\u0153ur et r\u00e9duit la tension art\u00e9rielle. Cela supprime \u00e0 son tour l&#8217;activit\u00e9 sympathique, r\u00e9duisant ainsi la quantit\u00e9 d&#8217;hormones du stress dans le corps.<\/p>\n<p><strong>101 \u00e9tats de sant\u00e9 am\u00e9lior\u00e9s gr\u00e2ce au yoga<\/strong><\/p>\n<p>Apr\u00e8s avoir pratiqu\u00e9 la m\u00e9decine interne pendant 10 ans, le Dr Timothy McCall, mon professeur de Yoga Therapy, a d\u00e9cid\u00e9 de se consacrer \u00e0 diriger et rassembler les \u00e9tudes scientifiques sur les bienfaits du yoga sur la sant\u00e9.\u00a0 Auteur du livre \u00ab\u00a0Le Yoga M\u00e9decine: l\u2019ordonnance Yogique pour la sant\u00e9 et la gu\u00e9rison\u00a0\u00bb, il encourage le monde m\u00e9dical \u00e0 incorporer le yoga dans la pr\u00e9vention de nombre de maladies.<\/p>\n<p>En 2016, il comptait d\u00e9j\u00e0 101 \u00e9tats de sant\u00e9 am\u00e9lior\u00e9s par le yoga\u00a0! Pour acc\u00e9der \u00e0 ses recherches en anglais, cliquez ici \u00ab\u00a0<a href=\"https:\/\/forbetterbeing.com\/wp-content\/uploads\/2017\/07\/101healthconditionshelpedbyyoga.pdf\">101 health conditions benefited by yoga<\/a>\u00a0\u00bb. \u00a0La traduction en fran\u00e7ais (liste uniquement) est ci dessous.<\/p>\n<p>1-Alcoolisme et abus de drogue<br \/>\n2-Maladie d&#8217;\u00a0Alzheimer<br \/>\n3-Scl\u00e9rose lat\u00e9rale amyotrophique<br \/>\n4-Anxi\u00e9t\u00e9<br \/>\n5-Asthme<br \/>\n6-Fibrillation auriculaire<br \/>\n7-Deficit de l\u2019attention avec hyperactivit\u00e9<br \/>\n8-Autisme<br \/>\n9-Mal au dos<br \/>\n10-Probl\u00e8mes d\u2019\u00e9quilibre<br \/>\n11-Cancer du sein<br \/>\n12-Brulures<br \/>\n13-Cancer (g\u00e9n\u00e9ral)<br \/>\n14-Syndrome du tunnel carpien<br \/>\n15-Syndrome de fatigue chronique<br \/>\n16-Bronchopneumopathie chronique obstructive (par ex. emphys\u00e8me)<br \/>\n17-D\u00e9t\u00e9rioration cognitive<br \/>\n18-Syndrome de vision du travail sur \u00e9cran<br \/>\n19-Insuffisance cardiaque congestive<br \/>\n20-Mucoviscidose<br \/>\n21-Depression<br \/>\n22-Diab\u00e8te<br \/>\n23-Syndrome de sevrage<br \/>\n24-Myopathie de Duchenne<br \/>\n25-Troubles de l\u2019alimentation<br \/>\n26-Endomitriose<br \/>\n27-Epilepsie<br \/>\n28-Fatigue<br \/>\n29-Fibromyalgie<br \/>\n30-Fractures<br \/>\n31-Troubles de la d\u00e9marche<br \/>\n32- Diab\u00e8te gestationnel (adulte)<br \/>\n33-Syndrome de Guillain-Barr<b>\u00e9 <\/b><br \/>\n34-Maladies cardiaques<br \/>\n35-Hemophilie<br \/>\n36-H\u00e9morro\u00efdes<br \/>\n37-Hyper tension art\u00e9rielle<br \/>\n38-HIV\/SIDA<br \/>\n39-Hypothyro\u00efdie<br \/>\n40-Troubles de la st\u00e9rilit\u00e9<br \/>\n41-Maladie intestinale inflammatoire<br \/>\n42-Hernie inguinale<br \/>\n43-Insomnies, troubles du sommeil<br \/>\n44-Syndrome du colon irritable<br \/>\n45-Insuffisance r\u00e9nale<br \/>\n46-Cancer du poumon<br \/>\n47-Lymphome<br \/>\n48-Troubles li\u00e9s a la m\u00e9nopause et p\u00e9ri m\u00e9nopause<br \/>\n49-Troubles menstruels<br \/>\n50-Deficience intellectuelle\/troubles du d\u00e9veloppement<br \/>\n51-Syndrome m\u00e9tabolique<br \/>\n52-Migraines et c\u00e9phal\u00e9es de tension<br \/>\n53-Scl\u00e9rose en plaques<br \/>\n54-Distrophie musculaire<br \/>\n55-Douleurs cervicales<br \/>\n56-Syncope (perte de connaissance)<br \/>\n57-N\u00e9vroses (ex\u00a0: phobies)<br \/>\n58-Ob\u00e9sit\u00e9, embonpoint<br \/>\n59-Trouble obsessionnel compulsif<br \/>\n60-Greffe d\u2019organe<br \/>\n61-Ost\u00e9oarthrite (arthrite d\u00e9g\u00e9n\u00e9rative)<br \/>\n62-Ost\u00e9oporose<br \/>\n63-Cancer de l\u2019ovaire<br \/>\n64-Douleur chronique<br \/>\n65-Trouble panique<br \/>\n66-Maladie de Parkinson<br \/>\n67-Trac, anxi\u00e9t\u00e9 li\u00e9e \u00e0 la performance<br \/>\n68-Parodontite<br \/>\n69-Epanchement pleural (liquide dans la paroi pulmonaire)<br \/>\n70-Syndrome ovarien poly-kystique<br \/>\n71-Post pontage de l\u2019art\u00e8re coronaire<br \/>\n72-Apr\u00e8s crise cardiaque<br \/>\n73-Apr\u00e8s implantation d\u2019un d\u00e9fibrillateur automatique<br \/>\n74-Apr\u00e8s mise en place de proth\u00e8se<br \/>\n75-R\u00e9cup\u00e9ration postop\u00e9ratoire<br \/>\n76-Syndrome de fatigue post polio<br \/>\n77-Etat de stress post traumatique<br \/>\n78-Grossesse (normale ou avec complications)<br \/>\n79-D\u00e9pression postpartum<br \/>\n80-Escames<br \/>\n81-Cancer de la prostate<br \/>\n82-Psoriasis<br \/>\n83-Hypertension art\u00e9rielle pulmonaire primitive<br \/>\n84-Syndrome des jambes sans repos<br \/>\n85-Polyarthrite rhumato\u00efde<br \/>\n86-Rhinite<br \/>\n87-Schizophreniz<br \/>\n88-Scoliose<br \/>\n89-Dysfonction sexuelle<br \/>\n90-Traumatisme sexuel<br \/>\n91-Sinusite<br \/>\n92-N\u00e9vralgie musculo-squelettique<br \/>\n93-Sevrage tabagique<br \/>\n94-Trouble somatoforme<br \/>\n95-Stress<br \/>\n96-Accident vasculaire c\u00e9r\u00e9bral<br \/>\n97-Hyperkyphose thoracique<br \/>\n98-Arthroplastie du genou<br \/>\n99-L\u00e9sion c\u00e9r\u00e9brale traumatique<br \/>\n100-Tuberculose<br \/>\n101-Incontinence urinaire<\/p>\n<p style=\"text-align: center;\"><b><i>Cet article est prot\u00e9g\u00e9 par le droit d\u2019auteur. Il est interdit d\u2019en reproduire le contenu sans notre autorisation \u00e9crite. Copyright @ 2017 florencedebout.com<\/i><\/b><\/p>\n","protected":false},"excerpt":{"rendered":"<p>Le yoga au service de la sant\u00e9\u00a0 Selon les \u00e9tudes scientifiques r\u00e9centes, la cause principale de 70 \u00e0 90 % de tous les troubles de la sant\u00e9 est le stress. La pratique r\u00e9guli\u00e8re du\u00a0 yoga am\u00e9liore la capacit\u00e9 du corps \u00e0 r\u00e9agir au stress avec efficacit\u00e9 en activant le syst\u00e8me nerveux parasympathique, ce qui ralentit &hellip; <a href=\"https:\/\/forbetterbeing.com\/index.php\/fr\/le-yoga-au-service-de-la-sante\/\" class=\"more-link\">Continue reading <span class=\"screen-reader-text\">Le yoga au service de la sant\u00e9<\/span> <span class=\"meta-nav\">&rarr;<\/span><\/a><\/p>\n","protected":false},"author":1,"featured_media":0,"parent":0,"menu_order":0,"comment_status":"closed","ping_status":"closed","template":"","meta":{"footnotes":""},"class_list":["post-736","page","type-page","status-publish","hentry"],"yoast_head":"<!-- This site is optimized with the Yoast SEO plugin v27.4 - https:\/\/yoast.com\/product\/yoast-seo-wordpress\/ -->\n<title>Le yoga au service de la sant\u00e9 - Mieux \u00eatre<\/title>\n<meta name=\"description\" content=\"le yoga au service de la sante Florence Debout\" \/>\n<meta name=\"robots\" content=\"index, follow, max-snippet:-1, max-image-preview:large, max-video-preview:-1\" \/>\n<link rel=\"canonical\" href=\"https:\/\/forbetterbeing.com\/index.php\/fr\/le-yoga-au-service-de-la-sante\/\" \/>\n<meta property=\"og:locale\" content=\"en_US\" \/>\n<meta property=\"og:type\" content=\"article\" \/>\n<meta property=\"og:title\" content=\"Le yoga au service de la sant\u00e9 - Mieux \u00eatre\" \/>\n<meta property=\"og:description\" content=\"le yoga au service de la sante Florence Debout\" \/>\n<meta property=\"og:url\" content=\"https:\/\/forbetterbeing.com\/index.php\/fr\/le-yoga-au-service-de-la-sante\/\" \/>\n<meta property=\"og:site_name\" content=\"Mieux \u00eatre\" \/>\n<meta property=\"article:modified_time\" content=\"2017-09-17T15:19:08+00:00\" \/>\n<meta property=\"og:image\" content=\"https:\/\/forbetterbeing.com\/wp-content\/uploads\/2017\/07\/P1010117-1-220x300.jpg\" \/>\n<meta name=\"twitter:card\" content=\"summary_large_image\" \/>\n<meta name=\"twitter:label1\" content=\"Est. reading time\" \/>\n\t<meta name=\"twitter:data1\" content=\"3 minutes\" \/>\n<script type=\"application\/ld+json\" class=\"yoast-schema-graph\">{\"@context\":\"https:\\\/\\\/schema.org\",\"@graph\":[{\"@type\":\"WebPage\",\"@id\":\"https:\\\/\\\/forbetterbeing.com\\\/index.php\\\/fr\\\/le-yoga-au-service-de-la-sante\\\/\",\"url\":\"https:\\\/\\\/forbetterbeing.com\\\/index.php\\\/fr\\\/le-yoga-au-service-de-la-sante\\\/\",\"name\":\"Le yoga au service de la sant\u00e9 - Mieux \u00eatre\",\"isPartOf\":{\"@id\":\"https:\\\/\\\/forbetterbeing.com\\\/#website\"},\"primaryImageOfPage\":{\"@id\":\"https:\\\/\\\/forbetterbeing.com\\\/index.php\\\/fr\\\/le-yoga-au-service-de-la-sante\\\/#primaryimage\"},\"image\":{\"@id\":\"https:\\\/\\\/forbetterbeing.com\\\/index.php\\\/fr\\\/le-yoga-au-service-de-la-sante\\\/#primaryimage\"},\"thumbnailUrl\":\"https:\\\/\\\/forbetterbeing.com\\\/wp-content\\\/uploads\\\/2017\\\/07\\\/P1010117-1-220x300.jpg\",\"datePublished\":\"2017-07-22T17:18:13+00:00\",\"dateModified\":\"2017-09-17T15:19:08+00:00\",\"description\":\"le yoga au service de la sante Florence Debout\",\"breadcrumb\":{\"@id\":\"https:\\\/\\\/forbetterbeing.com\\\/index.php\\\/fr\\\/le-yoga-au-service-de-la-sante\\\/#breadcrumb\"},\"inLanguage\":\"en-US\",\"potentialAction\":[{\"@type\":\"ReadAction\",\"target\":[\"https:\\\/\\\/forbetterbeing.com\\\/index.php\\\/fr\\\/le-yoga-au-service-de-la-sante\\\/\"]}]},{\"@type\":\"ImageObject\",\"inLanguage\":\"en-US\",\"@id\":\"https:\\\/\\\/forbetterbeing.com\\\/index.php\\\/fr\\\/le-yoga-au-service-de-la-sante\\\/#primaryimage\",\"url\":\"https:\\\/\\\/forbetterbeing.com\\\/wp-content\\\/uploads\\\/2017\\\/07\\\/P1010117-1.jpg\",\"contentUrl\":\"https:\\\/\\\/forbetterbeing.com\\\/wp-content\\\/uploads\\\/2017\\\/07\\\/P1010117-1.jpg\",\"width\":940,\"height\":1280,\"caption\":\"Florence Debout et Docteur McCall\"},{\"@type\":\"BreadcrumbList\",\"@id\":\"https:\\\/\\\/forbetterbeing.com\\\/index.php\\\/fr\\\/le-yoga-au-service-de-la-sante\\\/#breadcrumb\",\"itemListElement\":[{\"@type\":\"ListItem\",\"position\":1,\"name\":\"Home\",\"item\":\"https:\\\/\\\/forbetterbeing.com\\\/index.php\\\/en\\\/home\\\/\"},{\"@type\":\"ListItem\",\"position\":2,\"name\":\"Le yoga au service de la sant\u00e9\"}]},{\"@type\":\"WebSite\",\"@id\":\"https:\\\/\\\/forbetterbeing.com\\\/#website\",\"url\":\"https:\\\/\\\/forbetterbeing.com\\\/\",\"name\":\"Mieux \u00eatre\",\"description\":\"Massage, Yoga, Mindfulness\",\"publisher\":{\"@id\":\"https:\\\/\\\/forbetterbeing.com\\\/#\\\/schema\\\/person\\\/a726b0b7f0859b6cbd3e347c25a08642\"},\"potentialAction\":[{\"@type\":\"SearchAction\",\"target\":{\"@type\":\"EntryPoint\",\"urlTemplate\":\"https:\\\/\\\/forbetterbeing.com\\\/?s={search_term_string}\"},\"query-input\":{\"@type\":\"PropertyValueSpecification\",\"valueRequired\":true,\"valueName\":\"search_term_string\"}}],\"inLanguage\":\"en-US\"},{\"@type\":[\"Person\",\"Organization\"],\"@id\":\"https:\\\/\\\/forbetterbeing.com\\\/#\\\/schema\\\/person\\\/a726b0b7f0859b6cbd3e347c25a08642\",\"name\":\"wingedprincess\",\"image\":{\"@type\":\"ImageObject\",\"inLanguage\":\"en-US\",\"@id\":\"https:\\\/\\\/secure.gravatar.com\\\/avatar\\\/4f237bb229c5fccbb1ce1a6c89dd0f1852cc8b6a835b0aa52fbd0ba65345127d?s=96&d=mm&r=g\",\"url\":\"https:\\\/\\\/secure.gravatar.com\\\/avatar\\\/4f237bb229c5fccbb1ce1a6c89dd0f1852cc8b6a835b0aa52fbd0ba65345127d?s=96&d=mm&r=g\",\"contentUrl\":\"https:\\\/\\\/secure.gravatar.com\\\/avatar\\\/4f237bb229c5fccbb1ce1a6c89dd0f1852cc8b6a835b0aa52fbd0ba65345127d?s=96&d=mm&r=g\",\"caption\":\"wingedprincess\"},\"logo\":{\"@id\":\"https:\\\/\\\/secure.gravatar.com\\\/avatar\\\/4f237bb229c5fccbb1ce1a6c89dd0f1852cc8b6a835b0aa52fbd0ba65345127d?s=96&d=mm&r=g\"}}]}<\/script>\n<!-- \/ Yoast SEO plugin. -->","yoast_head_json":{"title":"Le yoga au service de la sant\u00e9 - Mieux \u00eatre","description":"le yoga au service de la sante Florence Debout","robots":{"index":"index","follow":"follow","max-snippet":"max-snippet:-1","max-image-preview":"max-image-preview:large","max-video-preview":"max-video-preview:-1"},"canonical":"https:\/\/forbetterbeing.com\/index.php\/fr\/le-yoga-au-service-de-la-sante\/","og_locale":"en_US","og_type":"article","og_title":"Le yoga au service de la sant\u00e9 - Mieux \u00eatre","og_description":"le yoga au service de la sante Florence Debout","og_url":"https:\/\/forbetterbeing.com\/index.php\/fr\/le-yoga-au-service-de-la-sante\/","og_site_name":"Mieux \u00eatre","article_modified_time":"2017-09-17T15:19:08+00:00","og_image":[{"url":"https:\/\/forbetterbeing.com\/wp-content\/uploads\/2017\/07\/P1010117-1-220x300.jpg","type":"","width":"","height":""}],"twitter_card":"summary_large_image","twitter_misc":{"Est. reading time":"3 minutes"},"schema":{"@context":"https:\/\/schema.org","@graph":[{"@type":"WebPage","@id":"https:\/\/forbetterbeing.com\/index.php\/fr\/le-yoga-au-service-de-la-sante\/","url":"https:\/\/forbetterbeing.com\/index.php\/fr\/le-yoga-au-service-de-la-sante\/","name":"Le yoga au service de la sant\u00e9 - Mieux \u00eatre","isPartOf":{"@id":"https:\/\/forbetterbeing.com\/#website"},"primaryImageOfPage":{"@id":"https:\/\/forbetterbeing.com\/index.php\/fr\/le-yoga-au-service-de-la-sante\/#primaryimage"},"image":{"@id":"https:\/\/forbetterbeing.com\/index.php\/fr\/le-yoga-au-service-de-la-sante\/#primaryimage"},"thumbnailUrl":"https:\/\/forbetterbeing.com\/wp-content\/uploads\/2017\/07\/P1010117-1-220x300.jpg","datePublished":"2017-07-22T17:18:13+00:00","dateModified":"2017-09-17T15:19:08+00:00","description":"le yoga au service de la sante Florence Debout","breadcrumb":{"@id":"https:\/\/forbetterbeing.com\/index.php\/fr\/le-yoga-au-service-de-la-sante\/#breadcrumb"},"inLanguage":"en-US","potentialAction":[{"@type":"ReadAction","target":["https:\/\/forbetterbeing.com\/index.php\/fr\/le-yoga-au-service-de-la-sante\/"]}]},{"@type":"ImageObject","inLanguage":"en-US","@id":"https:\/\/forbetterbeing.com\/index.php\/fr\/le-yoga-au-service-de-la-sante\/#primaryimage","url":"https:\/\/forbetterbeing.com\/wp-content\/uploads\/2017\/07\/P1010117-1.jpg","contentUrl":"https:\/\/forbetterbeing.com\/wp-content\/uploads\/2017\/07\/P1010117-1.jpg","width":940,"height":1280,"caption":"Florence Debout et Docteur McCall"},{"@type":"BreadcrumbList","@id":"https:\/\/forbetterbeing.com\/index.php\/fr\/le-yoga-au-service-de-la-sante\/#breadcrumb","itemListElement":[{"@type":"ListItem","position":1,"name":"Home","item":"https:\/\/forbetterbeing.com\/index.php\/en\/home\/"},{"@type":"ListItem","position":2,"name":"Le yoga au service de la sant\u00e9"}]},{"@type":"WebSite","@id":"https:\/\/forbetterbeing.com\/#website","url":"https:\/\/forbetterbeing.com\/","name":"Mieux \u00eatre","description":"Massage, Yoga, Mindfulness","publisher":{"@id":"https:\/\/forbetterbeing.com\/#\/schema\/person\/a726b0b7f0859b6cbd3e347c25a08642"},"potentialAction":[{"@type":"SearchAction","target":{"@type":"EntryPoint","urlTemplate":"https:\/\/forbetterbeing.com\/?s={search_term_string}"},"query-input":{"@type":"PropertyValueSpecification","valueRequired":true,"valueName":"search_term_string"}}],"inLanguage":"en-US"},{"@type":["Person","Organization"],"@id":"https:\/\/forbetterbeing.com\/#\/schema\/person\/a726b0b7f0859b6cbd3e347c25a08642","name":"wingedprincess","image":{"@type":"ImageObject","inLanguage":"en-US","@id":"https:\/\/secure.gravatar.com\/avatar\/4f237bb229c5fccbb1ce1a6c89dd0f1852cc8b6a835b0aa52fbd0ba65345127d?s=96&d=mm&r=g","url":"https:\/\/secure.gravatar.com\/avatar\/4f237bb229c5fccbb1ce1a6c89dd0f1852cc8b6a835b0aa52fbd0ba65345127d?s=96&d=mm&r=g","contentUrl":"https:\/\/secure.gravatar.com\/avatar\/4f237bb229c5fccbb1ce1a6c89dd0f1852cc8b6a835b0aa52fbd0ba65345127d?s=96&d=mm&r=g","caption":"wingedprincess"},"logo":{"@id":"https:\/\/secure.gravatar.com\/avatar\/4f237bb229c5fccbb1ce1a6c89dd0f1852cc8b6a835b0aa52fbd0ba65345127d?s=96&d=mm&r=g"}}]}},"_links":{"self":[{"href":"https:\/\/forbetterbeing.com\/index.php\/wp-json\/wp\/v2\/pages\/736","targetHints":{"allow":["GET"]}}],"collection":[{"href":"https:\/\/forbetterbeing.com\/index.php\/wp-json\/wp\/v2\/pages"}],"about":[{"href":"https:\/\/forbetterbeing.com\/index.php\/wp-json\/wp\/v2\/types\/page"}],"author":[{"embeddable":true,"href":"https:\/\/forbetterbeing.com\/index.php\/wp-json\/wp\/v2\/users\/1"}],"replies":[{"embeddable":true,"href":"https:\/\/forbetterbeing.com\/index.php\/wp-json\/wp\/v2\/comments?post=736"}],"version-history":[{"count":6,"href":"https:\/\/forbetterbeing.com\/index.php\/wp-json\/wp\/v2\/pages\/736\/revisions"}],"predecessor-version":[{"id":774,"href":"https:\/\/forbetterbeing.com\/index.php\/wp-json\/wp\/v2\/pages\/736\/revisions\/774"}],"wp:attachment":[{"href":"https:\/\/forbetterbeing.com\/index.php\/wp-json\/wp\/v2\/media?parent=736"}],"curies":[{"name":"wp","href":"https:\/\/api.w.org\/{rel}","templated":true}]}}