{"id":783,"date":"2017-12-29T19:07:46","date_gmt":"2017-12-29T19:07:46","guid":{"rendered":"http:\/\/forbetterbeing.com\/?page_id=783"},"modified":"2017-12-29T19:08:02","modified_gmt":"2017-12-29T19:08:02","slug":"renforcer-limmunite-grace-aux-huiles-essentielles","status":"publish","type":"page","link":"https:\/\/forbetterbeing.com\/index.php\/fr\/renforcer-limmunite-grace-aux-huiles-essentielles\/","title":{"rendered":"Renforcer l\u2019immunit\u00e9 gr\u00e2ce aux huiles essentielles"},"content":{"rendered":"<p><a href=\"https:\/\/forbetterbeing.com\/wp-content\/uploads\/2017\/12\/logo-Healthy.png\"><img loading=\"lazy\" decoding=\"async\" class=\" wp-image-784 alignright\" src=\"https:\/\/forbetterbeing.com\/wp-content\/uploads\/2017\/12\/logo-Healthy.png\" alt=\"\" width=\"191\" height=\"191\" srcset=\"https:\/\/forbetterbeing.com\/wp-content\/uploads\/2017\/12\/logo-Healthy.png 300w, https:\/\/forbetterbeing.com\/wp-content\/uploads\/2017\/12\/logo-Healthy-150x150.png 150w\" sizes=\"auto, (max-width: 191px) 100vw, 191px\" \/><\/a>Val\u00e9rie Est\u00e8ve, fondatrice du magasin Healthy Planet Provence au Beausset, partage avec nous son m\u00e9lange phare de quatre huiles essentielles.<\/p>\n<p>Le syst\u00e8me immunitaire est notre premier alli\u00e9 contre toutes les agressions que peut subir notre organisme. Chez certaines personnes, ses fonctions et son efficacit\u00e9 sont parfois diminu\u00e9es.<\/p>\n<p>Une mauvaise alimentation, le froid, le stress, la fatigue et la pollution peuvent impacter les d\u00e9fenses de l\u2019organisme ou les affaiblir.<\/p>\n<p>Heureusement, les propri\u00e9t\u00e9s des huiles essentielles peuvent vous aider \u00e0 le renforcer afin de passer l\u2019hiver sans petits soucis.<\/p>\n<p>Voici une formulation qui renforce votre syst\u00e8me immunitaire :<\/p>\n<p>Dans un codigouttes de 10 ml faire le m\u00e9lange suivant :<\/p>\n<p><strong>-Ravintsara<\/strong>, immunostimulant, antiviral, augmente le nombre d\u2019anticorps : <strong>100 gouttes\u00a0<\/strong><br \/>\n<strong>-Tea tree<\/strong>, antiviral, antibact\u00e9rien \u00e0 large spectre, stimule les globules blancs : <strong>30 gouttes\u00a0<\/strong><br \/>\n<strong>-Thym \u00e0 thymol<\/strong>, anti-infectieux, antiviral puissante, tonifie et redonne de l\u2019\u00e9nergie : <strong>10 gouttes\u00a0<\/strong><br \/>\n<strong>-Citron<\/strong>, d\u00e9toxifiant, antibact\u00e9rien, draine le foie : <strong>30 gouttes\u00a0<\/strong><\/p>\n<p>Appliquez 3 gouttes en massage sur le thorax et le dos, 3 fois par jour, pendant une p\u00e9riode de 1 \u00e0 3 semaines.<\/p>\n<p>*Ne convient pas aux femmes enceintes et enfants de moins de 6 ans.<\/p>\n<p>Val\u00e9rie Est\u00e8ve<\/p>\n<p>Fondatrice du magasin Healthy Planet<br \/>\nAromath\u00e9rapie et phytoth\u00e9rapie<br \/>\nLe Beausset<br \/>\nFacebook\u00a0: Healthy Planet Provence<\/p>\n","protected":false},"excerpt":{"rendered":"<p>Val\u00e9rie Est\u00e8ve, fondatrice du magasin Healthy Planet Provence au Beausset, partage avec nous son m\u00e9lange phare de quatre huiles essentielles. Le syst\u00e8me immunitaire est notre premier alli\u00e9 contre toutes les agressions que peut subir notre organisme. Chez certaines personnes, ses fonctions et son efficacit\u00e9 sont parfois diminu\u00e9es. Une mauvaise alimentation, le froid, le stress, la &hellip; <a href=\"https:\/\/forbetterbeing.com\/index.php\/fr\/renforcer-limmunite-grace-aux-huiles-essentielles\/\" class=\"more-link\">Continue reading <span class=\"screen-reader-text\">Renforcer l\u2019immunit\u00e9 gr\u00e2ce aux huiles essentielles<\/span> <span class=\"meta-nav\">&rarr;<\/span><\/a><\/p>\n","protected":false},"author":1,"featured_media":0,"parent":0,"menu_order":0,"comment_status":"closed","ping_status":"closed","template":"","meta":{"footnotes":""},"class_list":["post-783","page","type-page","status-publish","hentry"],"yoast_head":"<!-- This site is optimized with the Yoast SEO plugin v27.4 - https:\/\/yoast.com\/product\/yoast-seo-wordpress\/ -->\n<title>Renforcer l\u2019immunit\u00e9 gr\u00e2ce aux huiles essentielles - Mieux \u00eatre<\/title>\n<meta name=\"robots\" content=\"index, follow, max-snippet:-1, max-image-preview:large, max-video-preview:-1\" \/>\n<link rel=\"canonical\" href=\"https:\/\/forbetterbeing.com\/index.php\/fr\/renforcer-limmunite-grace-aux-huiles-essentielles\/\" \/>\n<meta property=\"og:locale\" content=\"en_US\" \/>\n<meta property=\"og:type\" content=\"article\" \/>\n<meta property=\"og:title\" content=\"Renforcer l\u2019immunit\u00e9 gr\u00e2ce aux huiles essentielles - Mieux \u00eatre\" \/>\n<meta property=\"og:description\" content=\"Val\u00e9rie Est\u00e8ve, fondatrice du magasin Healthy Planet Provence au Beausset, partage avec nous son m\u00e9lange phare de quatre huiles essentielles. Le syst\u00e8me immunitaire est notre premier alli\u00e9 contre toutes les agressions que peut subir notre organisme. Chez certaines personnes, ses fonctions et son efficacit\u00e9 sont parfois diminu\u00e9es. Une mauvaise alimentation, le froid, le stress, la &hellip; Continue reading Renforcer l\u2019immunit\u00e9 gr\u00e2ce aux huiles essentielles &rarr;\" \/>\n<meta property=\"og:url\" content=\"https:\/\/forbetterbeing.com\/index.php\/fr\/renforcer-limmunite-grace-aux-huiles-essentielles\/\" \/>\n<meta property=\"og:site_name\" content=\"Mieux \u00eatre\" \/>\n<meta property=\"article:modified_time\" content=\"2017-12-29T19:08:02+00:00\" \/>\n<meta property=\"og:image\" content=\"https:\/\/forbetterbeing.com\/wp-content\/uploads\/2017\/12\/logo-Healthy.png\" \/>\n<meta name=\"twitter:card\" content=\"summary_large_image\" \/>\n<meta name=\"twitter:label1\" content=\"Est. reading time\" \/>\n\t<meta name=\"twitter:data1\" content=\"1 minute\" \/>\n<script type=\"application\/ld+json\" class=\"yoast-schema-graph\">{\"@context\":\"https:\\\/\\\/schema.org\",\"@graph\":[{\"@type\":\"WebPage\",\"@id\":\"https:\\\/\\\/forbetterbeing.com\\\/index.php\\\/fr\\\/renforcer-limmunite-grace-aux-huiles-essentielles\\\/\",\"url\":\"https:\\\/\\\/forbetterbeing.com\\\/index.php\\\/fr\\\/renforcer-limmunite-grace-aux-huiles-essentielles\\\/\",\"name\":\"Renforcer l\u2019immunit\u00e9 gr\u00e2ce aux huiles essentielles - Mieux \u00eatre\",\"isPartOf\":{\"@id\":\"https:\\\/\\\/forbetterbeing.com\\\/#website\"},\"primaryImageOfPage\":{\"@id\":\"https:\\\/\\\/forbetterbeing.com\\\/index.php\\\/fr\\\/renforcer-limmunite-grace-aux-huiles-essentielles\\\/#primaryimage\"},\"image\":{\"@id\":\"https:\\\/\\\/forbetterbeing.com\\\/index.php\\\/fr\\\/renforcer-limmunite-grace-aux-huiles-essentielles\\\/#primaryimage\"},\"thumbnailUrl\":\"https:\\\/\\\/forbetterbeing.com\\\/wp-content\\\/uploads\\\/2017\\\/12\\\/logo-Healthy.png\",\"datePublished\":\"2017-12-29T19:07:46+00:00\",\"dateModified\":\"2017-12-29T19:08:02+00:00\",\"breadcrumb\":{\"@id\":\"https:\\\/\\\/forbetterbeing.com\\\/index.php\\\/fr\\\/renforcer-limmunite-grace-aux-huiles-essentielles\\\/#breadcrumb\"},\"inLanguage\":\"en-US\",\"potentialAction\":[{\"@type\":\"ReadAction\",\"target\":[\"https:\\\/\\\/forbetterbeing.com\\\/index.php\\\/fr\\\/renforcer-limmunite-grace-aux-huiles-essentielles\\\/\"]}]},{\"@type\":\"ImageObject\",\"inLanguage\":\"en-US\",\"@id\":\"https:\\\/\\\/forbetterbeing.com\\\/index.php\\\/fr\\\/renforcer-limmunite-grace-aux-huiles-essentielles\\\/#primaryimage\",\"url\":\"https:\\\/\\\/forbetterbeing.com\\\/wp-content\\\/uploads\\\/2017\\\/12\\\/logo-Healthy.png\",\"contentUrl\":\"https:\\\/\\\/forbetterbeing.com\\\/wp-content\\\/uploads\\\/2017\\\/12\\\/logo-Healthy.png\",\"width\":300,\"height\":300},{\"@type\":\"BreadcrumbList\",\"@id\":\"https:\\\/\\\/forbetterbeing.com\\\/index.php\\\/fr\\\/renforcer-limmunite-grace-aux-huiles-essentielles\\\/#breadcrumb\",\"itemListElement\":[{\"@type\":\"ListItem\",\"position\":1,\"name\":\"Home\",\"item\":\"https:\\\/\\\/forbetterbeing.com\\\/index.php\\\/en\\\/home\\\/\"},{\"@type\":\"ListItem\",\"position\":2,\"name\":\"Renforcer l\u2019immunit\u00e9 gr\u00e2ce aux huiles essentielles\"}]},{\"@type\":\"WebSite\",\"@id\":\"https:\\\/\\\/forbetterbeing.com\\\/#website\",\"url\":\"https:\\\/\\\/forbetterbeing.com\\\/\",\"name\":\"Mieux \u00eatre\",\"description\":\"Massage, Yoga, Mindfulness\",\"publisher\":{\"@id\":\"https:\\\/\\\/forbetterbeing.com\\\/#\\\/schema\\\/person\\\/a726b0b7f0859b6cbd3e347c25a08642\"},\"potentialAction\":[{\"@type\":\"SearchAction\",\"target\":{\"@type\":\"EntryPoint\",\"urlTemplate\":\"https:\\\/\\\/forbetterbeing.com\\\/?s={search_term_string}\"},\"query-input\":{\"@type\":\"PropertyValueSpecification\",\"valueRequired\":true,\"valueName\":\"search_term_string\"}}],\"inLanguage\":\"en-US\"},{\"@type\":[\"Person\",\"Organization\"],\"@id\":\"https:\\\/\\\/forbetterbeing.com\\\/#\\\/schema\\\/person\\\/a726b0b7f0859b6cbd3e347c25a08642\",\"name\":\"wingedprincess\",\"image\":{\"@type\":\"ImageObject\",\"inLanguage\":\"en-US\",\"@id\":\"https:\\\/\\\/secure.gravatar.com\\\/avatar\\\/4f237bb229c5fccbb1ce1a6c89dd0f1852cc8b6a835b0aa52fbd0ba65345127d?s=96&d=mm&r=g\",\"url\":\"https:\\\/\\\/secure.gravatar.com\\\/avatar\\\/4f237bb229c5fccbb1ce1a6c89dd0f1852cc8b6a835b0aa52fbd0ba65345127d?s=96&d=mm&r=g\",\"contentUrl\":\"https:\\\/\\\/secure.gravatar.com\\\/avatar\\\/4f237bb229c5fccbb1ce1a6c89dd0f1852cc8b6a835b0aa52fbd0ba65345127d?s=96&d=mm&r=g\",\"caption\":\"wingedprincess\"},\"logo\":{\"@id\":\"https:\\\/\\\/secure.gravatar.com\\\/avatar\\\/4f237bb229c5fccbb1ce1a6c89dd0f1852cc8b6a835b0aa52fbd0ba65345127d?s=96&d=mm&r=g\"}}]}<\/script>\n<!-- \/ Yoast SEO plugin. -->","yoast_head_json":{"title":"Renforcer l\u2019immunit\u00e9 gr\u00e2ce aux huiles essentielles - Mieux \u00eatre","robots":{"index":"index","follow":"follow","max-snippet":"max-snippet:-1","max-image-preview":"max-image-preview:large","max-video-preview":"max-video-preview:-1"},"canonical":"https:\/\/forbetterbeing.com\/index.php\/fr\/renforcer-limmunite-grace-aux-huiles-essentielles\/","og_locale":"en_US","og_type":"article","og_title":"Renforcer l\u2019immunit\u00e9 gr\u00e2ce aux huiles essentielles - Mieux \u00eatre","og_description":"Val\u00e9rie Est\u00e8ve, fondatrice du magasin Healthy Planet Provence au Beausset, partage avec nous son m\u00e9lange phare de quatre huiles essentielles. Le syst\u00e8me immunitaire est notre premier alli\u00e9 contre toutes les agressions que peut subir notre organisme. Chez certaines personnes, ses fonctions et son efficacit\u00e9 sont parfois diminu\u00e9es. Une mauvaise alimentation, le froid, le stress, la &hellip; Continue reading Renforcer l\u2019immunit\u00e9 gr\u00e2ce aux huiles essentielles &rarr;","og_url":"https:\/\/forbetterbeing.com\/index.php\/fr\/renforcer-limmunite-grace-aux-huiles-essentielles\/","og_site_name":"Mieux \u00eatre","article_modified_time":"2017-12-29T19:08:02+00:00","og_image":[{"url":"https:\/\/forbetterbeing.com\/wp-content\/uploads\/2017\/12\/logo-Healthy.png","type":"","width":"","height":""}],"twitter_card":"summary_large_image","twitter_misc":{"Est. reading time":"1 minute"},"schema":{"@context":"https:\/\/schema.org","@graph":[{"@type":"WebPage","@id":"https:\/\/forbetterbeing.com\/index.php\/fr\/renforcer-limmunite-grace-aux-huiles-essentielles\/","url":"https:\/\/forbetterbeing.com\/index.php\/fr\/renforcer-limmunite-grace-aux-huiles-essentielles\/","name":"Renforcer l\u2019immunit\u00e9 gr\u00e2ce aux huiles essentielles - Mieux \u00eatre","isPartOf":{"@id":"https:\/\/forbetterbeing.com\/#website"},"primaryImageOfPage":{"@id":"https:\/\/forbetterbeing.com\/index.php\/fr\/renforcer-limmunite-grace-aux-huiles-essentielles\/#primaryimage"},"image":{"@id":"https:\/\/forbetterbeing.com\/index.php\/fr\/renforcer-limmunite-grace-aux-huiles-essentielles\/#primaryimage"},"thumbnailUrl":"https:\/\/forbetterbeing.com\/wp-content\/uploads\/2017\/12\/logo-Healthy.png","datePublished":"2017-12-29T19:07:46+00:00","dateModified":"2017-12-29T19:08:02+00:00","breadcrumb":{"@id":"https:\/\/forbetterbeing.com\/index.php\/fr\/renforcer-limmunite-grace-aux-huiles-essentielles\/#breadcrumb"},"inLanguage":"en-US","potentialAction":[{"@type":"ReadAction","target":["https:\/\/forbetterbeing.com\/index.php\/fr\/renforcer-limmunite-grace-aux-huiles-essentielles\/"]}]},{"@type":"ImageObject","inLanguage":"en-US","@id":"https:\/\/forbetterbeing.com\/index.php\/fr\/renforcer-limmunite-grace-aux-huiles-essentielles\/#primaryimage","url":"https:\/\/forbetterbeing.com\/wp-content\/uploads\/2017\/12\/logo-Healthy.png","contentUrl":"https:\/\/forbetterbeing.com\/wp-content\/uploads\/2017\/12\/logo-Healthy.png","width":300,"height":300},{"@type":"BreadcrumbList","@id":"https:\/\/forbetterbeing.com\/index.php\/fr\/renforcer-limmunite-grace-aux-huiles-essentielles\/#breadcrumb","itemListElement":[{"@type":"ListItem","position":1,"name":"Home","item":"https:\/\/forbetterbeing.com\/index.php\/en\/home\/"},{"@type":"ListItem","position":2,"name":"Renforcer l\u2019immunit\u00e9 gr\u00e2ce aux huiles essentielles"}]},{"@type":"WebSite","@id":"https:\/\/forbetterbeing.com\/#website","url":"https:\/\/forbetterbeing.com\/","name":"Mieux \u00eatre","description":"Massage, Yoga, Mindfulness","publisher":{"@id":"https:\/\/forbetterbeing.com\/#\/schema\/person\/a726b0b7f0859b6cbd3e347c25a08642"},"potentialAction":[{"@type":"SearchAction","target":{"@type":"EntryPoint","urlTemplate":"https:\/\/forbetterbeing.com\/?s={search_term_string}"},"query-input":{"@type":"PropertyValueSpecification","valueRequired":true,"valueName":"search_term_string"}}],"inLanguage":"en-US"},{"@type":["Person","Organization"],"@id":"https:\/\/forbetterbeing.com\/#\/schema\/person\/a726b0b7f0859b6cbd3e347c25a08642","name":"wingedprincess","image":{"@type":"ImageObject","inLanguage":"en-US","@id":"https:\/\/secure.gravatar.com\/avatar\/4f237bb229c5fccbb1ce1a6c89dd0f1852cc8b6a835b0aa52fbd0ba65345127d?s=96&d=mm&r=g","url":"https:\/\/secure.gravatar.com\/avatar\/4f237bb229c5fccbb1ce1a6c89dd0f1852cc8b6a835b0aa52fbd0ba65345127d?s=96&d=mm&r=g","contentUrl":"https:\/\/secure.gravatar.com\/avatar\/4f237bb229c5fccbb1ce1a6c89dd0f1852cc8b6a835b0aa52fbd0ba65345127d?s=96&d=mm&r=g","caption":"wingedprincess"},"logo":{"@id":"https:\/\/secure.gravatar.com\/avatar\/4f237bb229c5fccbb1ce1a6c89dd0f1852cc8b6a835b0aa52fbd0ba65345127d?s=96&d=mm&r=g"}}]}},"_links":{"self":[{"href":"https:\/\/forbetterbeing.com\/index.php\/wp-json\/wp\/v2\/pages\/783","targetHints":{"allow":["GET"]}}],"collection":[{"href":"https:\/\/forbetterbeing.com\/index.php\/wp-json\/wp\/v2\/pages"}],"about":[{"href":"https:\/\/forbetterbeing.com\/index.php\/wp-json\/wp\/v2\/types\/page"}],"author":[{"embeddable":true,"href":"https:\/\/forbetterbeing.com\/index.php\/wp-json\/wp\/v2\/users\/1"}],"replies":[{"embeddable":true,"href":"https:\/\/forbetterbeing.com\/index.php\/wp-json\/wp\/v2\/comments?post=783"}],"version-history":[{"count":1,"href":"https:\/\/forbetterbeing.com\/index.php\/wp-json\/wp\/v2\/pages\/783\/revisions"}],"predecessor-version":[{"id":785,"href":"https:\/\/forbetterbeing.com\/index.php\/wp-json\/wp\/v2\/pages\/783\/revisions\/785"}],"wp:attachment":[{"href":"https:\/\/forbetterbeing.com\/index.php\/wp-json\/wp\/v2\/media?parent=783"}],"curies":[{"name":"wp","href":"https:\/\/api.w.org\/{rel}","templated":true}]}}