{"id":83,"date":"2016-11-24T23:29:19","date_gmt":"2016-11-24T23:29:19","guid":{"rendered":"http:\/\/forbetterbeing.com\/?page_id=83"},"modified":"2023-12-26T11:39:15","modified_gmt":"2023-12-26T11:39:15","slug":"bienvenue","status":"publish","type":"page","link":"https:\/\/forbetterbeing.com\/index.php\/fr\/bienvenue\/","title":{"rendered":"Accueil"},"content":{"rendered":"<p><span style=\"font-size: revert;\"><a href=\"https:\/\/forbetterbeing.com\/wp-content\/uploads\/2016\/11\/bio_big.jpg\"><img loading=\"lazy\" decoding=\"async\" class=\"size-medium wp-image-88 alignright\" src=\"https:\/\/forbetterbeing.com\/wp-content\/uploads\/2016\/11\/bio_big-240x300.jpg\" alt=\"\" width=\"240\" height=\"300\" srcset=\"https:\/\/forbetterbeing.com\/wp-content\/uploads\/2016\/11\/bio_big-240x300.jpg 240w, https:\/\/forbetterbeing.com\/wp-content\/uploads\/2016\/11\/bio_big.jpg 500w\" sizes=\"auto, (max-width: 240px) 100vw, 240px\" \/><\/a><\/span><\/p>\n<p style=\"font-weight: 400;\">Je m\u2019appelle Florence Debout et je suis\u00a0Physioth\u00e9rapeute Sportif\u00a0et\u00a0Professeur de Yoga.\u00a0Depuis plus de vingt ans, j\u2019ai la chance de vivre\u00a0<strong>ma passion\u00a0: aider les autres \u00e0 retrouver la fonction optimale de leurs corps et le plaisir de vivre en pleine sant\u00e9.<\/strong><\/p>\n<p style=\"font-weight: 400;\">J\u2019ai commenc\u00e9 ma carri\u00e8re en m\u2019occupant des triathl\u00e8tes du Centre Olympique Am\u00e9ricain, et accompagn\u00e9 des athl\u00e8tes de haut niveau comme les joueurs Anglo-Saxons du RCT (Rugby Club Toulonnais).\u00a0 J\u2019enseigne la Pleine Conscience (Mindfulness) pour l\u2019ONU. Mais\u00a0j\u2019\u00e9prouve le m\u00eame plaisir en recevant le message d\u2019un artisan qui m\u2019annonce une journ\u00e9e sans douleur qu\u2019en accompagnant une athl\u00e8te jusqu\u2019au podium des J.O.<\/p>\n<p style=\"font-weight: 400;\">Notre sant\u00e9 est notre bien le plus pr\u00e9cieux.\u00a0<strong>Les massages, le Yoga et la Pleine Conscience sont des outils positifs qui nous permettent de participer activement \u00e0 notre bien-\u00eatre physique et mental<\/strong>.\u00a0Je me r\u00e9jouis \u00e0 l\u2019id\u00e9e de vous rencontrer et de vous accompagner, quels que soient vos besoins et vos objectifs.<\/p>\n<p style=\"font-weight: 400;\"><strong>\u201c<\/strong><strong>La\u00a0<\/strong><em><strong>meilleure fa\u00e7on de se trouver<\/strong><\/em><strong>\u00a0<\/strong><strong>est de\u00a0<\/strong><em><strong>se<\/strong><\/em><strong>\u00a0<\/strong><strong>perdre au service des autres<\/strong><strong>\u201d<\/strong><strong> &#8211; Mahatma\u00a0<\/strong><em><strong>Gandhi<\/strong><\/em><strong>\u00a0<\/strong><\/p>\n<p><span style=\"font-size: revert;\">\u00a0<\/span><\/p>\n<div>\n<div><\/div>\n<\/div>\n<p><a href=\"https:\/\/forbetterbeing.com\/wp-content\/uploads\/2016\/11\/amta.png\"><img loading=\"lazy\" decoding=\"async\" class=\"wp-image-434 aligncenter\" src=\"https:\/\/forbetterbeing.com\/wp-content\/uploads\/2016\/11\/amta-300x83.png\" alt=\"amta\" width=\"144\" height=\"40\" srcset=\"https:\/\/forbetterbeing.com\/wp-content\/uploads\/2016\/11\/amta-300x83.png 300w, https:\/\/forbetterbeing.com\/wp-content\/uploads\/2016\/11\/amta.png 552w\" sizes=\"auto, (max-width: 144px) 100vw, 144px\" \/><\/a> <a href=\"https:\/\/forbetterbeing.com\/wp-content\/uploads\/2016\/11\/Ayruveda.png\"><img loading=\"lazy\" decoding=\"async\" class=\"wp-image-435 aligncenter\" src=\"https:\/\/forbetterbeing.com\/wp-content\/uploads\/2016\/11\/Ayruveda.png\" alt=\"ayruveda\" width=\"100\" height=\"40\" \/><\/a> <a href=\"https:\/\/forbetterbeing.com\/wp-content\/uploads\/2016\/11\/yoga_alience.png\"><img loading=\"lazy\" decoding=\"async\" class=\"wp-image-185 aligncenter\" src=\"https:\/\/forbetterbeing.com\/wp-content\/uploads\/2016\/11\/yoga_alience.png\" alt=\"yoga_alience\" width=\"89\" height=\"40\" \/><\/a><\/p>\n","protected":false},"excerpt":{"rendered":"<p>Je m\u2019appelle Florence Debout et je suis\u00a0Physioth\u00e9rapeute Sportif\u00a0et\u00a0Professeur de Yoga.\u00a0Depuis plus de vingt ans, j\u2019ai la chance de vivre\u00a0ma passion\u00a0: aider les autres \u00e0 retrouver la fonction optimale de leurs corps et le plaisir de vivre en pleine sant\u00e9. J\u2019ai commenc\u00e9 ma carri\u00e8re en m\u2019occupant des triathl\u00e8tes du Centre Olympique Am\u00e9ricain, et accompagn\u00e9 des athl\u00e8tes &hellip; <a href=\"https:\/\/forbetterbeing.com\/index.php\/fr\/bienvenue\/\" class=\"more-link\">Continue reading <span class=\"screen-reader-text\">Accueil<\/span> <span class=\"meta-nav\">&rarr;<\/span><\/a><\/p>\n","protected":false},"author":1,"featured_media":0,"parent":0,"menu_order":1,"comment_status":"open","ping_status":"closed","template":"","meta":{"footnotes":""},"class_list":["post-83","page","type-page","status-publish","hentry"],"yoast_head":"<!-- This site is optimized with the Yoast SEO plugin v27.3 - https:\/\/yoast.com\/product\/yoast-seo-wordpress\/ -->\n<title>Accueil - Mieux \u00eatre<\/title>\n<meta name=\"description\" content=\"Florence Debout physioth\u00e9rapeute sportif, professeur de yoga et conseill\u00e8re de sant\u00e9 Anga\u00efs, Pyr\u00e9n\u00e9es-Atlantiques , France\" \/>\n<meta name=\"robots\" content=\"index, follow, max-snippet:-1, max-image-preview:large, max-video-preview:-1\" \/>\n<link rel=\"canonical\" href=\"https:\/\/forbetterbeing.com\/index.php\/fr\/bienvenue\/\" \/>\n<meta property=\"og:locale\" content=\"en_US\" \/>\n<meta property=\"og:type\" content=\"article\" \/>\n<meta property=\"og:title\" content=\"Accueil - Mieux \u00eatre\" \/>\n<meta property=\"og:description\" content=\"Florence Debout physioth\u00e9rapeute sportif, professeur de yoga et conseill\u00e8re de sant\u00e9 Anga\u00efs, Pyr\u00e9n\u00e9es-Atlantiques , France\" \/>\n<meta property=\"og:url\" content=\"https:\/\/forbetterbeing.com\/index.php\/fr\/bienvenue\/\" \/>\n<meta property=\"og:site_name\" content=\"Mieux \u00eatre\" \/>\n<meta property=\"article:modified_time\" content=\"2023-12-26T11:39:15+00:00\" \/>\n<meta property=\"og:image\" content=\"https:\/\/forbetterbeing.com\/wp-content\/uploads\/2016\/11\/bio_big-240x300.jpg\" \/>\n<meta name=\"twitter:card\" content=\"summary_large_image\" \/>\n<meta name=\"twitter:label1\" content=\"Est. reading time\" \/>\n\t<meta name=\"twitter:data1\" content=\"2 minutes\" \/>\n<script type=\"application\/ld+json\" class=\"yoast-schema-graph\">{\"@context\":\"https:\\\/\\\/schema.org\",\"@graph\":[{\"@type\":\"WebPage\",\"@id\":\"https:\\\/\\\/forbetterbeing.com\\\/index.php\\\/fr\\\/bienvenue\\\/\",\"url\":\"https:\\\/\\\/forbetterbeing.com\\\/index.php\\\/fr\\\/bienvenue\\\/\",\"name\":\"Accueil - Mieux \u00eatre\",\"isPartOf\":{\"@id\":\"https:\\\/\\\/forbetterbeing.com\\\/#website\"},\"primaryImageOfPage\":{\"@id\":\"https:\\\/\\\/forbetterbeing.com\\\/index.php\\\/fr\\\/bienvenue\\\/#primaryimage\"},\"image\":{\"@id\":\"https:\\\/\\\/forbetterbeing.com\\\/index.php\\\/fr\\\/bienvenue\\\/#primaryimage\"},\"thumbnailUrl\":\"https:\\\/\\\/forbetterbeing.com\\\/wp-content\\\/uploads\\\/2016\\\/11\\\/bio_big-240x300.jpg\",\"datePublished\":\"2016-11-24T23:29:19+00:00\",\"dateModified\":\"2023-12-26T11:39:15+00:00\",\"description\":\"Florence Debout physioth\u00e9rapeute sportif, professeur de yoga et conseill\u00e8re de sant\u00e9 Anga\u00efs, Pyr\u00e9n\u00e9es-Atlantiques , France\",\"breadcrumb\":{\"@id\":\"https:\\\/\\\/forbetterbeing.com\\\/index.php\\\/fr\\\/bienvenue\\\/#breadcrumb\"},\"inLanguage\":\"en-US\",\"potentialAction\":[{\"@type\":\"ReadAction\",\"target\":[\"https:\\\/\\\/forbetterbeing.com\\\/index.php\\\/fr\\\/bienvenue\\\/\"]}]},{\"@type\":\"ImageObject\",\"inLanguage\":\"en-US\",\"@id\":\"https:\\\/\\\/forbetterbeing.com\\\/index.php\\\/fr\\\/bienvenue\\\/#primaryimage\",\"url\":\"https:\\\/\\\/forbetterbeing.com\\\/wp-content\\\/uploads\\\/2016\\\/11\\\/bio_big.jpg\",\"contentUrl\":\"https:\\\/\\\/forbetterbeing.com\\\/wp-content\\\/uploads\\\/2016\\\/11\\\/bio_big.jpg\",\"width\":500,\"height\":625},{\"@type\":\"BreadcrumbList\",\"@id\":\"https:\\\/\\\/forbetterbeing.com\\\/index.php\\\/fr\\\/bienvenue\\\/#breadcrumb\",\"itemListElement\":[{\"@type\":\"ListItem\",\"position\":1,\"name\":\"Home\",\"item\":\"https:\\\/\\\/forbetterbeing.com\\\/index.php\\\/en\\\/home\\\/\"},{\"@type\":\"ListItem\",\"position\":2,\"name\":\"Accueil\"}]},{\"@type\":\"WebSite\",\"@id\":\"https:\\\/\\\/forbetterbeing.com\\\/#website\",\"url\":\"https:\\\/\\\/forbetterbeing.com\\\/\",\"name\":\"Mieux \u00eatre\",\"description\":\"Massage, Yoga, Mindfulness\",\"publisher\":{\"@id\":\"https:\\\/\\\/forbetterbeing.com\\\/#\\\/schema\\\/person\\\/a726b0b7f0859b6cbd3e347c25a08642\"},\"potentialAction\":[{\"@type\":\"SearchAction\",\"target\":{\"@type\":\"EntryPoint\",\"urlTemplate\":\"https:\\\/\\\/forbetterbeing.com\\\/?s={search_term_string}\"},\"query-input\":{\"@type\":\"PropertyValueSpecification\",\"valueRequired\":true,\"valueName\":\"search_term_string\"}}],\"inLanguage\":\"en-US\"},{\"@type\":[\"Person\",\"Organization\"],\"@id\":\"https:\\\/\\\/forbetterbeing.com\\\/#\\\/schema\\\/person\\\/a726b0b7f0859b6cbd3e347c25a08642\",\"name\":\"wingedprincess\",\"image\":{\"@type\":\"ImageObject\",\"inLanguage\":\"en-US\",\"@id\":\"https:\\\/\\\/secure.gravatar.com\\\/avatar\\\/4f237bb229c5fccbb1ce1a6c89dd0f1852cc8b6a835b0aa52fbd0ba65345127d?s=96&d=mm&r=g\",\"url\":\"https:\\\/\\\/secure.gravatar.com\\\/avatar\\\/4f237bb229c5fccbb1ce1a6c89dd0f1852cc8b6a835b0aa52fbd0ba65345127d?s=96&d=mm&r=g\",\"contentUrl\":\"https:\\\/\\\/secure.gravatar.com\\\/avatar\\\/4f237bb229c5fccbb1ce1a6c89dd0f1852cc8b6a835b0aa52fbd0ba65345127d?s=96&d=mm&r=g\",\"caption\":\"wingedprincess\"},\"logo\":{\"@id\":\"https:\\\/\\\/secure.gravatar.com\\\/avatar\\\/4f237bb229c5fccbb1ce1a6c89dd0f1852cc8b6a835b0aa52fbd0ba65345127d?s=96&d=mm&r=g\"}}]}<\/script>\n<!-- \/ Yoast SEO plugin. -->","yoast_head_json":{"title":"Accueil - Mieux \u00eatre","description":"Florence Debout physioth\u00e9rapeute sportif, professeur de yoga et conseill\u00e8re de sant\u00e9 Anga\u00efs, Pyr\u00e9n\u00e9es-Atlantiques , France","robots":{"index":"index","follow":"follow","max-snippet":"max-snippet:-1","max-image-preview":"max-image-preview:large","max-video-preview":"max-video-preview:-1"},"canonical":"https:\/\/forbetterbeing.com\/index.php\/fr\/bienvenue\/","og_locale":"en_US","og_type":"article","og_title":"Accueil - Mieux \u00eatre","og_description":"Florence Debout physioth\u00e9rapeute sportif, professeur de yoga et conseill\u00e8re de sant\u00e9 Anga\u00efs, Pyr\u00e9n\u00e9es-Atlantiques , France","og_url":"https:\/\/forbetterbeing.com\/index.php\/fr\/bienvenue\/","og_site_name":"Mieux \u00eatre","article_modified_time":"2023-12-26T11:39:15+00:00","og_image":[{"url":"https:\/\/forbetterbeing.com\/wp-content\/uploads\/2016\/11\/bio_big-240x300.jpg","type":"","width":"","height":""}],"twitter_card":"summary_large_image","twitter_misc":{"Est. reading time":"2 minutes"},"schema":{"@context":"https:\/\/schema.org","@graph":[{"@type":"WebPage","@id":"https:\/\/forbetterbeing.com\/index.php\/fr\/bienvenue\/","url":"https:\/\/forbetterbeing.com\/index.php\/fr\/bienvenue\/","name":"Accueil - Mieux \u00eatre","isPartOf":{"@id":"https:\/\/forbetterbeing.com\/#website"},"primaryImageOfPage":{"@id":"https:\/\/forbetterbeing.com\/index.php\/fr\/bienvenue\/#primaryimage"},"image":{"@id":"https:\/\/forbetterbeing.com\/index.php\/fr\/bienvenue\/#primaryimage"},"thumbnailUrl":"https:\/\/forbetterbeing.com\/wp-content\/uploads\/2016\/11\/bio_big-240x300.jpg","datePublished":"2016-11-24T23:29:19+00:00","dateModified":"2023-12-26T11:39:15+00:00","description":"Florence Debout physioth\u00e9rapeute sportif, professeur de yoga et conseill\u00e8re de sant\u00e9 Anga\u00efs, Pyr\u00e9n\u00e9es-Atlantiques , France","breadcrumb":{"@id":"https:\/\/forbetterbeing.com\/index.php\/fr\/bienvenue\/#breadcrumb"},"inLanguage":"en-US","potentialAction":[{"@type":"ReadAction","target":["https:\/\/forbetterbeing.com\/index.php\/fr\/bienvenue\/"]}]},{"@type":"ImageObject","inLanguage":"en-US","@id":"https:\/\/forbetterbeing.com\/index.php\/fr\/bienvenue\/#primaryimage","url":"https:\/\/forbetterbeing.com\/wp-content\/uploads\/2016\/11\/bio_big.jpg","contentUrl":"https:\/\/forbetterbeing.com\/wp-content\/uploads\/2016\/11\/bio_big.jpg","width":500,"height":625},{"@type":"BreadcrumbList","@id":"https:\/\/forbetterbeing.com\/index.php\/fr\/bienvenue\/#breadcrumb","itemListElement":[{"@type":"ListItem","position":1,"name":"Home","item":"https:\/\/forbetterbeing.com\/index.php\/en\/home\/"},{"@type":"ListItem","position":2,"name":"Accueil"}]},{"@type":"WebSite","@id":"https:\/\/forbetterbeing.com\/#website","url":"https:\/\/forbetterbeing.com\/","name":"Mieux \u00eatre","description":"Massage, Yoga, Mindfulness","publisher":{"@id":"https:\/\/forbetterbeing.com\/#\/schema\/person\/a726b0b7f0859b6cbd3e347c25a08642"},"potentialAction":[{"@type":"SearchAction","target":{"@type":"EntryPoint","urlTemplate":"https:\/\/forbetterbeing.com\/?s={search_term_string}"},"query-input":{"@type":"PropertyValueSpecification","valueRequired":true,"valueName":"search_term_string"}}],"inLanguage":"en-US"},{"@type":["Person","Organization"],"@id":"https:\/\/forbetterbeing.com\/#\/schema\/person\/a726b0b7f0859b6cbd3e347c25a08642","name":"wingedprincess","image":{"@type":"ImageObject","inLanguage":"en-US","@id":"https:\/\/secure.gravatar.com\/avatar\/4f237bb229c5fccbb1ce1a6c89dd0f1852cc8b6a835b0aa52fbd0ba65345127d?s=96&d=mm&r=g","url":"https:\/\/secure.gravatar.com\/avatar\/4f237bb229c5fccbb1ce1a6c89dd0f1852cc8b6a835b0aa52fbd0ba65345127d?s=96&d=mm&r=g","contentUrl":"https:\/\/secure.gravatar.com\/avatar\/4f237bb229c5fccbb1ce1a6c89dd0f1852cc8b6a835b0aa52fbd0ba65345127d?s=96&d=mm&r=g","caption":"wingedprincess"},"logo":{"@id":"https:\/\/secure.gravatar.com\/avatar\/4f237bb229c5fccbb1ce1a6c89dd0f1852cc8b6a835b0aa52fbd0ba65345127d?s=96&d=mm&r=g"}}]}},"_links":{"self":[{"href":"https:\/\/forbetterbeing.com\/index.php\/wp-json\/wp\/v2\/pages\/83","targetHints":{"allow":["GET"]}}],"collection":[{"href":"https:\/\/forbetterbeing.com\/index.php\/wp-json\/wp\/v2\/pages"}],"about":[{"href":"https:\/\/forbetterbeing.com\/index.php\/wp-json\/wp\/v2\/types\/page"}],"author":[{"embeddable":true,"href":"https:\/\/forbetterbeing.com\/index.php\/wp-json\/wp\/v2\/users\/1"}],"replies":[{"embeddable":true,"href":"https:\/\/forbetterbeing.com\/index.php\/wp-json\/wp\/v2\/comments?post=83"}],"version-history":[{"count":23,"href":"https:\/\/forbetterbeing.com\/index.php\/wp-json\/wp\/v2\/pages\/83\/revisions"}],"predecessor-version":[{"id":1137,"href":"https:\/\/forbetterbeing.com\/index.php\/wp-json\/wp\/v2\/pages\/83\/revisions\/1137"}],"wp:attachment":[{"href":"https:\/\/forbetterbeing.com\/index.php\/wp-json\/wp\/v2\/media?parent=83"}],"curies":[{"name":"wp","href":"https:\/\/api.w.org\/{rel}","templated":true}]}}