{"id":997,"date":"2022-04-10T18:23:50","date_gmt":"2022-04-10T18:23:50","guid":{"rendered":"https:\/\/forbetterbeing.com\/?page_id=997"},"modified":"2022-04-13T11:10:51","modified_gmt":"2022-04-13T11:10:51","slug":"pleine-conscience","status":"publish","type":"page","link":"https:\/\/forbetterbeing.com\/index.php\/fr\/pleine-conscience\/","title":{"rendered":"Mindfulness"},"content":{"rendered":"\n<figure class=\"wp-block-image size-full is-resized\"><a href=\"https:\/\/forbetterbeing.com\/wp-content\/uploads\/2022\/04\/pp.jpg\"><img loading=\"lazy\" decoding=\"async\" src=\"https:\/\/forbetterbeing.com\/wp-content\/uploads\/2022\/04\/pp.jpg\" alt=\"\" class=\"wp-image-998\" width=\"633\" height=\"239\" srcset=\"https:\/\/forbetterbeing.com\/wp-content\/uploads\/2022\/04\/pp.jpg 468w, https:\/\/forbetterbeing.com\/wp-content\/uploads\/2022\/04\/pp-300x113.jpg 300w\" sizes=\"auto, (max-width: 633px) 100vw, 633px\" \/><\/a><\/figure>\n\n\n\n<p>Le personnel de soutien a besoin de personnel de soutien. La Paix R\u00e9fl\u00e9chie offre des outils pragmatiques de gestion du stress au personnel humanitaire des Nations Unies. Ces outils leur permettent de prendre soin de leur propre bien-\u00eatre physique et mental, pour qu\u2019en retour ils puissent prendre soin des autres de fa\u00e7on efficace.&nbsp;&nbsp;<\/p>\n\n\n\n<p>Florence traduit et facilite des ateliers de mouvement et de m\u00e9ditation en Pleine Conscience pour les employ\u00e9s des diverses agences de l\u2019ONU.<\/p>\n\n\n\n<p><a href=\"https:\/\/unfoundation.org\/peace-on-purpose\/\" target=\"_blank\" rel=\"noreferrer noopener\">https:\/\/unfoundation.org\/peace-on-purpose<\/a><\/p>\n","protected":false},"excerpt":{"rendered":"<p>Le personnel de soutien a besoin de personnel de soutien. La Paix R\u00e9fl\u00e9chie offre des outils pragmatiques de gestion du stress au personnel humanitaire des Nations Unies. Ces outils leur permettent de prendre soin de leur propre bien-\u00eatre physique et mental, pour qu\u2019en retour ils puissent prendre soin des autres de fa\u00e7on efficace.&nbsp;&nbsp; Florence traduit &hellip; <a href=\"https:\/\/forbetterbeing.com\/index.php\/fr\/pleine-conscience\/\" class=\"more-link\">Continue reading <span class=\"screen-reader-text\">Mindfulness<\/span> <span class=\"meta-nav\">&rarr;<\/span><\/a><\/p>\n","protected":false},"author":1,"featured_media":0,"parent":0,"menu_order":0,"comment_status":"closed","ping_status":"closed","template":"","meta":{"footnotes":""},"class_list":["post-997","page","type-page","status-publish","hentry"],"yoast_head":"<!-- This site is optimized with the Yoast SEO plugin v27.4 - https:\/\/yoast.com\/product\/yoast-seo-wordpress\/ -->\n<title>Mindfulness - Mieux \u00eatre<\/title>\n<meta name=\"description\" content=\"Florence Debout, Peace on Purpose Pleine Conscience mouvement et de m\u00e9ditation en Pleine Conscience prendre soin de leur propre bien-\u00eatre physique et mental\" \/>\n<meta name=\"robots\" content=\"index, follow, max-snippet:-1, max-image-preview:large, max-video-preview:-1\" \/>\n<link rel=\"canonical\" href=\"https:\/\/forbetterbeing.com\/index.php\/fr\/pleine-conscience\/\" \/>\n<meta property=\"og:locale\" content=\"en_US\" \/>\n<meta property=\"og:type\" content=\"article\" \/>\n<meta property=\"og:title\" content=\"Mindfulness - Mieux \u00eatre\" \/>\n<meta property=\"og:description\" content=\"Florence Debout, Peace on Purpose Pleine Conscience mouvement et de m\u00e9ditation en Pleine Conscience prendre soin de leur propre bien-\u00eatre physique et mental\" \/>\n<meta property=\"og:url\" content=\"https:\/\/forbetterbeing.com\/index.php\/fr\/pleine-conscience\/\" \/>\n<meta property=\"og:site_name\" content=\"Mieux \u00eatre\" \/>\n<meta property=\"article:modified_time\" content=\"2022-04-13T11:10:51+00:00\" \/>\n<meta property=\"og:image\" content=\"https:\/\/forbetterbeing.com\/wp-content\/uploads\/2022\/04\/pp.jpg\" \/>\n<meta name=\"twitter:card\" content=\"summary_large_image\" \/>\n<meta name=\"twitter:label1\" content=\"Est. reading time\" \/>\n\t<meta name=\"twitter:data1\" content=\"1 minute\" \/>\n<script type=\"application\/ld+json\" class=\"yoast-schema-graph\">{\"@context\":\"https:\\\/\\\/schema.org\",\"@graph\":[{\"@type\":\"WebPage\",\"@id\":\"https:\\\/\\\/forbetterbeing.com\\\/index.php\\\/fr\\\/pleine-conscience\\\/\",\"url\":\"https:\\\/\\\/forbetterbeing.com\\\/index.php\\\/fr\\\/pleine-conscience\\\/\",\"name\":\"Mindfulness - Mieux \u00eatre\",\"isPartOf\":{\"@id\":\"https:\\\/\\\/forbetterbeing.com\\\/#website\"},\"primaryImageOfPage\":{\"@id\":\"https:\\\/\\\/forbetterbeing.com\\\/index.php\\\/fr\\\/pleine-conscience\\\/#primaryimage\"},\"image\":{\"@id\":\"https:\\\/\\\/forbetterbeing.com\\\/index.php\\\/fr\\\/pleine-conscience\\\/#primaryimage\"},\"thumbnailUrl\":\"https:\\\/\\\/forbetterbeing.com\\\/wp-content\\\/uploads\\\/2022\\\/04\\\/pp.jpg\",\"datePublished\":\"2022-04-10T18:23:50+00:00\",\"dateModified\":\"2022-04-13T11:10:51+00:00\",\"description\":\"Florence Debout, Peace on Purpose Pleine Conscience mouvement et de m\u00e9ditation en Pleine Conscience prendre soin de leur propre bien-\u00eatre physique et mental\",\"breadcrumb\":{\"@id\":\"https:\\\/\\\/forbetterbeing.com\\\/index.php\\\/fr\\\/pleine-conscience\\\/#breadcrumb\"},\"inLanguage\":\"en-US\",\"potentialAction\":[{\"@type\":\"ReadAction\",\"target\":[\"https:\\\/\\\/forbetterbeing.com\\\/index.php\\\/fr\\\/pleine-conscience\\\/\"]}]},{\"@type\":\"ImageObject\",\"inLanguage\":\"en-US\",\"@id\":\"https:\\\/\\\/forbetterbeing.com\\\/index.php\\\/fr\\\/pleine-conscience\\\/#primaryimage\",\"url\":\"https:\\\/\\\/forbetterbeing.com\\\/wp-content\\\/uploads\\\/2022\\\/04\\\/pp.jpg\",\"contentUrl\":\"https:\\\/\\\/forbetterbeing.com\\\/wp-content\\\/uploads\\\/2022\\\/04\\\/pp.jpg\",\"width\":468,\"height\":177},{\"@type\":\"BreadcrumbList\",\"@id\":\"https:\\\/\\\/forbetterbeing.com\\\/index.php\\\/fr\\\/pleine-conscience\\\/#breadcrumb\",\"itemListElement\":[{\"@type\":\"ListItem\",\"position\":1,\"name\":\"Home\",\"item\":\"https:\\\/\\\/forbetterbeing.com\\\/index.php\\\/en\\\/home\\\/\"},{\"@type\":\"ListItem\",\"position\":2,\"name\":\"Mindfulness\"}]},{\"@type\":\"WebSite\",\"@id\":\"https:\\\/\\\/forbetterbeing.com\\\/#website\",\"url\":\"https:\\\/\\\/forbetterbeing.com\\\/\",\"name\":\"Mieux \u00eatre\",\"description\":\"Massage, Yoga, Mindfulness\",\"publisher\":{\"@id\":\"https:\\\/\\\/forbetterbeing.com\\\/#\\\/schema\\\/person\\\/a726b0b7f0859b6cbd3e347c25a08642\"},\"potentialAction\":[{\"@type\":\"SearchAction\",\"target\":{\"@type\":\"EntryPoint\",\"urlTemplate\":\"https:\\\/\\\/forbetterbeing.com\\\/?s={search_term_string}\"},\"query-input\":{\"@type\":\"PropertyValueSpecification\",\"valueRequired\":true,\"valueName\":\"search_term_string\"}}],\"inLanguage\":\"en-US\"},{\"@type\":[\"Person\",\"Organization\"],\"@id\":\"https:\\\/\\\/forbetterbeing.com\\\/#\\\/schema\\\/person\\\/a726b0b7f0859b6cbd3e347c25a08642\",\"name\":\"wingedprincess\",\"image\":{\"@type\":\"ImageObject\",\"inLanguage\":\"en-US\",\"@id\":\"https:\\\/\\\/secure.gravatar.com\\\/avatar\\\/4f237bb229c5fccbb1ce1a6c89dd0f1852cc8b6a835b0aa52fbd0ba65345127d?s=96&d=mm&r=g\",\"url\":\"https:\\\/\\\/secure.gravatar.com\\\/avatar\\\/4f237bb229c5fccbb1ce1a6c89dd0f1852cc8b6a835b0aa52fbd0ba65345127d?s=96&d=mm&r=g\",\"contentUrl\":\"https:\\\/\\\/secure.gravatar.com\\\/avatar\\\/4f237bb229c5fccbb1ce1a6c89dd0f1852cc8b6a835b0aa52fbd0ba65345127d?s=96&d=mm&r=g\",\"caption\":\"wingedprincess\"},\"logo\":{\"@id\":\"https:\\\/\\\/secure.gravatar.com\\\/avatar\\\/4f237bb229c5fccbb1ce1a6c89dd0f1852cc8b6a835b0aa52fbd0ba65345127d?s=96&d=mm&r=g\"}}]}<\/script>\n<!-- \/ Yoast SEO plugin. -->","yoast_head_json":{"title":"Mindfulness - Mieux \u00eatre","description":"Florence Debout, Peace on Purpose Pleine Conscience mouvement et de m\u00e9ditation en Pleine Conscience prendre soin de leur propre bien-\u00eatre physique et mental","robots":{"index":"index","follow":"follow","max-snippet":"max-snippet:-1","max-image-preview":"max-image-preview:large","max-video-preview":"max-video-preview:-1"},"canonical":"https:\/\/forbetterbeing.com\/index.php\/fr\/pleine-conscience\/","og_locale":"en_US","og_type":"article","og_title":"Mindfulness - Mieux \u00eatre","og_description":"Florence Debout, Peace on Purpose Pleine Conscience mouvement et de m\u00e9ditation en Pleine Conscience prendre soin de leur propre bien-\u00eatre physique et mental","og_url":"https:\/\/forbetterbeing.com\/index.php\/fr\/pleine-conscience\/","og_site_name":"Mieux \u00eatre","article_modified_time":"2022-04-13T11:10:51+00:00","og_image":[{"url":"https:\/\/forbetterbeing.com\/wp-content\/uploads\/2022\/04\/pp.jpg","type":"","width":"","height":""}],"twitter_card":"summary_large_image","twitter_misc":{"Est. reading time":"1 minute"},"schema":{"@context":"https:\/\/schema.org","@graph":[{"@type":"WebPage","@id":"https:\/\/forbetterbeing.com\/index.php\/fr\/pleine-conscience\/","url":"https:\/\/forbetterbeing.com\/index.php\/fr\/pleine-conscience\/","name":"Mindfulness - Mieux \u00eatre","isPartOf":{"@id":"https:\/\/forbetterbeing.com\/#website"},"primaryImageOfPage":{"@id":"https:\/\/forbetterbeing.com\/index.php\/fr\/pleine-conscience\/#primaryimage"},"image":{"@id":"https:\/\/forbetterbeing.com\/index.php\/fr\/pleine-conscience\/#primaryimage"},"thumbnailUrl":"https:\/\/forbetterbeing.com\/wp-content\/uploads\/2022\/04\/pp.jpg","datePublished":"2022-04-10T18:23:50+00:00","dateModified":"2022-04-13T11:10:51+00:00","description":"Florence Debout, Peace on Purpose Pleine Conscience mouvement et de m\u00e9ditation en Pleine Conscience prendre soin de leur propre bien-\u00eatre physique et mental","breadcrumb":{"@id":"https:\/\/forbetterbeing.com\/index.php\/fr\/pleine-conscience\/#breadcrumb"},"inLanguage":"en-US","potentialAction":[{"@type":"ReadAction","target":["https:\/\/forbetterbeing.com\/index.php\/fr\/pleine-conscience\/"]}]},{"@type":"ImageObject","inLanguage":"en-US","@id":"https:\/\/forbetterbeing.com\/index.php\/fr\/pleine-conscience\/#primaryimage","url":"https:\/\/forbetterbeing.com\/wp-content\/uploads\/2022\/04\/pp.jpg","contentUrl":"https:\/\/forbetterbeing.com\/wp-content\/uploads\/2022\/04\/pp.jpg","width":468,"height":177},{"@type":"BreadcrumbList","@id":"https:\/\/forbetterbeing.com\/index.php\/fr\/pleine-conscience\/#breadcrumb","itemListElement":[{"@type":"ListItem","position":1,"name":"Home","item":"https:\/\/forbetterbeing.com\/index.php\/en\/home\/"},{"@type":"ListItem","position":2,"name":"Mindfulness"}]},{"@type":"WebSite","@id":"https:\/\/forbetterbeing.com\/#website","url":"https:\/\/forbetterbeing.com\/","name":"Mieux \u00eatre","description":"Massage, Yoga, Mindfulness","publisher":{"@id":"https:\/\/forbetterbeing.com\/#\/schema\/person\/a726b0b7f0859b6cbd3e347c25a08642"},"potentialAction":[{"@type":"SearchAction","target":{"@type":"EntryPoint","urlTemplate":"https:\/\/forbetterbeing.com\/?s={search_term_string}"},"query-input":{"@type":"PropertyValueSpecification","valueRequired":true,"valueName":"search_term_string"}}],"inLanguage":"en-US"},{"@type":["Person","Organization"],"@id":"https:\/\/forbetterbeing.com\/#\/schema\/person\/a726b0b7f0859b6cbd3e347c25a08642","name":"wingedprincess","image":{"@type":"ImageObject","inLanguage":"en-US","@id":"https:\/\/secure.gravatar.com\/avatar\/4f237bb229c5fccbb1ce1a6c89dd0f1852cc8b6a835b0aa52fbd0ba65345127d?s=96&d=mm&r=g","url":"https:\/\/secure.gravatar.com\/avatar\/4f237bb229c5fccbb1ce1a6c89dd0f1852cc8b6a835b0aa52fbd0ba65345127d?s=96&d=mm&r=g","contentUrl":"https:\/\/secure.gravatar.com\/avatar\/4f237bb229c5fccbb1ce1a6c89dd0f1852cc8b6a835b0aa52fbd0ba65345127d?s=96&d=mm&r=g","caption":"wingedprincess"},"logo":{"@id":"https:\/\/secure.gravatar.com\/avatar\/4f237bb229c5fccbb1ce1a6c89dd0f1852cc8b6a835b0aa52fbd0ba65345127d?s=96&d=mm&r=g"}}]}},"_links":{"self":[{"href":"https:\/\/forbetterbeing.com\/index.php\/wp-json\/wp\/v2\/pages\/997","targetHints":{"allow":["GET"]}}],"collection":[{"href":"https:\/\/forbetterbeing.com\/index.php\/wp-json\/wp\/v2\/pages"}],"about":[{"href":"https:\/\/forbetterbeing.com\/index.php\/wp-json\/wp\/v2\/types\/page"}],"author":[{"embeddable":true,"href":"https:\/\/forbetterbeing.com\/index.php\/wp-json\/wp\/v2\/users\/1"}],"replies":[{"embeddable":true,"href":"https:\/\/forbetterbeing.com\/index.php\/wp-json\/wp\/v2\/comments?post=997"}],"version-history":[{"count":5,"href":"https:\/\/forbetterbeing.com\/index.php\/wp-json\/wp\/v2\/pages\/997\/revisions"}],"predecessor-version":[{"id":1059,"href":"https:\/\/forbetterbeing.com\/index.php\/wp-json\/wp\/v2\/pages\/997\/revisions\/1059"}],"wp:attachment":[{"href":"https:\/\/forbetterbeing.com\/index.php\/wp-json\/wp\/v2\/media?parent=997"}],"curies":[{"name":"wp","href":"https:\/\/api.w.org\/{rel}","templated":true}]}}